{"id":8,"date":"2022-09-08T20:36:36","date_gmt":"2022-09-08T18:36:36","guid":{"rendered":"https:\/\/api-colomiers.com\/victorhugo\/?page_id=8"},"modified":"2024-09-03T15:54:07","modified_gmt":"2024-09-03T13:54:07","slug":"a-propos-de","status":"publish","type":"page","link":"https:\/\/api-colomiers.com\/victorhugo\/a-propos-de\/","title":{"rendered":"\u00c0 propos de API"},"content":{"rendered":"\n<p><strong>Association de Parents d&rsquo;\u00e9l\u00e8ves Ind\u00e9pendants<\/strong> &#8211; <strong>Cit\u00e9 Scolaire VICTOR HUGO<\/strong> <strong>Colomiers<\/strong><\/p>\n\n\n\n<h2 class=\"wp-block-heading\"><strong>Qui sommes-nous<\/strong><strong>&nbsp;?<\/strong>&nbsp;<\/h2>\n\n\n\n<p>Nous<strong> <\/strong>sommes une nouvelle \u00e9quipe dynamique et motiv\u00e9e qui propose de participer \u00e0 la vie de l&rsquo;\u00e9tablissement, de faire le lien entre les parents, les enseignants, l\u2019administration, et les autres partenaires afin de contribuer au bien-\u00eatre de tous les enfants au sein du coll\u00e8ge (et du lyc\u00e9e \u00e0 partir de la rentr\u00e9e 2023), et \u00e0 la compr\u00e9hension de son fonctionnement.<\/p>\n\n\n\n<figure class=\"wp-block-image aligncenter size-large\"><a href=\"https:\/\/api-colomiers.com\/victorhugo\/wp-content\/uploads\/2023\/09\/ReseauAPI-Colomiers.webp\"><img loading=\"lazy\" decoding=\"async\" width=\"1024\" height=\"721\" src=\"http:\/\/api-colomiers.com\/victorhugo\/wp-content\/uploads\/2023\/09\/ReseauAPI-Colomiers-1024x721.webp\" alt=\"\" class=\"wp-image-533\" srcset=\"https:\/\/api-colomiers.com\/victorhugo\/wp-content\/uploads\/2023\/09\/ReseauAPI-Colomiers-1024x721.webp 1024w, https:\/\/api-colomiers.com\/victorhugo\/wp-content\/uploads\/2023\/09\/ReseauAPI-Colomiers-300x211.webp 300w, https:\/\/api-colomiers.com\/victorhugo\/wp-content\/uploads\/2023\/09\/ReseauAPI-Colomiers-768x541.webp 768w, https:\/\/api-colomiers.com\/victorhugo\/wp-content\/uploads\/2023\/09\/ReseauAPI-Colomiers.webp 1209w\" sizes=\"auto, (max-width: 1024px) 100vw, 1024px\" \/><\/a><\/figure>\n\n\n\n<h2 class=\"wp-block-heading\"><strong>Quel r\u00f4le et quelles actions<\/strong><strong>&nbsp;?<\/strong><\/h2>\n\n\n\n<figure class=\"wp-block-image aligncenter size-full\"><a href=\"https:\/\/api-colomiers.com\/victorhugo\/wp-content\/uploads\/2023\/09\/presentation_API_Colomiers_2023_2.webp\"><img loading=\"lazy\" decoding=\"async\" width=\"800\" height=\"565\" src=\"http:\/\/api-colomiers.com\/victorhugo\/wp-content\/uploads\/2023\/09\/presentation_API_Colomiers_2023_2.webp\" alt=\"\" class=\"wp-image-534\" srcset=\"https:\/\/api-colomiers.com\/victorhugo\/wp-content\/uploads\/2023\/09\/presentation_API_Colomiers_2023_2.webp 800w, https:\/\/api-colomiers.com\/victorhugo\/wp-content\/uploads\/2023\/09\/presentation_API_Colomiers_2023_2-300x212.webp 300w, https:\/\/api-colomiers.com\/victorhugo\/wp-content\/uploads\/2023\/09\/presentation_API_Colomiers_2023_2-768x542.webp 768w\" sizes=\"auto, (max-width: 800px) 100vw, 800px\" \/><\/a><\/figure>\n\n\n\n<h2 class=\"wp-block-heading\"><strong>Nos priorit\u00e9s<\/strong><\/h2>\n\n\n\n<ul class=\"wp-block-list\">\n<li><strong>Cr\u00e9er<\/strong> une base solide pour notre nouvelle association de parents<\/li>\n\n\n\n<li><strong>\u00c9tablir <\/strong>des liens forts avec les parents, l&rsquo;\u00e9tablissement, la communaut\u00e9 et toutes les autres associations actives dans et autour la cit\u00e9 scolaire Victor Hugo Colomiers<\/li>\n\n\n\n<li><strong>S&rsquo;investir<\/strong> pour la s\u00e9curit\u00e9 des enfants (internes et externes a l&rsquo;\u00e9tablissement).<\/li>\n\n\n\n<li><strong>Demander <\/strong>le remplacement imm\u00e9diat des enseignant.e.s en cas d&rsquo;absence.<\/li>\n\n\n\n<li><strong>Communiquer\/diffuser<\/strong> en temps r\u00e9el des informations concernant l&rsquo;\u00e9cole via notre page Facebook et notre site internet (horaires, compte-rendu des conseils, annonces sur l\u2019organisation des \u00e9v\u00e9nements ou dates \u00e0 venir).<\/li>\n<\/ul>\n\n\n\n<figure class=\"wp-block-image aligncenter size-large\"><a href=\"https:\/\/api-colomiers.com\/victorhugo\/wp-content\/uploads\/2023\/09\/WhatsApp-Image-2023-08-31-at-22.06.21.webp\"><img loading=\"lazy\" decoding=\"async\" width=\"1024\" height=\"980\" src=\"http:\/\/api-colomiers.com\/victorhugo\/wp-content\/uploads\/2023\/09\/WhatsApp-Image-2023-08-31-at-22.06.21-1024x980.webp\" alt=\"\" class=\"wp-image-532\" srcset=\"https:\/\/api-colomiers.com\/victorhugo\/wp-content\/uploads\/2023\/09\/WhatsApp-Image-2023-08-31-at-22.06.21-1024x980.webp 1024w, https:\/\/api-colomiers.com\/victorhugo\/wp-content\/uploads\/2023\/09\/WhatsApp-Image-2023-08-31-at-22.06.21-300x287.webp 300w, https:\/\/api-colomiers.com\/victorhugo\/wp-content\/uploads\/2023\/09\/WhatsApp-Image-2023-08-31-at-22.06.21-768x735.webp 768w, https:\/\/api-colomiers.com\/victorhugo\/wp-content\/uploads\/2023\/09\/WhatsApp-Image-2023-08-31-at-22.06.21-1536x1471.webp 1536w, https:\/\/api-colomiers.com\/victorhugo\/wp-content\/uploads\/2023\/09\/WhatsApp-Image-2023-08-31-at-22.06.21.webp 1600w\" sizes=\"auto, (max-width: 1024px) 100vw, 1024px\" \/><\/a><\/figure>\n\n\n\n<p class=\"has-text-align-center has-medium-font-size\"><strong><a rel=\"noreferrer noopener\" href=\"https:\/\/api-colomiers.com\/api\/2020\/09\/20\/adhesion-statuts-et-reglement-interieur-tout-est-en-ligne\/\" data-type=\"URL\" data-id=\"https:\/\/api-colomiers.com\/api\/2020\/09\/20\/adhesion-statuts-et-reglement-interieur-tout-est-en-ligne\/\" target=\"_blank\">Adh\u00e9rer<\/a>, c&rsquo;est d\u00e9j\u00e0 participer \u00e0 la scolarit\u00e9 de vos enfants&nbsp;!<\/strong> <a href=\"https:\/\/api-colomiers.com\/api\/2020\/09\/20\/adhesion-statuts-et-reglement-interieur-tout-est-en-ligne\/\" data-type=\"URL\" data-id=\"https:\/\/api-colomiers.com\/api\/2020\/09\/20\/adhesion-statuts-et-reglement-interieur-tout-est-en-ligne\/\" target=\"_blank\" rel=\"noreferrer noopener\">Cliquez ici<\/a><\/p>\n\n\n\n<figure class=\"wp-block-image aligncenter size-large is-resized\"><img loading=\"lazy\" decoding=\"async\" width=\"1024\" height=\"819\" src=\"http:\/\/api-colomiers.com\/victorhugo\/wp-content\/uploads\/2022\/09\/hands-1024x819.webp\" alt=\"\" class=\"wp-image-134\" style=\"width:768px;height:614px\" srcset=\"https:\/\/api-colomiers.com\/victorhugo\/wp-content\/uploads\/2022\/09\/hands-1024x819.webp 1024w, https:\/\/api-colomiers.com\/victorhugo\/wp-content\/uploads\/2022\/09\/hands-300x240.webp 300w, https:\/\/api-colomiers.com\/victorhugo\/wp-content\/uploads\/2022\/09\/hands-768x614.webp 768w, https:\/\/api-colomiers.com\/victorhugo\/wp-content\/uploads\/2022\/09\/hands-1536x1229.webp 1536w, https:\/\/api-colomiers.com\/victorhugo\/wp-content\/uploads\/2022\/09\/hands.webp 1619w\" sizes=\"auto, (max-width: 1024px) 100vw, 1024px\" \/><\/figure>\n\n\n\n<p><em>N&rsquo;h\u00e9sitez pas \u00e0 nous contacter pour toute question ou information&nbsp;:<\/em><\/p>\n\n\n\n<p><strong>E-mail \u00e9quipe coll\u00e8ge &amp; lyc\u00e9e :<\/strong> <a href=\"mailto:api.colomiers.victorhugo@gmail.com\" target=\"_blank\" rel=\"noreferrer noopener\">api.colomiers.victorhugo@gmail.com<\/a><\/p>\n\n\n\n<p><strong>Site Internet&nbsp;:<\/strong>&nbsp;<a href=\"https:\/\/api-colomiers.com\/victorhugo\/\" target=\"_blank\" rel=\"noreferrer noopener\">API Cit\u00e9 Scolaire Victor Hugo<\/a><\/p>\n\n\n\n<p><strong>Page Facebook&nbsp;:&nbsp;<\/strong><a href=\"https:\/\/www.facebook.com\/API-Colomiers-Coll%C3%A8ge-Victor-Hugo-107224628785294\" target=\"_blank\" rel=\"noreferrer noopener\">API-Colomiers-Coll\u00e8ge-Victor-Hugo<\/a><\/p>\n\n\n\n<p><strong>Et au coll\u00e8ge<\/strong> Victor Hugo de Colomiers<br>33 BOULEVARD VICTOR HUGO <br>31773 COLOMIERS CEDEX<\/p>\n","protected":false},"excerpt":{"rendered":"<p>Association de Parents d&rsquo;\u00e9l\u00e8ves Ind\u00e9pendants &#8211; Cit\u00e9 Scolaire VICTOR HUGO Colomiers Qui sommes-nous&nbsp;?&nbsp; Nous sommes une nouvelle \u00e9quipe dynamique et motiv\u00e9e qui propose de participer \u00e0 la vie de l&rsquo;\u00e9tablissement, de faire le lien entre les parents, les enseignants, l\u2019administration,<\/p>\n","protected":false},"author":3,"featured_media":134,"parent":0,"menu_order":0,"comment_status":"closed","ping_status":"closed","template":"","meta":{"_seopress_robots_primary_cat":"","_seopress_titles_title":"","_seopress_titles_desc":"","_seopress_robots_index":"","footnotes":""},"class_list":["post-8","page","type-page","status-publish","has-post-thumbnail","hentry"],"_links":{"self":[{"href":"https:\/\/api-colomiers.com\/victorhugo\/wp-json\/wp\/v2\/pages\/8","targetHints":{"allow":["GET"]}}],"collection":[{"href":"https:\/\/api-colomiers.com\/victorhugo\/wp-json\/wp\/v2\/pages"}],"about":[{"href":"https:\/\/api-colomiers.com\/victorhugo\/wp-json\/wp\/v2\/types\/page"}],"author":[{"embeddable":true,"href":"https:\/\/api-colomiers.com\/victorhugo\/wp-json\/wp\/v2\/users\/3"}],"replies":[{"embeddable":true,"href":"https:\/\/api-colomiers.com\/victorhugo\/wp-json\/wp\/v2\/comments?post=8"}],"version-history":[{"count":12,"href":"https:\/\/api-colomiers.com\/victorhugo\/wp-json\/wp\/v2\/pages\/8\/revisions"}],"predecessor-version":[{"id":862,"href":"https:\/\/api-colomiers.com\/victorhugo\/wp-json\/wp\/v2\/pages\/8\/revisions\/862"}],"wp:featuredmedia":[{"embeddable":true,"href":"https:\/\/api-colomiers.com\/victorhugo\/wp-json\/wp\/v2\/media\/134"}],"wp:attachment":[{"href":"https:\/\/api-colomiers.com\/victorhugo\/wp-json\/wp\/v2\/media?parent=8"}],"curies":[{"name":"wp","href":"https:\/\/api.w.org\/{rel}","templated":true}]}}