{"id":72,"date":"2022-09-09T11:45:03","date_gmt":"2022-09-09T09:45:03","guid":{"rendered":"https:\/\/api-colomiers.com\/victorhugo\/?page_id=72"},"modified":"2025-09-20T00:01:58","modified_gmt":"2025-09-19T22:01:58","slug":"le-college-victor-hugo","status":"publish","type":"page","link":"https:\/\/api-colomiers.com\/victorhugo\/le-college-victor-hugo\/","title":{"rendered":"Le coll\u00e8ge Victor Hugo"},"content":{"rendered":"\n<figure class=\"wp-block-table is-style-stripes\"><table class=\"has-fixed-layout\"><tbody><tr><td><strong>Coordonn\u00e9es de l&rsquo;\u00e9tablissement\uff1a<\/strong><br>Coll\u00e8ge Victor Hugo<br>33, Boulevard Victor Hugo<br>BP 50317<br>31773 Colomiers C\u00e9dex&nbsp;&nbsp;&nbsp;<br>Voir sur <a rel=\"noreferrer noopener\" href=\"https:\/\/goo.gl\/maps\/97rwm4G5mw26AwqS7\" target=\"_blank\">Google Maps<\/a><\/td><td><strong>T\u00e9l\u00e9phone <\/strong>: 05.61.15.94.94<br><br><strong>Email <\/strong>: <strong><a rel=\"noreferrer noopener\" href=\"mailto:0312092F@ac-toulouse.fr\" target=\"_blank\">0312092F@ac-toulouse.fr<\/a><\/strong><\/td><\/tr><\/tbody><\/table><\/figure>\n\n\n\n<p>Le coll\u00e8ge propose une scolarit\u00e9 d\u00e9bouchant sur le Brevet.<\/p>\n\n\n\n<p>Outre les enseignements standards, il est compos\u00e9 d&rsquo;une section internationale britannique et d&rsquo;une section bilangue anglais-allemand.<\/p>\n\n\n\n<p>La deuxi\u00e8me langue vivante est obligatoirement l&rsquo;allemand en raison du partenariat avec la Deutsche Schule.<\/p>\n\n\n\n<hr class=\"wp-block-separator aligncenter has-alpha-channel-opacity\"\/>\n\n\n\n<h2 class=\"wp-block-heading\">\u00c9quipe p\u00e9dagogique<\/h2>\n\n\n\n<figure class=\"wp-block-table aligncenter\"><table class=\"has-fixed-layout\"><tbody><tr><td class=\"has-text-align-left\" data-align=\"left\">Proviseur : CAUSS\u00c9 Alexandre<\/td><td>Proviseur adjointe : FOURTEAU Sylvie<\/td><\/tr><tr><td class=\"has-text-align-left\" data-align=\"left\">Conseill\u00e8re principale d&rsquo;\u00e9ducation (CPE) : \u00a0 ZARDAHI C\u00e9lia<\/td><td><\/td><\/tr><\/tbody><\/table><\/figure>\n\n\n\n<hr class=\"wp-block-separator aligncenter has-alpha-channel-opacity\"\/>\n","protected":false},"excerpt":{"rendered":"<p>Coordonn\u00e9es de l&rsquo;\u00e9tablissement\uff1aColl\u00e8ge Victor Hugo33, Boulevard Victor HugoBP 5031731773 Colomiers C\u00e9dex&nbsp;&nbsp;&nbsp;Voir sur Google Maps T\u00e9l\u00e9phone : 05.61.15.94.94 Email : 0312092F@ac-toulouse.fr Le coll\u00e8ge propose une scolarit\u00e9 d\u00e9bouchant sur le Brevet. Outre les enseignements standards, il est compos\u00e9 d&rsquo;une section internationale britannique<\/p>\n","protected":false},"author":3,"featured_media":0,"parent":0,"menu_order":0,"comment_status":"closed","ping_status":"closed","template":"","meta":{"_seopress_robots_primary_cat":"","_seopress_titles_title":"","_seopress_titles_desc":"","_seopress_robots_index":"","footnotes":""},"class_list":["post-72","page","type-page","status-publish","hentry"],"_links":{"self":[{"href":"https:\/\/api-colomiers.com\/victorhugo\/wp-json\/wp\/v2\/pages\/72","targetHints":{"allow":["GET"]}}],"collection":[{"href":"https:\/\/api-colomiers.com\/victorhugo\/wp-json\/wp\/v2\/pages"}],"about":[{"href":"https:\/\/api-colomiers.com\/victorhugo\/wp-json\/wp\/v2\/types\/page"}],"author":[{"embeddable":true,"href":"https:\/\/api-colomiers.com\/victorhugo\/wp-json\/wp\/v2\/users\/3"}],"replies":[{"embeddable":true,"href":"https:\/\/api-colomiers.com\/victorhugo\/wp-json\/wp\/v2\/comments?post=72"}],"version-history":[{"count":30,"href":"https:\/\/api-colomiers.com\/victorhugo\/wp-json\/wp\/v2\/pages\/72\/revisions"}],"predecessor-version":[{"id":1033,"href":"https:\/\/api-colomiers.com\/victorhugo\/wp-json\/wp\/v2\/pages\/72\/revisions\/1033"}],"wp:attachment":[{"href":"https:\/\/api-colomiers.com\/victorhugo\/wp-json\/wp\/v2\/media?parent=72"}],"curies":[{"name":"wp","href":"https:\/\/api.w.org\/{rel}","templated":true}]}}