{"id":67,"date":"2022-09-09T11:43:17","date_gmt":"2022-09-09T09:43:17","guid":{"rendered":"https:\/\/api-colomiers.com\/victorhugo\/?page_id=67"},"modified":"2025-10-15T11:19:05","modified_gmt":"2025-10-15T09:19:05","slug":"lequipe","status":"publish","type":"page","link":"https:\/\/api-colomiers.com\/victorhugo\/lequipe\/","title":{"rendered":"L\u2019\u00e9quipe \u00e9lue API du coll\u00e8ge Victor HUGO"},"content":{"rendered":"\n<h2 class=\"wp-block-heading\" id=\"CACVH\">Les membres de la section API Coll\u00e8ge Victor HUGO 2025\/2026<\/h2>\n\n\n\n<div class=\"wp-block-group alignwide is-layout-flow wp-block-group-is-layout-flow\">\n<div class=\"wp-block-columns is-layout-flex wp-container-core-columns-is-layout-28f84493 wp-block-columns-is-layout-flex\">\n<div class=\"wp-block-column is-vertically-aligned-top is-layout-flow wp-block-column-is-layout-flow\" style=\"flex-basis:100%\">\n<p>Nous sommes une \u00e9quipe de 13 membres et nos enfants sont distribu\u00e9s parmi toutes les cohortes nous permettant ainsi d&rsquo;avoir une bonne compr\u00e9hension du fonctionnement de chaque niveau. Nous avons une part homog\u00e8ne de repr\u00e9sentants de parents non-BFI et BFI, parlant fran\u00e7ais et anglais pour pouvoir vous accompagner au mieux.<\/p>\n\n\n\n<p>Nous travaillons avec l&rsquo;\u00e9quipe API du Lyc\u00e9e Victor Hugo sur les sujets communs de la cit\u00e9 scolaire Victor Hugo (tel la cantine, la s\u00e9curit\u00e9, etc.), ainsi qu&rsquo;avec les \u00e9quipes API des autres coll\u00e8ges de COLOMIERS, actuellement les coll\u00e8ges Voltaire et L\u00e9on Blum, sections ouvertes en septembre 2024.<\/p>\n\n\n\n<p>Pour l&rsquo;ann\u00e9e scolaire 2025\/26, l&rsquo;API a obtenu 4 si\u00e8ges sur 6 si\u00e8ges \u00e0 pourvoir pour vous repr\u00e9senter lors des instances officielles du Coll\u00e8ge et poursuivre nos actions afin que les enfants travaillent dans les meilleures conditions possibles au Coll\u00e8ge Victor Hugo. Au sein des conseils de classe, l&rsquo;API a obtenu 16 si\u00e8ges sur 24. Merci pour votre soutien lors des \u00e9lections de repr\u00e9sentants de parents d&rsquo;\u00e9l\u00e8ves !<\/p>\n\n\n\n<p>Nous continuons de travailler efficacement en collaboration avec la FCPE, autre f\u00e9d\u00e9ration de parents d&rsquo;\u00e9l\u00e8ves pr\u00e9sente sur le Coll\u00e8ge.<\/p>\n<\/div>\n<\/div>\n\n\n\n<p class=\"has-text-align-left\"><em>Notez que l&rsquo;\u00e9quipe reste en place jusqu&rsquo;aux prochaines \u00e9lections pour l&rsquo;ann\u00e9e suivante.<\/em><\/p>\n\n\n\n<p><\/p>\n<\/div>\n\n\n\n<p><\/p>\n\n\n\n<div class=\"wp-block-buttons is-layout-flex wp-block-buttons-is-layout-flex\">\n<div class=\"wp-block-button aligncenter is-style-outline is-style-outline--1\"><a class=\"wp-block-button__link wp-element-button\" href=\"https:\/\/api-colomiers.com\/victorhugo\/contact\/\" target=\"_blank\" rel=\"noreferrer noopener\">Nous contacter<\/a><\/div>\n<\/div>\n","protected":false},"excerpt":{"rendered":"<p>Les membres de la section API Coll\u00e8ge Victor HUGO 2025\/2026 Nous sommes une \u00e9quipe de 13 membres et nos enfants sont distribu\u00e9s parmi toutes les cohortes nous permettant ainsi d&rsquo;avoir une bonne compr\u00e9hension du fonctionnement de chaque niveau. Nous avons<\/p>\n","protected":false},"author":3,"featured_media":0,"parent":0,"menu_order":0,"comment_status":"closed","ping_status":"closed","template":"","meta":{"_seopress_robots_primary_cat":"","_seopress_titles_title":"","_seopress_titles_desc":"","_seopress_robots_index":"","footnotes":""},"class_list":["post-67","page","type-page","status-publish","hentry"],"_links":{"self":[{"href":"https:\/\/api-colomiers.com\/victorhugo\/wp-json\/wp\/v2\/pages\/67","targetHints":{"allow":["GET"]}}],"collection":[{"href":"https:\/\/api-colomiers.com\/victorhugo\/wp-json\/wp\/v2\/pages"}],"about":[{"href":"https:\/\/api-colomiers.com\/victorhugo\/wp-json\/wp\/v2\/types\/page"}],"author":[{"embeddable":true,"href":"https:\/\/api-colomiers.com\/victorhugo\/wp-json\/wp\/v2\/users\/3"}],"replies":[{"embeddable":true,"href":"https:\/\/api-colomiers.com\/victorhugo\/wp-json\/wp\/v2\/comments?post=67"}],"version-history":[{"count":37,"href":"https:\/\/api-colomiers.com\/victorhugo\/wp-json\/wp\/v2\/pages\/67\/revisions"}],"predecessor-version":[{"id":1104,"href":"https:\/\/api-colomiers.com\/victorhugo\/wp-json\/wp\/v2\/pages\/67\/revisions\/1104"}],"wp:attachment":[{"href":"https:\/\/api-colomiers.com\/victorhugo\/wp-json\/wp\/v2\/media?parent=67"}],"curies":[{"name":"wp","href":"https:\/\/api.w.org\/{rel}","templated":true}]}}