{"id":541,"date":"2023-09-05T10:46:08","date_gmt":"2023-09-05T08:46:08","guid":{"rendered":"https:\/\/api-colomiers.com\/victorhugo\/?page_id=541"},"modified":"2023-09-05T10:48:02","modified_gmt":"2023-09-05T08:48:02","slug":"lequipelycee","status":"publish","type":"page","link":"https:\/\/api-colomiers.com\/victorhugo\/lequipelycee\/","title":{"rendered":"L\u2019\u00e9quipe \u00e9lue API du Lyc\u00e9e Victor HUGO"},"content":{"rendered":"\n<p class=\"has-text-align-center\"><strong>\u00c0 venir<br><\/strong>Cette page sera mise \u00e0 jour d\u00e8s les prochaines \u00e9lections de parents d&rsquo;\u00e9l\u00e8ves.<\/p>\n\n\n\n<p> <\/p>\n\n\n\n<div class=\"wp-block-buttons is-layout-flex wp-block-buttons-is-layout-flex\">\n<div class=\"wp-block-button aligncenter is-style-outline is-style-outline--1\"><a class=\"wp-block-button__link wp-element-button\" href=\"https:\/\/api-colomiers.com\/victorhugo\/contact\/\" target=\"_blank\" rel=\"noreferrer noopener\">Nous contacter<\/a><\/div>\n<\/div>\n","protected":false},"excerpt":{"rendered":"<p>\u00c0 venirCette page sera mise \u00e0 jour d\u00e8s les prochaines \u00e9lections de parents d&rsquo;\u00e9l\u00e8ves.<\/p>\n","protected":false},"author":3,"featured_media":0,"parent":0,"menu_order":0,"comment_status":"closed","ping_status":"closed","template":"","meta":{"_seopress_robots_primary_cat":"","_seopress_titles_title":"","_seopress_titles_desc":"","_seopress_robots_index":"","footnotes":""},"class_list":["post-541","page","type-page","status-publish","hentry"],"_links":{"self":[{"href":"https:\/\/api-colomiers.com\/victorhugo\/wp-json\/wp\/v2\/pages\/541","targetHints":{"allow":["GET"]}}],"collection":[{"href":"https:\/\/api-colomiers.com\/victorhugo\/wp-json\/wp\/v2\/pages"}],"about":[{"href":"https:\/\/api-colomiers.com\/victorhugo\/wp-json\/wp\/v2\/types\/page"}],"author":[{"embeddable":true,"href":"https:\/\/api-colomiers.com\/victorhugo\/wp-json\/wp\/v2\/users\/3"}],"replies":[{"embeddable":true,"href":"https:\/\/api-colomiers.com\/victorhugo\/wp-json\/wp\/v2\/comments?post=541"}],"version-history":[{"count":2,"href":"https:\/\/api-colomiers.com\/victorhugo\/wp-json\/wp\/v2\/pages\/541\/revisions"}],"predecessor-version":[{"id":544,"href":"https:\/\/api-colomiers.com\/victorhugo\/wp-json\/wp\/v2\/pages\/541\/revisions\/544"}],"wp:attachment":[{"href":"https:\/\/api-colomiers.com\/victorhugo\/wp-json\/wp\/v2\/media?parent=541"}],"curies":[{"name":"wp","href":"https:\/\/api.w.org\/{rel}","templated":true}]}}