{"id":364,"date":"2023-05-16T12:09:03","date_gmt":"2023-05-16T10:09:03","guid":{"rendered":"https:\/\/api-colomiers.com\/victorhugo\/?page_id=364"},"modified":"2023-05-16T12:09:03","modified_gmt":"2023-05-16T10:09:03","slug":"qui-etait-victor-hugo","status":"publish","type":"page","link":"https:\/\/api-colomiers.com\/victorhugo\/qui-etait-victor-hugo\/","title":{"rendered":"Qui \u00e9tait Victor Hugo ?"},"content":{"rendered":"\n<div class=\"wp-block-media-text is-stacked-on-mobile is-vertically-aligned-top\" style=\"grid-template-columns:17% auto\"><figure class=\"wp-block-media-text__media\"><img loading=\"lazy\" decoding=\"async\" width=\"235\" height=\"295\" src=\"https:\/\/api-colomiers.com\/victorhugo\/wp-content\/uploads\/2022\/09\/Victor-Hugo.jpg\" alt=\"\" class=\"wp-image-84 size-full\"\/><\/figure><div class=\"wp-block-media-text__content\">\n<h3 class=\"wp-block-heading has-text-align-center has-text-color\" style=\"color:#000000\">\u00c0 propos de Victor HUGO<\/h3>\n\n\n\n<p class=\"has-text-align-left has-extra-small-font-size\">Victor Hugo est un po\u00e8te, dramaturge, \u00e9crivain, romancier et dessinateur romantique fran\u00e7ais, n\u00e9 le 26 f\u00e9vrier 1802 (7 vent\u00f4se an X) \u00e0 Besan\u00e7on et mort le 22 mai 1885 \u00e0 Paris. Il est consid\u00e9r\u00e9 comme l&rsquo;un des plus importants \u00e9crivains de la langue fran\u00e7aise. Il est aussi une personnalit\u00e9 politique et un intellectuel engag\u00e9 qui a eu un r\u00f4le id\u00e9ologique majeur et occupe une place marquante dans l&rsquo;histoire des lettres fran\u00e7aises au XIXe si\u00e8cle.<\/p>\n\n\n\n<p class=\"has-text-align-right\"><a href=\"https:\/\/fr.wikipedia.org\/wiki\/Victor_Hugo\" data-type=\"URL\" data-id=\"https:\/\/fr.wikipedia.org\/wiki\/Victor_Hugo\" target=\"_blank\" rel=\"noreferrer noopener\">Lire la suite sur Wikip\u00e9dia<\/a><\/p>\n\n\n\n<p><strong>About Victor HUGO <\/strong>: Victor-Marie Hugo (26 February 1802 \u2013 22 May 1885) was a French Romantic writer and politician. During a literary career that spanned more than sixty years, he wrote in a variety of genres and forms. He is considered to be one of the greatest French writers of all time.<\/p>\n\n\n\n<p class=\"has-text-align-right\"><a href=\"https:\/\/en.wikipedia.org\/wiki\/Victor_Hugo\" data-type=\"URL\" data-id=\"https:\/\/en.wikipedia.org\/wiki\/Victor_Hugo\" target=\"_blank\" rel=\"noreferrer noopener\">More on Wikipedia<\/a><\/p>\n<\/div><\/div>\n","protected":false},"excerpt":{"rendered":"<p>Victor Hugo est un po\u00e8te, dramaturge, \u00e9crivain, romancier et dessinateur romantique fran\u00e7ais, n\u00e9 le 26 f\u00e9vrier 1802 (7 vent\u00f4se an X) \u00e0 Besan\u00e7on et mort le 22 mai 1885 \u00e0 Paris. Il est consid\u00e9r\u00e9 comme l&rsquo;un des plus importants \u00e9crivains de la langue fran\u00e7aise. Il est aussi une personnalit\u00e9 politique et un intellectuel engag\u00e9 qui a eu un r\u00f4le id\u00e9ologique majeur et occupe une place marquante dans l&rsquo;histoire des lettres fran\u00e7aises au XIXe si\u00e8cle.<\/p>\n","protected":false},"author":3,"featured_media":84,"parent":0,"menu_order":0,"comment_status":"closed","ping_status":"closed","template":"","meta":{"_seopress_robots_primary_cat":"","_seopress_titles_title":"","_seopress_titles_desc":"","_seopress_robots_index":"","footnotes":""},"class_list":["post-364","page","type-page","status-publish","has-post-thumbnail","hentry"],"_links":{"self":[{"href":"https:\/\/api-colomiers.com\/victorhugo\/wp-json\/wp\/v2\/pages\/364","targetHints":{"allow":["GET"]}}],"collection":[{"href":"https:\/\/api-colomiers.com\/victorhugo\/wp-json\/wp\/v2\/pages"}],"about":[{"href":"https:\/\/api-colomiers.com\/victorhugo\/wp-json\/wp\/v2\/types\/page"}],"author":[{"embeddable":true,"href":"https:\/\/api-colomiers.com\/victorhugo\/wp-json\/wp\/v2\/users\/3"}],"replies":[{"embeddable":true,"href":"https:\/\/api-colomiers.com\/victorhugo\/wp-json\/wp\/v2\/comments?post=364"}],"version-history":[{"count":2,"href":"https:\/\/api-colomiers.com\/victorhugo\/wp-json\/wp\/v2\/pages\/364\/revisions"}],"predecessor-version":[{"id":366,"href":"https:\/\/api-colomiers.com\/victorhugo\/wp-json\/wp\/v2\/pages\/364\/revisions\/366"}],"wp:featuredmedia":[{"embeddable":true,"href":"https:\/\/api-colomiers.com\/victorhugo\/wp-json\/wp\/v2\/media\/84"}],"wp:attachment":[{"href":"https:\/\/api-colomiers.com\/victorhugo\/wp-json\/wp\/v2\/media?parent=364"}],"curies":[{"name":"wp","href":"https:\/\/api.w.org\/{rel}","templated":true}]}}