{"id":348,"date":"2023-05-16T11:33:39","date_gmt":"2023-05-16T09:33:39","guid":{"rendered":"https:\/\/api-colomiers.com\/victorhugo\/?page_id=348"},"modified":"2023-05-16T12:49:11","modified_gmt":"2023-05-16T10:49:11","slug":"le-lycee-victor-hugo","status":"publish","type":"page","link":"https:\/\/api-colomiers.com\/victorhugo\/le-lycee-victor-hugo\/","title":{"rendered":"Le lyc\u00e9e Victor Hugo"},"content":{"rendered":"\n<p>Page en cours de pr\u00e9paration pour la rentr\u00e9e 2023-24 !<\/p>\n\n\n\n<figure class=\"wp-block-table is-style-stripes\"><table class=\"has-fixed-layout\"><tbody><tr><td><strong>Coordonn\u00e9es de l&rsquo;\u00e9tablissement\uff1a<\/strong><br>Lyc\u00e9e G\u00e9n\u00e9ral et Technologique International V. Hugo<br>33, Boulevard Victor Hugo<br>BP 317<br>31773 Colomiers C\u00e9dex\u00a0\u00a0<br><br>Voir sur <a rel=\"noreferrer noopener\" href=\"https:\/\/goo.gl\/maps\/97rwm4G5mw26AwqS7\" target=\"_blank\">Google Maps<\/a><\/td><td><strong>T\u00e9l\u00e9phone <\/strong>: 05.61.15.94.94<br><br><strong>Email <\/strong>: <strong><a href=\"mailto:0312093G@ac-toulouse.fr\">0312093G@ac-toulouse.fr<\/a><\/strong><\/td><\/tr><\/tbody><\/table><\/figure>\n\n\n\n<div class=\"wp-block-group is-layout-constrained wp-block-group-is-layout-constrained\">\n<p>Le Lyc\u00e9e g\u00e9n\u00e9ral et technologique international Victor Hugo est un lyc\u00e9e g\u00e9n\u00e9ral public situ\u00e9 \u00e0 Colomiers et faisant partie de l&rsquo;acad\u00e9mie de\u00a0Toulouse.<\/p>\n\n\n\n<p>Le Lyc\u00e9e g\u00e9n\u00e9ral et technologique international Victor Hugo se distingue notamment par l&rsquo;enseignement des langues suivantes : chinois, italien, portugais, arabe litt\u00e9ral, italien, portugais. Il propose la\/les section(s) : Section europ\u00e9enne, Section internationale.<\/p>\n\n\n\n<p>Il offre aussi la possibilit\u00e9 de suivre des sp\u00e9cialit\u00e9s peu propos\u00e9es par d&rsquo;autres \u00e9tablissements comme les sp\u00e9cialit\u00e9s num\u00e9rique et sciences informatiques, sciences de l&rsquo;ing\u00e9nieur, llcer anglais, llcer espagnol, llcer allemand.Il dispose d&rsquo;une restauration pour les \u00e9l\u00e8ves.<\/p>\n\n\n\n<p>Sur les 376 candidats ayant pass\u00e9 le bac en 2021, 98% l&rsquo;ont obtenu et 79% ont d\u00e9croch\u00e9 une mention. Le Lyc\u00e9e g\u00e9n\u00e9ral et technologique international Victor Hugo a obtenu une note de 13,2\/20 au\u00a0<a href=\"https:\/\/www.letudiant.fr\/palmares\/classement-lycees.html\">classement des lyc\u00e9es g\u00e9n\u00e9raux et technologiques de l&rsquo;Etudiant<\/a>.<\/p>\n<\/div>\n\n\n\n<p class=\"has-text-align-right\">Source : <a href=\"https:\/\/www.letudiant.fr\/lycee\/annuaire-des-lycees\/fiche\/lycee-general-et-technologique-international-victor-hugo-31.html\" data-type=\"URL\" data-id=\"https:\/\/www.letudiant.fr\/lycee\/annuaire-des-lycees\/fiche\/lycee-general-et-technologique-international-victor-hugo-31.html\" target=\"_blank\" rel=\"noreferrer noopener\">letudiant.fr<\/a><\/p>\n","protected":false},"excerpt":{"rendered":"<p>Page en cours de pr\u00e9paration pour la rentr\u00e9e 2023-24 ! Coordonn\u00e9es de l&rsquo;\u00e9tablissement\uff1aLyc\u00e9e G\u00e9n\u00e9ral et Technologique International V. Hugo33, Boulevard Victor HugoBP 31731773 Colomiers C\u00e9dex\u00a0\u00a0 Voir sur Google Maps T\u00e9l\u00e9phone : 05.61.15.94.94 Email : 0312093G@ac-toulouse.fr Le Lyc\u00e9e g\u00e9n\u00e9ral et technologique<\/p>\n","protected":false},"author":3,"featured_media":0,"parent":0,"menu_order":0,"comment_status":"closed","ping_status":"closed","template":"","meta":{"_seopress_robots_primary_cat":"","_seopress_titles_title":"","_seopress_titles_desc":"","_seopress_robots_index":"","footnotes":""},"class_list":["post-348","page","type-page","status-publish","hentry"],"_links":{"self":[{"href":"https:\/\/api-colomiers.com\/victorhugo\/wp-json\/wp\/v2\/pages\/348","targetHints":{"allow":["GET"]}}],"collection":[{"href":"https:\/\/api-colomiers.com\/victorhugo\/wp-json\/wp\/v2\/pages"}],"about":[{"href":"https:\/\/api-colomiers.com\/victorhugo\/wp-json\/wp\/v2\/types\/page"}],"author":[{"embeddable":true,"href":"https:\/\/api-colomiers.com\/victorhugo\/wp-json\/wp\/v2\/users\/3"}],"replies":[{"embeddable":true,"href":"https:\/\/api-colomiers.com\/victorhugo\/wp-json\/wp\/v2\/comments?post=348"}],"version-history":[{"count":4,"href":"https:\/\/api-colomiers.com\/victorhugo\/wp-json\/wp\/v2\/pages\/348\/revisions"}],"predecessor-version":[{"id":386,"href":"https:\/\/api-colomiers.com\/victorhugo\/wp-json\/wp\/v2\/pages\/348\/revisions\/386"}],"wp:attachment":[{"href":"https:\/\/api-colomiers.com\/victorhugo\/wp-json\/wp\/v2\/media?parent=348"}],"curies":[{"name":"wp","href":"https:\/\/api.w.org\/{rel}","templated":true}]}}