{"id":161,"date":"2023-09-17T11:51:51","date_gmt":"2023-09-17T09:51:51","guid":{"rendered":"https:\/\/api-colomiers.com\/victorhugo\/?page_id=161"},"modified":"2025-09-30T11:54:58","modified_gmt":"2025-09-30T09:54:58","slug":"nous-rejoindre","status":"publish","type":"page","link":"https:\/\/api-colomiers.com\/victorhugo\/nous-rejoindre\/","title":{"rendered":"Nous rejoindre"},"content":{"rendered":"\n<figure class=\"wp-block-image aligncenter size-full\"><img loading=\"lazy\" decoding=\"async\" width=\"300\" height=\"132\" src=\"http:\/\/api-colomiers.com\/victorhugo\/wp-content\/uploads\/2023\/09\/adhesion_API.png\" alt=\"\" class=\"wp-image-619\"\/><\/figure>\n\n\n\n<p>Vous souhaitez adh\u00e9rer \u00e0 notre association ? Vous trouverez toutes les informations n\u00e9cessaires dans cette page, que ce soit pour le coll\u00e8ge ou pour le lyc\u00e9e. Contactez nous sur notre adresse e-mail : <a href=\"mailto:api.colomiers.victorhugo@gmail.com\" target=\"_blank\" rel=\"noreferrer noopener\">api.colomiers.victorhugo@gmail.com<\/a><\/p>\n\n\n\n<h2 class=\"wp-block-heading\">D\u00e9couvrez notre r\u00f4le et nos engagements<\/h2>\n\n\n\n<figure class=\"wp-block-image size-full\"><img loading=\"lazy\" decoding=\"async\" width=\"602\" height=\"838\" src=\"https:\/\/api-colomiers.com\/victorhugo\/wp-content\/uploads\/2025\/09\/API-VH-flyer-general-Francais-A4.png\" alt=\"\" class=\"wp-image-1007\" srcset=\"https:\/\/api-colomiers.com\/victorhugo\/wp-content\/uploads\/2025\/09\/API-VH-flyer-general-Francais-A4.png 602w, https:\/\/api-colomiers.com\/victorhugo\/wp-content\/uploads\/2025\/09\/API-VH-flyer-general-Francais-A4-216x300.png 216w\" sizes=\"auto, (max-width: 602px) 100vw, 602px\" \/><\/figure>\n\n\n\n<div class=\"wp-block-file\"><a id=\"wp-block-file--media-a0da5323-2230-4ea9-ac8a-11b84b428f29\" href=\"http:\/\/api-colomiers.com\/victorhugo\/wp-content\/uploads\/2025\/09\/API-VH-flyer-general-Francais-A4-1.pdf\">API VH flyer general Francais A4<\/a><a href=\"http:\/\/api-colomiers.com\/victorhugo\/wp-content\/uploads\/2025\/09\/API-VH-flyer-general-Francais-A4-1.pdf\" class=\"wp-block-file__button wp-element-button\" download aria-describedby=\"wp-block-file--media-a0da5323-2230-4ea9-ac8a-11b84b428f29\">T\u00e9l\u00e9charger<\/a><\/div>\n\n\n\n<div class=\"wp-block-group is-layout-constrained wp-block-group-is-layout-constrained\">\n<p><\/p>\n\n\n\n<p>Download English version : <\/p>\n\n\n\n<div class=\"wp-block-file\"><a id=\"wp-block-file--media-f30e40b2-0d85-4c89-b93d-805f795d368e\" href=\"http:\/\/api-colomiers.com\/victorhugo\/wp-content\/uploads\/2025\/09\/Flyer-general-English-version-1-1.pdf\">Flyer general English version 1-1<\/a><a href=\"http:\/\/api-colomiers.com\/victorhugo\/wp-content\/uploads\/2025\/09\/Flyer-general-English-version-1-1.pdf\" class=\"wp-block-file__button wp-element-button\" download aria-describedby=\"wp-block-file--media-f30e40b2-0d85-4c89-b93d-805f795d368e\">T\u00e9l\u00e9charger<\/a><\/div>\n\n\n\n<p>Et quelques d\u00e9tails compl\u00e9mentaires \u00e0 lire dans notre profession de foi : <a href=\"https:\/\/api-colomiers.com\/victorhugo\/profession-de-foi-api-victor-hugo\/\">https:\/\/api-colomiers.com\/victorhugo\/profession-de-foi-api-victor-hugo\/<\/a><\/p>\n\n\n\n<h2 class=\"wp-block-heading\">Adh\u00e9sion, statuts &amp; r\u00e8glement int\u00e9rieur de l\u2019association<\/h2>\n\n\n\n<p>Retrouvez tous les documents sur le site de l&rsquo;association : <a href=\"https:\/\/api-colomiers.com\/api\/statuts-reglement-interieur-de-lassociation\/\">https:\/\/api-colomiers.com\/api\/statuts-reglement-interieur-de-lassociation\/<\/a><\/p>\n\n\n\n<p>\ud83d\udd17<a href=\"http:\/\/api-colomiers.com\/api\/wp-content\/uploads\/2020\/09\/RI_API_Colomiers_2020.pdf\">R\u00e8glement int\u00e9rieur de l\u2019association API Colomiers<\/a><\/p>\n\n\n\n<p>\ud83d\udd17<a rel=\"noreferrer noopener\" href=\"http:\/\/api-colomiers.com\/api\/wp-content\/uploads\/2020\/09\/Status-API-2020.pdf\" target=\"_blank\">Statuts de l\u2019association API Colomiers<\/a><\/p>\n\n\n\n<p><\/p>\n<\/div>\n\n\n\n<p class=\"has-background\" style=\"background-color:#fcfb8d70\"><strong>Vous souhaitez nous rejoindre ? Contactez nous sur <a href=\"mailto:api.colomiers.victorhugo@gmail.com\" target=\"_blank\" rel=\"noreferrer noopener\">api.colomiers.victorhugo@gmail.com<\/a> !<\/strong><\/p>\n\n\n\n<p><\/p>\n","protected":false},"excerpt":{"rendered":"<p>Vous souhaitez adh\u00e9rer \u00e0 notre association ? Vous trouverez toutes les informations n\u00e9cessaires dans cette page, que ce soit pour le coll\u00e8ge ou pour le lyc\u00e9e.<\/p>\n","protected":false},"author":3,"featured_media":619,"parent":0,"menu_order":0,"comment_status":"closed","ping_status":"closed","template":"","meta":{"_seopress_robots_primary_cat":"","_seopress_titles_title":"","_seopress_titles_desc":"","_seopress_robots_index":"","footnotes":""},"class_list":["post-161","page","type-page","status-publish","has-post-thumbnail","hentry"],"_links":{"self":[{"href":"https:\/\/api-colomiers.com\/victorhugo\/wp-json\/wp\/v2\/pages\/161","targetHints":{"allow":["GET"]}}],"collection":[{"href":"https:\/\/api-colomiers.com\/victorhugo\/wp-json\/wp\/v2\/pages"}],"about":[{"href":"https:\/\/api-colomiers.com\/victorhugo\/wp-json\/wp\/v2\/types\/page"}],"author":[{"embeddable":true,"href":"https:\/\/api-colomiers.com\/victorhugo\/wp-json\/wp\/v2\/users\/3"}],"replies":[{"embeddable":true,"href":"https:\/\/api-colomiers.com\/victorhugo\/wp-json\/wp\/v2\/comments?post=161"}],"version-history":[{"count":27,"href":"https:\/\/api-colomiers.com\/victorhugo\/wp-json\/wp\/v2\/pages\/161\/revisions"}],"predecessor-version":[{"id":1066,"href":"https:\/\/api-colomiers.com\/victorhugo\/wp-json\/wp\/v2\/pages\/161\/revisions\/1066"}],"wp:featuredmedia":[{"embeddable":true,"href":"https:\/\/api-colomiers.com\/victorhugo\/wp-json\/wp\/v2\/media\/619"}],"wp:attachment":[{"href":"https:\/\/api-colomiers.com\/victorhugo\/wp-json\/wp\/v2\/media?parent=161"}],"curies":[{"name":"wp","href":"https:\/\/api.w.org\/{rel}","templated":true}]}}