{"id":1028,"date":"2025-09-20T00:28:09","date_gmt":"2025-09-19T22:28:09","guid":{"rendered":"https:\/\/api-colomiers.com\/victorhugo\/?page_id=1028"},"modified":"2025-09-22T22:16:27","modified_gmt":"2025-09-22T20:16:27","slug":"liens-utiles","status":"publish","type":"page","link":"https:\/\/api-colomiers.com\/victorhugo\/liens-utiles\/","title":{"rendered":"Liens utiles"},"content":{"rendered":"\n<h2 class=\"wp-block-heading\"><img loading=\"lazy\" decoding=\"async\" width=\"16\" height=\"16\" class=\"wp-image-341\" style=\"width: 16px;\" src=\"http:\/\/api-colomiers.com\/victorhugo\/wp-content\/uploads\/2023\/05\/link-chain-16x.png\" alt=\"\"> Coll\u00e8ge &#8211; liens du quotidien<\/h2>\n\n\n\n<ul class=\"wp-block-list encadre\">\n<li><a href=\"https:\/\/victor-hugo.ecollege.haute-garonne.fr\/\">Site internet Coll\u00e8ge VH<\/a><\/li>\n\n\n\n<li><a href=\"https:\/\/cas.ecollege.haute-garonne.fr\/login?service=https%3A%2F%2Fvictor-hugo.ecollege.haute-garonne.fr%2Fsg.do%3FPROC%3DIDENTIFICATION_FRONT\">ENT Coll\u00e8ge VH<\/a><\/li>\n\n\n\n<li><a href=\"https:\/\/0312093g.index-education.net\/pronote\/?login=true\" data-type=\"link\" data-id=\"https:\/\/0312093g.index-education.net\/pronote\/?login=true\">Pronotes<\/a><\/li>\n\n\n\n<li><a href=\"https:\/\/victor-hugo-colomiers.mon-ent-occitanie.fr\/vivre-au-lycee\/les-services\/restauration\/\">Menus (restauration)<\/a><\/li>\n<\/ul>\n\n\n\n<h2 class=\"wp-block-heading\"><img loading=\"lazy\" decoding=\"async\" width=\"16\" height=\"16\" class=\"wp-image-341\" style=\"width: 16px;\" src=\"http:\/\/api-colomiers.com\/victorhugo\/wp-content\/uploads\/2023\/05\/link-chain-16x.png\" alt=\"\"> Lyc\u00e9e &#8211; liens du quotidien<\/h2>\n\n\n\n<ul class=\"wp-block-list\">\n<li><a href=\"https:\/\/victor-hugo-colomiers.mon-ent-occitanie.fr\/\">Site internet Lyc\u00e9e VH<\/a><\/li>\n\n\n\n<li><a href=\"https:\/\/cas.mon-ent-occitanie.fr\/login?service=https%3A%2F%2Fvictor-hugo-colomiers.mon-ent-occitanie.fr%2Fsg.do%3FPROC%3DIDENTIFICATION_FRONT\" data-type=\"link\" data-id=\"https:\/\/cas.mon-ent-occitanie.fr\/login?service=https%3A%2F%2Fvictor-hugo-colomiers.mon-ent-occitanie.fr%2Fsg.do%3FPROC%3DIDENTIFICATION_FRONT\">ENT Lyc\u00e9e VH<\/a><\/li>\n\n\n\n<li><a href=\"https:\/\/0312093g.index-education.net\/pronote\/?login=true\" data-type=\"link\" data-id=\"https:\/\/0312093g.index-education.net\/pronote\/?login=true\">Pronotes<\/a><\/li>\n\n\n\n<li><a href=\"https:\/\/victor-hugo-colomiers.mon-ent-occitanie.fr\/association-sportive\/blog.do\" data-type=\"link\" data-id=\"https:\/\/victor-hugo-colomiers.mon-ent-occitanie.fr\/association-sportive\/blog.do\">Blog Association Sportive<\/a><\/li>\n<\/ul>\n\n\n\n<h2 class=\"wp-block-heading\"><img loading=\"lazy\" decoding=\"async\" width=\"16\" height=\"16\" class=\"wp-image-341\" style=\"width: 16px;\" src=\"http:\/\/api-colomiers.com\/victorhugo\/wp-content\/uploads\/2023\/05\/link-chain-16x.png\" alt=\"\"> Liens \u00e9ducation nationale<\/h2>\n\n\n\n<ul class=\"wp-block-list encadre\">\n<li><a href=\"https:\/\/educonnect.education.gouv.fr\/idp\/profile\/SAML2\/Redirect\/SSO?execution=e1s1\">EduConnect<\/a><\/li>\n\n\n\n<li><a href=\"https:\/\/www.education.gouv.fr\/calendrier-scolaire-100148\">Calendrier des vacances scolaires<\/a><\/li>\n\n\n\n<li><a href=\"https:\/\/www.education.gouv.fr\/le-college-4940\">Organisation des enseignements au coll\u00e8ge<\/a><\/li>\n\n\n\n<li><a href=\"https:\/\/www.education.gouv.fr\/reussir-au-lycee\/le-lycee-41642\">Organisation des enseignements au lyc\u00e9e<\/a><\/li>\n\n\n\n<li><a href=\"https:\/\/www.education.gouv.fr\/non-au-harcelement\">Non au harc\u00e8lement<\/a><\/li>\n<\/ul>\n\n\n\n<h2 class=\"wp-block-heading\"><img loading=\"lazy\" decoding=\"async\" width=\"16\" height=\"16\" class=\"wp-image-341\" style=\"width: 16px;\" src=\"http:\/\/api-colomiers.com\/victorhugo\/wp-content\/uploads\/2023\/05\/link-chain-16x.png\" alt=\"\"> Colomiers<\/h2>\n\n\n\n<ul class=\"wp-block-list\">\n<li><a href=\"https:\/\/api-colomiers.com\/api\/\">API Colomiers<\/a><\/li>\n\n\n\n<li><a href=\"https:\/\/www.ville-colomiers.fr\/1\">Mairie de Colomiers<\/a><\/li>\n\n\n\n<li><a href=\"https:\/\/www.ville-colomiers.fr\/1\/mon-quotidien\/enfance-et-jeunesse\/alae-et-centres-de-loisirs\/centres-de-loisirs-du-cabirol-et-george-sand\">Centre de Loisirs mercredis et vacances pour les coll\u00e9giens<\/a><\/li>\n\n\n\n<li><a href=\"https:\/\/www.ville-colomiers.fr\/1\/mon-quotidien\/enfance-et-jeunesse\/education-et-scolarite\/accompagnement-a-la-scolarite-clas\">Accompagnement \u00e0 la scolarit\u00e9 &#8211; CLAS<\/a><\/li>\n\n\n\n<li><a href=\"https:\/\/www.ville-colomiers.fr\/1\/mon-quotidien\/enfance-et-jeunesse\/education-et-scolarite\/programme-de-reussite-educative-pre\">Programme de r\u00e9ussite \u00e9ducative &#8211; PRE Colomiers<\/a><\/li>\n\n\n\n<li><a href=\"https:\/\/www.haute-garonne.fr\/service\/la-maison-departementale-des-adolescents-mda\">Maison d\u00e9partementale des adolescents (MDA)<\/a><\/li>\n\n\n\n<li><a href=\"https:\/\/www.quartiers-colomiers.fr\/vos-comites\/comite-du-pigeonnier\">Comit\u00e9 de quartier du Pigeonnier<\/a><\/li>\n\n\n\n<li><a href=\"https:\/\/www.cmj-colomiers.fr\/\">Conseil municipal des jeunes<\/a><\/li>\n\n\n\n<li><a href=\"https:\/\/www.pavillonblanc-colomiers.fr\/\">Pavillon Blanc &#8211; M\u00e9diath\u00e8que &#8211; Centre d&rsquo;Art<\/a><\/li>\n<\/ul>\n","protected":false},"excerpt":{"rendered":"<p>Coll\u00e8ge &#8211; liens du quotidien Lyc\u00e9e &#8211; liens du quotidien Liens \u00e9ducation nationale Colomiers<\/p>\n","protected":false},"author":3,"featured_media":0,"parent":0,"menu_order":0,"comment_status":"closed","ping_status":"closed","template":"","meta":{"_seopress_robots_primary_cat":"","_seopress_titles_title":"","_seopress_titles_desc":"","_seopress_robots_index":"","footnotes":""},"class_list":["post-1028","page","type-page","status-publish","hentry"],"_links":{"self":[{"href":"https:\/\/api-colomiers.com\/victorhugo\/wp-json\/wp\/v2\/pages\/1028","targetHints":{"allow":["GET"]}}],"collection":[{"href":"https:\/\/api-colomiers.com\/victorhugo\/wp-json\/wp\/v2\/pages"}],"about":[{"href":"https:\/\/api-colomiers.com\/victorhugo\/wp-json\/wp\/v2\/types\/page"}],"author":[{"embeddable":true,"href":"https:\/\/api-colomiers.com\/victorhugo\/wp-json\/wp\/v2\/users\/3"}],"replies":[{"embeddable":true,"href":"https:\/\/api-colomiers.com\/victorhugo\/wp-json\/wp\/v2\/comments?post=1028"}],"version-history":[{"count":7,"href":"https:\/\/api-colomiers.com\/victorhugo\/wp-json\/wp\/v2\/pages\/1028\/revisions"}],"predecessor-version":[{"id":1049,"href":"https:\/\/api-colomiers.com\/victorhugo\/wp-json\/wp\/v2\/pages\/1028\/revisions\/1049"}],"wp:attachment":[{"href":"https:\/\/api-colomiers.com\/victorhugo\/wp-json\/wp\/v2\/media?parent=1028"}],"curies":[{"name":"wp","href":"https:\/\/api.w.org\/{rel}","templated":true}]}}