{"id":10,"date":"2022-09-08T20:36:36","date_gmt":"2022-09-08T18:36:36","guid":{"rendered":"https:\/\/api-colomiers.com\/victorhugo\/?page_id=10"},"modified":"2025-09-23T16:08:33","modified_gmt":"2025-09-23T14:08:33","slug":"contact","status":"publish","type":"page","link":"https:\/\/api-colomiers.com\/victorhugo\/contact\/","title":{"rendered":"Contact"},"content":{"rendered":"\n<p><em>N&rsquo;h\u00e9sitez pas \u00e0 nous contacter pour toute question ou information&nbsp;:<\/em><\/p>\n\n\n\n<p>\ud83d\udce8 <strong>E-mail \u00e9quipe coll\u00e8ge &amp; lyc\u00e9e : <\/strong><a href=\"mailto:api.colomiers.victorhugo@gmail.com\">api.colomiers.victorhugo@gmail.com<\/a><\/p>\n\n\n\n<p>\ud83c\udf0d <strong>Site Internet&nbsp;:<\/strong>&nbsp;<a rel=\"noreferrer noopener\" href=\"https:\/\/api-colomiers.com\/victorhugo\/\" target=\"_blank\">API Cit\u00e9 Scolaire Victor Hugo<\/a><\/p>\n\n\n\n<p>\ud83d\udc65 <strong>Page Facebook Lyc\u00e9e :<\/strong> <a href=\"https:\/\/www.facebook.com\/profile.php?id=100093981522539\">API-Colomiers-Lyc\u00e9e-Victor-Hugo<\/a><\/p>\n\n\n\n<p>\ud83d\udc65 <strong>Instagram <\/strong><a href=\"https:\/\/www.instagram.com\/apivictorhugocolomiers\/\" data-type=\"link\" data-id=\"https:\/\/www.instagram.com\/apivictorhugocolomiers\/\">Cit\u00e9 Scolaire Victor HUGO<\/a><\/p>\n\n\n\n<p>\ud83c\udfeb <strong>Et directement \u00e0 la Cit\u00e9 Scolaire Victor Hugo de Colomiers<\/strong><br>33 BOULEVARD VICTOR HUGO <br>31773 COLOMIERS CEDEX<\/p>\n","protected":false},"excerpt":{"rendered":"<p>N&rsquo;h\u00e9sitez pas \u00e0 nous contacter pour toute question ou information&nbsp;: \ud83d\udce8 E-mail \u00e9quipe coll\u00e8ge &amp; lyc\u00e9e : api.colomiers.victorhugo@gmail.com \ud83c\udf0d Site Internet&nbsp;:&nbsp;API Cit\u00e9 Scolaire Victor Hugo \ud83d\udc65 Page Facebook Lyc\u00e9e : API-Colomiers-Lyc\u00e9e-Victor-Hugo \ud83d\udc65 Instagram Cit\u00e9 Scolaire Victor HUGO \ud83c\udfeb Et directement<\/p>\n","protected":false},"author":3,"featured_media":0,"parent":0,"menu_order":0,"comment_status":"closed","ping_status":"closed","template":"","meta":{"_seopress_robots_primary_cat":"","_seopress_titles_title":"","_seopress_titles_desc":"","_seopress_robots_index":"","footnotes":""},"class_list":["post-10","page","type-page","status-publish","hentry"],"_links":{"self":[{"href":"https:\/\/api-colomiers.com\/victorhugo\/wp-json\/wp\/v2\/pages\/10","targetHints":{"allow":["GET"]}}],"collection":[{"href":"https:\/\/api-colomiers.com\/victorhugo\/wp-json\/wp\/v2\/pages"}],"about":[{"href":"https:\/\/api-colomiers.com\/victorhugo\/wp-json\/wp\/v2\/types\/page"}],"author":[{"embeddable":true,"href":"https:\/\/api-colomiers.com\/victorhugo\/wp-json\/wp\/v2\/users\/3"}],"replies":[{"embeddable":true,"href":"https:\/\/api-colomiers.com\/victorhugo\/wp-json\/wp\/v2\/comments?post=10"}],"version-history":[{"count":13,"href":"https:\/\/api-colomiers.com\/victorhugo\/wp-json\/wp\/v2\/pages\/10\/revisions"}],"predecessor-version":[{"id":1057,"href":"https:\/\/api-colomiers.com\/victorhugo\/wp-json\/wp\/v2\/pages\/10\/revisions\/1057"}],"wp:attachment":[{"href":"https:\/\/api-colomiers.com\/victorhugo\/wp-json\/wp\/v2\/media?parent=10"}],"curies":[{"name":"wp","href":"https:\/\/api.w.org\/{rel}","templated":true}]}}