{"id":423,"date":"2015-10-06T21:03:00","date_gmt":"2015-10-06T19:03:00","guid":{"rendered":"http:\/\/api-colomiers.com\/lucieaubrac\/?page_id=423"},"modified":"2023-10-21T16:49:39","modified_gmt":"2023-10-21T14:49:39","slug":"vos-delegues-2015-2016","status":"publish","type":"page","link":"https:\/\/api-colomiers.com\/lucieaubrac\/vos-delegues-2015-2016.php","title":{"rendered":"Vos d\u00e9l\u00e9gu\u00e9s 2023-2024"},"content":{"rendered":"\n<p><\/p>\n\n\n\n<div data-wp-interactive=\"core\/file\" class=\"wp-block-file alignleft\"><object data-wp-bind--hidden=\"!state.hasPdfPreview\" hidden class=\"wp-block-file__embed\" data=\"https:\/\/api-colomiers.com\/lucieaubrac\/wp-content\/uploads\/Equipe-API-Lucie-Aubrac-2023-2024-1.pdf\" type=\"application\/pdf\" style=\"width:100%;height:600px\" aria-label=\"Contenu embarqu\u00e9 Equipe-API-Lucie-Aubrac-2023-2024-1.\"><\/object><a id=\"wp-block-file--media-ae4b67f1-8094-4cb4-b4b0-b425644f66ff\" href=\"https:\/\/api-colomiers.com\/lucieaubrac\/wp-content\/uploads\/Equipe-API-Lucie-Aubrac-2023-2024-1.pdf\">Equipe-API-Lucie-Aubrac-2023-2024-1<\/a><a href=\"https:\/\/api-colomiers.com\/lucieaubrac\/wp-content\/uploads\/Equipe-API-Lucie-Aubrac-2023-2024-1.pdf\" class=\"wp-block-file__button wp-element-button\" download aria-describedby=\"wp-block-file--media-ae4b67f1-8094-4cb4-b4b0-b425644f66ff\">T\u00e9l\u00e9charger<\/a><\/div>\n\n\n\n<p><\/p>\n","protected":false},"excerpt":{"rendered":"","protected":false},"author":1,"featured_media":0,"parent":0,"menu_order":0,"comment_status":"closed","ping_status":"closed","template":"","meta":{"footnotes":""},"class_list":["post-423","page","type-page","status-publish","hentry"],"_links":{"self":[{"href":"https:\/\/api-colomiers.com\/lucieaubrac\/wp-json\/wp\/v2\/pages\/423","targetHints":{"allow":["GET"]}}],"collection":[{"href":"https:\/\/api-colomiers.com\/lucieaubrac\/wp-json\/wp\/v2\/pages"}],"about":[{"href":"https:\/\/api-colomiers.com\/lucieaubrac\/wp-json\/wp\/v2\/types\/page"}],"author":[{"embeddable":true,"href":"https:\/\/api-colomiers.com\/lucieaubrac\/wp-json\/wp\/v2\/users\/1"}],"replies":[{"embeddable":true,"href":"https:\/\/api-colomiers.com\/lucieaubrac\/wp-json\/wp\/v2\/comments?post=423"}],"version-history":[{"count":4,"href":"https:\/\/api-colomiers.com\/lucieaubrac\/wp-json\/wp\/v2\/pages\/423\/revisions"}],"predecessor-version":[{"id":2994,"href":"https:\/\/api-colomiers.com\/lucieaubrac\/wp-json\/wp\/v2\/pages\/423\/revisions\/2994"}],"wp:attachment":[{"href":"https:\/\/api-colomiers.com\/lucieaubrac\/wp-json\/wp\/v2\/media?parent=423"}],"curies":[{"name":"wp","href":"https:\/\/api.w.org\/{rel}","templated":true}]}}