{"id":40,"date":"2015-03-21T20:55:58","date_gmt":"2015-03-21T20:55:58","guid":{"rendered":"http:\/\/api-colomiers.com\/lucieaubrac\/?page_id=40"},"modified":"2023-10-21T16:52:10","modified_gmt":"2023-10-21T14:52:10","slug":"contact","status":"publish","type":"page","link":"https:\/\/api-colomiers.com\/lucieaubrac\/contact.php","title":{"rendered":"Contact"},"content":{"rendered":"<p>Pour toutes questions, remarques ou suggestions vous pouvez nous contacter gr\u00e2ce \u00e0 la bo\u00eete au lettre API (\u00e0 c\u00f4t\u00e9 du local \u00e0 v\u00e9lo) ou via notre adresse email: lucieaubrac@api-colomiers.com<\/p>\n","protected":false},"excerpt":{"rendered":"<p>Pour toutes questions, remarques ou suggestions vous pouvez nous contacter gr\u00e2ce \u00e0 la bo\u00eete au lettre API (\u00e0 c\u00f4t\u00e9 du local \u00e0 v\u00e9lo) ou via notre adresse email: lucieaubrac@api-colomiers.com<\/p>\n","protected":false},"author":1,"featured_media":0,"parent":0,"menu_order":0,"comment_status":"closed","ping_status":"closed","template":"","meta":{"footnotes":""},"class_list":["post-40","page","type-page","status-publish","hentry"],"_links":{"self":[{"href":"https:\/\/api-colomiers.com\/lucieaubrac\/wp-json\/wp\/v2\/pages\/40","targetHints":{"allow":["GET"]}}],"collection":[{"href":"https:\/\/api-colomiers.com\/lucieaubrac\/wp-json\/wp\/v2\/pages"}],"about":[{"href":"https:\/\/api-colomiers.com\/lucieaubrac\/wp-json\/wp\/v2\/types\/page"}],"author":[{"embeddable":true,"href":"https:\/\/api-colomiers.com\/lucieaubrac\/wp-json\/wp\/v2\/users\/1"}],"replies":[{"embeddable":true,"href":"https:\/\/api-colomiers.com\/lucieaubrac\/wp-json\/wp\/v2\/comments?post=40"}],"version-history":[{"count":5,"href":"https:\/\/api-colomiers.com\/lucieaubrac\/wp-json\/wp\/v2\/pages\/40\/revisions"}],"predecessor-version":[{"id":2996,"href":"https:\/\/api-colomiers.com\/lucieaubrac\/wp-json\/wp\/v2\/pages\/40\/revisions\/2996"}],"wp:attachment":[{"href":"https:\/\/api-colomiers.com\/lucieaubrac\/wp-json\/wp\/v2\/media?parent=40"}],"curies":[{"name":"wp","href":"https:\/\/api.w.org\/{rel}","templated":true}]}}