{"id":33,"date":"2015-03-21T20:47:36","date_gmt":"2015-03-21T20:47:36","guid":{"rendered":"http:\/\/api-colomiers.com\/lucieaubrac\/?page_id=33"},"modified":"2024-11-17T21:24:37","modified_gmt":"2024-11-17T20:24:37","slug":"ecoles","status":"publish","type":"page","link":"https:\/\/api-colomiers.com\/lucieaubrac\/ecoles.php","title":{"rendered":"Maternelle"},"content":{"rendered":"<h2><span style=\"color: #19bc9c;\">Ecole <\/span><\/h2>\n<ul>\n<li><span style=\"text-decoration: underline;\">Adresse:<\/span><strong>\u00a0\u00a0<\/strong>1 all\u00e9e Georges-Brassens 31 770 Colomiers<\/li>\n<li><span style=\"text-decoration: underline;\">T\u00e9l\u00e9phone \u00e9cole:<\/span>\u00a0 05.61.63.50.32<\/li>\n<li><span style=\"text-decoration: underline;\">Directrice:<\/span>\u00a0 Mme\u00a0AVEROUS<\/li>\n<li><span style=\"text-decoration: underline;\">Horaires \u00e9cole:<\/span>\n<ul>\n<li>Lundi, mardi, jeudi et vendredi: 8h30-11h30 et 13h40-16h00\u00a0(ouverture des portes 8h20 et 13h30)<\/li>\n<li>Mercredi: 8h30-11h10\u00a0(ouverture des portes 8h20)<\/li>\n<\/ul>\n<\/li>\n<\/ul>\n<hr \/>\n<h2>\u00a0<span style=\"color: #19bc9c;\">ALAE\u00a0<\/span><\/h2>\n<ul>\n<li><span style=\"text-decoration: underline;\">Adresse:<\/span>\u00a0 1 all\u00e9e Georges-Brassens 31 770 Colomiers<\/li>\n<li><span style=\"text-decoration: underline;\">T\u00e9l\u00e9phone:<\/span>\u00a0 05 61 63 50 34<\/li>\n<li><span style=\"text-decoration: underline;\">Directrice:<\/span>\u00a0 Laura MEZERGUES<\/li>\n<li><span style=\"text-decoration: underline;\">Horaire ALAE:<\/span>\n<ul>\n<li>Lundi, mardi, jeudi et vendredi:\u00a07h30-8h30 et 16h00-18h30.<\/li>\n<li>Mercredi:\n<ul>\n<li>Garderie: 11h10-12h30<\/li>\n<li>Centre de loisirs du Cabirol :\u00a0vous pourrez r\u00e9cup\u00e9rer votre enfant entre 16h30 et 18h30<\/li>\n<\/ul>\n<\/li>\n<\/ul>\n<\/li>\n<\/ul>\n<h2><\/h2>\n","protected":false},"excerpt":{"rendered":"<p>Ecole Adresse:\u00a0\u00a01 all\u00e9e Georges-Brassens 31 770 Colomiers T\u00e9l\u00e9phone \u00e9cole:\u00a0 05.61.63.50.32 Directrice:\u00a0 Mme\u00a0AVEROUS Horaires \u00e9cole: Lundi, mardi, jeudi et vendredi: 8h30-11h30 et 13h40-16h00\u00a0(ouverture des portes 8h20 et 13h30) Mercredi: 8h30-11h10\u00a0(ouverture des portes 8h20) \u00a0ALAE\u00a0 Adresse:\u00a0 1 all\u00e9e Georges-Brassens 31 770 Colomiers<\/p>\n","protected":false},"author":1,"featured_media":0,"parent":0,"menu_order":0,"comment_status":"closed","ping_status":"closed","template":"","meta":{"footnotes":""},"class_list":["post-33","page","type-page","status-publish","hentry"],"_links":{"self":[{"href":"https:\/\/api-colomiers.com\/lucieaubrac\/wp-json\/wp\/v2\/pages\/33","targetHints":{"allow":["GET"]}}],"collection":[{"href":"https:\/\/api-colomiers.com\/lucieaubrac\/wp-json\/wp\/v2\/pages"}],"about":[{"href":"https:\/\/api-colomiers.com\/lucieaubrac\/wp-json\/wp\/v2\/types\/page"}],"author":[{"embeddable":true,"href":"https:\/\/api-colomiers.com\/lucieaubrac\/wp-json\/wp\/v2\/users\/1"}],"replies":[{"embeddable":true,"href":"https:\/\/api-colomiers.com\/lucieaubrac\/wp-json\/wp\/v2\/comments?post=33"}],"version-history":[{"count":15,"href":"https:\/\/api-colomiers.com\/lucieaubrac\/wp-json\/wp\/v2\/pages\/33\/revisions"}],"predecessor-version":[{"id":3478,"href":"https:\/\/api-colomiers.com\/lucieaubrac\/wp-json\/wp\/v2\/pages\/33\/revisions\/3478"}],"wp:attachment":[{"href":"https:\/\/api-colomiers.com\/lucieaubrac\/wp-json\/wp\/v2\/media?parent=33"}],"curies":[{"name":"wp","href":"https:\/\/api.w.org\/{rel}","templated":true}]}}