{"id":30,"date":"2015-03-21T20:47:02","date_gmt":"2015-03-21T20:47:02","guid":{"rendered":"http:\/\/api-colomiers.com\/lucieaubrac\/?page_id=30"},"modified":"2025-10-11T15:50:17","modified_gmt":"2025-10-11T13:50:17","slug":"coordonnees-et-horaires","status":"publish","type":"page","link":"https:\/\/api-colomiers.com\/lucieaubrac\/coordonnees-et-horaires.php","title":{"rendered":"Coordonn\u00e9es et horaires"},"content":{"rendered":"<p><a title=\"Coordonn\u00e9es et horaires maternelle\" href=\"https:\/\/api-colomiers.com\/lucieaubrac\/?page_id=33\">Coordonn\u00e9es et horaires maternelle<\/a><\/p>\n<p><a title=\"Coordonn\u00e9es et horaires \u00e9l\u00e9mentaire\" href=\"https:\/\/api-colomiers.com\/lucieaubrac\/?page_id=27\">Coordonn\u00e9es et horaires \u00e9l\u00e9mentaire<\/a><\/p>\n","protected":false},"excerpt":{"rendered":"<p>Coordonn\u00e9es et horaires maternelle Coordonn\u00e9es et horaires \u00e9l\u00e9mentaire<\/p>\n","protected":false},"author":1,"featured_media":0,"parent":0,"menu_order":0,"comment_status":"closed","ping_status":"closed","template":"","meta":{"footnotes":""},"class_list":["post-30","page","type-page","status-publish","hentry"],"_links":{"self":[{"href":"https:\/\/api-colomiers.com\/lucieaubrac\/wp-json\/wp\/v2\/pages\/30","targetHints":{"allow":["GET"]}}],"collection":[{"href":"https:\/\/api-colomiers.com\/lucieaubrac\/wp-json\/wp\/v2\/pages"}],"about":[{"href":"https:\/\/api-colomiers.com\/lucieaubrac\/wp-json\/wp\/v2\/types\/page"}],"author":[{"embeddable":true,"href":"https:\/\/api-colomiers.com\/lucieaubrac\/wp-json\/wp\/v2\/users\/1"}],"replies":[{"embeddable":true,"href":"https:\/\/api-colomiers.com\/lucieaubrac\/wp-json\/wp\/v2\/comments?post=30"}],"version-history":[{"count":3,"href":"https:\/\/api-colomiers.com\/lucieaubrac\/wp-json\/wp\/v2\/pages\/30\/revisions"}],"predecessor-version":[{"id":80,"href":"https:\/\/api-colomiers.com\/lucieaubrac\/wp-json\/wp\/v2\/pages\/30\/revisions\/80"}],"wp:attachment":[{"href":"https:\/\/api-colomiers.com\/lucieaubrac\/wp-json\/wp\/v2\/media?parent=30"}],"curies":[{"name":"wp","href":"https:\/\/api.w.org\/{rel}","templated":true}]}}