{"id":165,"date":"2015-05-04T22:53:40","date_gmt":"2015-05-04T20:53:40","guid":{"rendered":"http:\/\/api-colomiers.com\/lucieaubrac\/?page_id=165"},"modified":"2016-02-26T19:55:02","modified_gmt":"2016-02-26T18:55:02","slug":"autres","status":"publish","type":"page","link":"https:\/\/api-colomiers.com\/lucieaubrac\/autres.php","title":{"rendered":"Autres"},"content":{"rendered":"<h2><span style=\"color: #19bc9c;\">Centre de loisirs du Cabirol<\/span><\/h2>\n<ul>\n<li>Adresse:\u00a0 all\u00e9e des Alpilles 31 770 Colomiers<\/li>\n<li>T\u00e9l\u00e9phone section maternelle:\u00a0 05.61.15.31.56<\/li>\n<li>T\u00e9l\u00e9phone section \u00e9l\u00e9mentaire:\u00a0 05.61.15.31.55<\/li>\n<li>Horaires:\n<ul>\n<li>Mercredi en p\u00e9riode scolaire: 11h30-18h30<\/li>\n<li>Tous les jours pendant les vacances scolaires: 11h30-18h30<\/li>\n<\/ul>\n<\/li>\n<\/ul>\n<hr \/>\n<h2><span style=\"color: #19bc9c;\">\u00a0<strong>Direction enfance\u00a0\u00e9ducation famille et sports<\/strong><\/span><\/h2>\n<ul>\n<li>Adresse:<\/li>\n<\/ul>\n<p>Mairie de Colomiers \u2013 6\u00e8me\u00a0\u00e9tage<br \/>\n1 place Alex Raymond \u2013 BP 30330<br \/>\n31776 Colomiers Cedex<\/p>\n<ul>\n<li>T\u00e9l\u00e9phone:\u00a0 05.61.15.24.35<\/li>\n<\/ul>\n","protected":false},"excerpt":{"rendered":"<p>Centre de loisirs du Cabirol Adresse:\u00a0 all\u00e9e des Alpilles 31 770 Colomiers T\u00e9l\u00e9phone section maternelle:\u00a0 05.61.15.31.56 T\u00e9l\u00e9phone section \u00e9l\u00e9mentaire:\u00a0 05.61.15.31.55 Horaires: Mercredi en p\u00e9riode scolaire: 11h30-18h30 Tous les jours pendant les vacances scolaires: 11h30-18h30 \u00a0Direction enfance\u00a0\u00e9ducation famille et sports Adresse:<\/p>\n","protected":false},"author":1,"featured_media":0,"parent":0,"menu_order":0,"comment_status":"closed","ping_status":"closed","template":"","meta":{"footnotes":""},"class_list":["post-165","page","type-page","status-publish","hentry"],"_links":{"self":[{"href":"https:\/\/api-colomiers.com\/lucieaubrac\/wp-json\/wp\/v2\/pages\/165","targetHints":{"allow":["GET"]}}],"collection":[{"href":"https:\/\/api-colomiers.com\/lucieaubrac\/wp-json\/wp\/v2\/pages"}],"about":[{"href":"https:\/\/api-colomiers.com\/lucieaubrac\/wp-json\/wp\/v2\/types\/page"}],"author":[{"embeddable":true,"href":"https:\/\/api-colomiers.com\/lucieaubrac\/wp-json\/wp\/v2\/users\/1"}],"replies":[{"embeddable":true,"href":"https:\/\/api-colomiers.com\/lucieaubrac\/wp-json\/wp\/v2\/comments?post=165"}],"version-history":[{"count":5,"href":"https:\/\/api-colomiers.com\/lucieaubrac\/wp-json\/wp\/v2\/pages\/165\/revisions"}],"predecessor-version":[{"id":548,"href":"https:\/\/api-colomiers.com\/lucieaubrac\/wp-json\/wp\/v2\/pages\/165\/revisions\/548"}],"wp:attachment":[{"href":"https:\/\/api-colomiers.com\/lucieaubrac\/wp-json\/wp\/v2\/media?parent=165"}],"curies":[{"name":"wp","href":"https:\/\/api.w.org\/{rel}","templated":true}]}}