{"id":60,"date":"2024-09-27T19:13:20","date_gmt":"2024-09-27T17:13:20","guid":{"rendered":"https:\/\/api-colomiers.com\/leonblum\/?page_id=60"},"modified":"2024-09-29T16:31:37","modified_gmt":"2024-09-29T14:31:37","slug":"notre-profession-de-foi","status":"publish","type":"page","link":"https:\/\/api-colomiers.com\/leonblum\/?page_id=60","title":{"rendered":"Notre profession de foi"},"content":{"rendered":"\n<figure class=\"wp-block-image size-full is-resized\"><img loading=\"lazy\" decoding=\"async\" width=\"474\" height=\"476\" src=\"https:\/\/api-colomiers.com\/leonblum\/wp-content\/uploads\/2024\/09\/image-5.png\" alt=\"\" class=\"wp-image-67\" style=\"width:242px;height:auto\" srcset=\"https:\/\/api-colomiers.com\/leonblum\/wp-content\/uploads\/2024\/09\/image-5.png 474w, https:\/\/api-colomiers.com\/leonblum\/wp-content\/uploads\/2024\/09\/image-5-300x300.png 300w, https:\/\/api-colomiers.com\/leonblum\/wp-content\/uploads\/2024\/09\/image-5-150x150.png 150w, https:\/\/api-colomiers.com\/leonblum\/wp-content\/uploads\/2024\/09\/image-5-270x270.png 270w, https:\/\/api-colomiers.com\/leonblum\/wp-content\/uploads\/2024\/09\/image-5-230x230.png 230w\" sizes=\"auto, (max-width: 474px) 100vw, 474px\" \/><\/figure>\n\n\n\n<p class=\"has-text-align-center\" style=\"font-style:normal;font-weight:700\"><strong><mark style=\"background-color:rgba(0, 0, 0, 0)\" class=\"has-inline-color has-vivid-cyan-blue-color\">COLLEGE LEON BLUM<\/mark><\/strong><\/p>\n\n\n\n<p><\/p>\n\n\n\n<p>Nous sommes une <strong>A<\/strong>ssociation de <strong>P<\/strong>arents <strong>I<\/strong>nd\u00e9pendants, b\u00e9n\u00e9voles et autonomes sans \u00e9tiquette politique ou religieuse.<\/p>\n\n\n\n<p>Fort du r\u00e9seau scolaire API Colomiers, nous consid\u00e9rons que l\u2019int\u00e9r\u00eat de l\u2019enfant passe par son bien-\u00eatre dans son \u00e9tablissement scolaire et nous voulons \u0153uvrer pour qu\u2019il\/elle puisse travailler dans les meilleures conditions possibles.<br><\/p>\n\n\n\n<p><strong>Notre r\u00f4le :<br>\u00catre \u00e0 l\u2019\u00e9coute<\/strong> de tous les parents pour relayer vos remarques, interrogations, suggestions et <strong>vous repr\u00e9senter<\/strong> le mieux possible dans les diff\u00e9rentes<br>instances :<\/p>\n\n\n\n<ul class=\"wp-block-list\">\n<li>&#8211; Aux Conseils d\u2019Administration : (le CA adopte le projet de l\u2019\u00e9tablissement, le budget, le r\u00e8glement int\u00e9rieur\u2026)<\/li>\n\n\n\n<li>&#8211; Au sein des diff\u00e9rentes commissions et conseils<\/li>\n\n\n\n<li>&#8211; Servir de m\u00e9diateur entre les parents et les diff\u00e9rentes instances du coll\u00e8ge.<\/li>\n<\/ul>\n\n\n\n<p><strong>Nos engagements<\/strong> :<\/p>\n\n\n\n<ul class=\"wp-block-list\">\n<li>&#8211; <strong>Dialoguer <\/strong>avec le coll\u00e8ge afin d&#8217;am\u00e9liorer la scolarit\u00e9 et la s\u00e9curit\u00e9 des \u00e9l\u00e8ves au sein de l\u2019\u00e9tablissement, et aux abords si possible (gestion de conflit entre \u00e9l\u00e8ves, absences de professeurs, \u2026).<\/li>\n\n\n\n<li>&#8211; <strong>Faire progresser<\/strong> la qualit\u00e9 de vie des \u00e9l\u00e8ves en partenariat avec le coll\u00e8ge (gestion du stress scolaire, actions \u00e9cologiques, \u2026).<\/li>\n\n\n\n<li>&#8211; <strong>Participer <\/strong>aux conseils de classe : recueillir vos commentaires, les faire remonter lors des conseils de classe, informer l\u2019ensemble des parents de la classe par un compte-rendu.<\/li>\n\n\n\n<li>&#8211; Mettre \u00e0 disposition des <strong>infos <\/strong>sur notre site API Coll\u00e8ge L\u00e9on Blum (aides aux devoirs, choses \u00e0 savoir par niveau de classe, infos centres de loisirs, \u2026)<\/li>\n\n\n\n<li>&#8211; Mener des <strong>actions <\/strong>pour participer financi\u00e8rement \u00e0 des sorties scolaires et\/ou \u00e9v\u00e8nements<\/li>\n<\/ul>\n\n\n\n<p><\/p>\n\n\n\n<p>Pour nous contacter: <a href=\"mailto:api.colomiers.leonblum@gmail.com\" target=\"_blank\" rel=\"noreferrer noopener\">api.colomiers.leonblum@gmail.com<\/a><\/p>\n\n\n\n<p><\/p>\n","protected":false},"excerpt":{"rendered":"<p>COLLEGE LEON BLUM Nous sommes une Association de Parents Ind\u00e9pendants, b\u00e9n\u00e9voles et autonomes sans \u00e9tiquette politique ou religieuse. Fort du r\u00e9seau scolaire API Colomiers, nous consid\u00e9rons que l\u2019int\u00e9r\u00eat de l\u2019enfant passe par son bien-\u00eatre dans son \u00e9tablissement scolaire et nous<\/p>\n","protected":false},"author":2,"featured_media":0,"parent":0,"menu_order":0,"comment_status":"closed","ping_status":"closed","template":"","meta":{"footnotes":""},"class_list":["post-60","page","type-page","status-publish","hentry"],"_links":{"self":[{"href":"https:\/\/api-colomiers.com\/leonblum\/index.php?rest_route=\/wp\/v2\/pages\/60","targetHints":{"allow":["GET"]}}],"collection":[{"href":"https:\/\/api-colomiers.com\/leonblum\/index.php?rest_route=\/wp\/v2\/pages"}],"about":[{"href":"https:\/\/api-colomiers.com\/leonblum\/index.php?rest_route=\/wp\/v2\/types\/page"}],"author":[{"embeddable":true,"href":"https:\/\/api-colomiers.com\/leonblum\/index.php?rest_route=\/wp\/v2\/users\/2"}],"replies":[{"embeddable":true,"href":"https:\/\/api-colomiers.com\/leonblum\/index.php?rest_route=%2Fwp%2Fv2%2Fcomments&post=60"}],"version-history":[{"count":6,"href":"https:\/\/api-colomiers.com\/leonblum\/index.php?rest_route=\/wp\/v2\/pages\/60\/revisions"}],"predecessor-version":[{"id":76,"href":"https:\/\/api-colomiers.com\/leonblum\/index.php?rest_route=\/wp\/v2\/pages\/60\/revisions\/76"}],"wp:attachment":[{"href":"https:\/\/api-colomiers.com\/leonblum\/index.php?rest_route=%2Fwp%2Fv2%2Fmedia&parent=60"}],"curies":[{"name":"wp","href":"https:\/\/api.w.org\/{rel}","templated":true}]}}