{"id":41,"date":"2024-09-27T18:48:37","date_gmt":"2024-09-27T16:48:37","guid":{"rendered":"https:\/\/api-colomiers.com\/leonblum\/?page_id=41"},"modified":"2024-09-27T18:48:39","modified_gmt":"2024-09-27T16:48:39","slug":"qui-est-leon-blum","status":"publish","type":"page","link":"https:\/\/api-colomiers.com\/leonblum\/?page_id=41","title":{"rendered":"Qui est L\u00e9on BLUM?"},"content":{"rendered":"\n<figure class=\"wp-block-image size-full\"><img loading=\"lazy\" decoding=\"async\" width=\"220\" height=\"298\" src=\"https:\/\/api-colomiers.com\/leonblum\/wp-content\/uploads\/2024\/09\/image.png\" alt=\"\" class=\"wp-image-42\"\/><\/figure>\n\n\n\n<p><strong>L\u00e9on Blum<\/strong>, n\u00e9 le\u00a09 avril 1872\u00a0\u00e0 Paris\u00a02<sup>e<\/sup>\u00a0et mort le\u00a030 mars 1950\u00a0\u00e0\u00a0Jouy-en-Josas, est un\u00a0homme d&#8217;\u00c9tat\u00a0fran\u00e7ais. Figure du\u00a0socialisme, il est\u00a0pr\u00e9sident du Conseil\u00a0de\u00a0juin 1936\u00a0\u00e0\u00a0juin 1937\u00a0et de\u00a0mars\u00a0\u00e0\u00a0avril 1938, puis pr\u00e9sident du\u00a0Gouvernement provisoire de la R\u00e9publique fran\u00e7aise\u00a0de\u00a0d\u00e9cembre 1946\u00a0\u00e0\u00a0janvier 1947.<\/p>\n\n\n\n<p>Juriste, membre du\u00a0Conseil d&#8217;\u00c9tat\u00a0ainsi que\u00a0critique litt\u00e9raire\u00a0et \u00e9crivain, il devient un dirigeant de la\u00a0Section fran\u00e7aise de l&#8217;Internationale ouvri\u00e8re\u00a0(SFIO) \u00e0 l\u2019approche des\u00a0\u00e9lections l\u00e9gislatives de 1919\u00a0et refuse l\u2019ann\u00e9e suivante de voter l&#8217;adh\u00e9sion \u00e0 l&#8217;Internationale communiste\u00a0lors du\u00a0congr\u00e8s de Tours\u00a0en\u00a0d\u00e9cembre 1920.<\/p>\n\n\n\n<p>Apr\u00e8s la victoire de la coalition du\u00a0Front populaire\u00a0aux\u00a0\u00e9lections l\u00e9gislatives de 1936, il forme un\u00a0premier gouvernement\u00a0comprenant plusieurs femmes. Il conduit d&#8217;importantes r\u00e9formes sociales (cong\u00e9s pay\u00e9s,\u00a0r\u00e9duction du temps de travail,\u00a0etc.)\u00a0; en raison de l&#8217;hostilit\u00e9 des\u00a0radicaux, il soutient militairement les\u00a0R\u00e9publicains espagnols\u00a0en sous-main avec une politique qu\u2019il appelle de \u00ab\u00a0non-intervention rel\u00e2ch\u00e9e\u00a0\u00bb<sup><a href=\"https:\/\/fr.wikipedia.org\/wiki\/L%C3%A9on_Blum#cite_note-4\">c<\/a><\/sup>, ce qui conduit n\u00e9anmoins le\u00a0Parti communiste\u00a0\u00e0 lui retirer son soutien. Il redevient pr\u00e9sident du Conseil l\u2019ann\u00e9e suivante, mais pour seulement un mois.<\/p>\n\n\n\n<p>Lors de l&#8217;occupation de la France\u00a0par la\u00a0Wehrmacht, il est emprisonn\u00e9 par le\u00a0r\u00e9gime de Vichy, traduit en justice lors du\u00a0proc\u00e8s de Riom\u00a0en 1942, puis d\u00e9port\u00e9 \u00e0\u00a0Buchenwald. Lib\u00e9r\u00e9 en 1945, il pr\u00e9side ensuite le\u00a0dernier gouvernement provisoire de la R\u00e9publique fran\u00e7aise\u00a0durant la p\u00e9riode de mise en place des institutions de la\u00a0Quatri\u00e8me R\u00e9publique.<\/p>\n","protected":false},"excerpt":{"rendered":"<p>L\u00e9on Blum, n\u00e9 le\u00a09 avril 1872\u00a0\u00e0 Paris\u00a02e\u00a0et mort le\u00a030 mars 1950\u00a0\u00e0\u00a0Jouy-en-Josas, est un\u00a0homme d&#8217;\u00c9tat\u00a0fran\u00e7ais. Figure du\u00a0socialisme, il est\u00a0pr\u00e9sident du Conseil\u00a0de\u00a0juin 1936\u00a0\u00e0\u00a0juin 1937\u00a0et de\u00a0mars\u00a0\u00e0\u00a0avril 1938, puis pr\u00e9sident du\u00a0Gouvernement provisoire de la R\u00e9publique fran\u00e7aise\u00a0de\u00a0d\u00e9cembre 1946\u00a0\u00e0\u00a0janvier 1947. Juriste, membre du\u00a0Conseil d&#8217;\u00c9tat\u00a0ainsi que\u00a0critique litt\u00e9raire\u00a0et<\/p>\n","protected":false},"author":2,"featured_media":0,"parent":0,"menu_order":0,"comment_status":"closed","ping_status":"closed","template":"","meta":{"footnotes":""},"class_list":["post-41","page","type-page","status-publish","hentry"],"_links":{"self":[{"href":"https:\/\/api-colomiers.com\/leonblum\/index.php?rest_route=\/wp\/v2\/pages\/41","targetHints":{"allow":["GET"]}}],"collection":[{"href":"https:\/\/api-colomiers.com\/leonblum\/index.php?rest_route=\/wp\/v2\/pages"}],"about":[{"href":"https:\/\/api-colomiers.com\/leonblum\/index.php?rest_route=\/wp\/v2\/types\/page"}],"author":[{"embeddable":true,"href":"https:\/\/api-colomiers.com\/leonblum\/index.php?rest_route=\/wp\/v2\/users\/2"}],"replies":[{"embeddable":true,"href":"https:\/\/api-colomiers.com\/leonblum\/index.php?rest_route=%2Fwp%2Fv2%2Fcomments&post=41"}],"version-history":[{"count":1,"href":"https:\/\/api-colomiers.com\/leonblum\/index.php?rest_route=\/wp\/v2\/pages\/41\/revisions"}],"predecessor-version":[{"id":43,"href":"https:\/\/api-colomiers.com\/leonblum\/index.php?rest_route=\/wp\/v2\/pages\/41\/revisions\/43"}],"wp:attachment":[{"href":"https:\/\/api-colomiers.com\/leonblum\/index.php?rest_route=%2Fwp%2Fv2%2Fmedia&parent=41"}],"curies":[{"name":"wp","href":"https:\/\/api.w.org\/{rel}","templated":true}]}}