{"id":37,"date":"2024-09-27T18:43:03","date_gmt":"2024-09-27T16:43:03","guid":{"rendered":"https:\/\/api-colomiers.com\/leonblum\/?page_id=37"},"modified":"2024-09-27T18:43:03","modified_gmt":"2024-09-27T16:43:03","slug":"qui-sommes-nous","status":"publish","type":"page","link":"https:\/\/api-colomiers.com\/leonblum\/?page_id=37","title":{"rendered":"Qui sommes-nous ?"},"content":{"rendered":"\n<p>Nous sommes membres de l\u2019<strong>Association de Parents d\u2019\u00e9l\u00e8ves Ind\u00e9pendants<\/strong> de Colomiers. Il s\u2019agit de groupes de b\u00e9n\u00e9voles, apolitiques et sans hi\u00e9rarchie, pr\u00e9sents dans les diff\u00e9rents groupes scolaires de la ville.<\/p>\n\n\n\n<p>La section API du coll\u00e8ge L\u00e9on Blum a \u00e9t\u00e9 cr\u00e9\u00e9e \u00e0 la rentr\u00e9e scolaire 2024!<\/p>\n\n\n\n<p>Notre fonctionnement est paritaire et coll\u00e9gial. Chacun donne son avis, et offre son temps dans la mesure de ses moyens. Notre ambition est de faire entendre la voix des parents d\u2019\u00e9l\u00e8ves du coll\u00e8ge, de leur transmettre des informations les concernant, et de contribuer \u00e0 am\u00e9liorer les conditions d\u2019accueil et d\u2019apprentissage des enfants au coll\u00e8ge.<\/p>\n\n\n\n<p><strong>Notre r\u00f4le<\/strong><\/p>\n\n\n\n<p>Nous intervenons au sein des 3 Conseils d\u2019Administration (CA) annuels (le CA adopte le projet de d&#8217;\u00e9tablissement, le budget, le r\u00e8glement int\u00e9rieur&#8230;), ainsi que dans les diff\u00e9rentes commissions et conseils.<\/p>\n\n\n\n<p>Nous provoquons aussi des r\u00e9unions, par exemple sur la s\u00e9curit\u00e9 des abords de l&#8217;\u00e9tablissement, la politique scolaire,\u2026<\/p>\n\n\n\n<p>Nous travaillons en collaboration \u00e9troite avec tous les acteurs de la vie scolaire des enfants.<\/p>\n\n\n\n<p><strong>Nos r\u00e9alisations<\/strong><\/p>\n\n\n\n<p>Nous aidons \u00e0 la r\u00e9daction des comptes rendus des r\u00e9unions o\u00f9 nous vous repr\u00e9sentons.<\/p>\n\n\n\n<p>Dans un souci de rendre disponibles en temps r\u00e9el les informations concernant l\u2019\u00e9cole, nous avons cr\u00e9\u00e9 ce site internet. Il vous offre la possibilit\u00e9 de\u00a0<a href=\"api.colomiers.leonblum@gmail.com\">nous contacter<\/a>\u00a0et diffuse toutes les informations utiles:\u00a0horaires,\u00a0annonces sur l\u2019organisation d&#8217;\u00e9v\u00e9nements ou dates \u00e0 venir\u2026 Vous pourrez ainsi donner votre avis sur les projets de l\u2019\u00e9cole, proposer vos id\u00e9es ou bien encore\u00a0nous aider \u00e0 l\u2019animation des manifestations dans un seul et m\u00eame but: enrichir la vie scolaire de nos enfants!<\/p>\n\n\n\n<p>Nous initions aussi des actions pour r\u00e9colter des fonds et permettre aux classes de financer des animations et des sorties, sans recourir \u00e0 la participation des familles ou pour r\u00e9duire cette participation.<\/p>\n\n\n\n<p>Nous sommes connect\u00e9s aux \u00e9quipes des \u00e9coles de la ville, pour \u00e9changer sur les probl\u00e9matiques communes, et b\u00e9n\u00e9ficier du retour d\u2019exp\u00e9rience de chacun.<\/p>\n\n\n\n<p><strong>Notre avenir : \u00e9crivons-le ensemble !<\/strong><\/p>\n\n\n\n<p>Nous accueillons dans l\u2019association tous les parents qui s\u2019int\u00e9ressent \u00e0 la vie du coll\u00e8ge. Notre \u00e9quipe est conviviale et ouverte, elle doit se renouveler de fa\u00e7on permanente. Chacun donne de son temps en fonction de sa disponibilit\u00e9. N\u2019h\u00e9sitez pas \u00e0 nous rejoindre !<\/p>\n","protected":false},"excerpt":{"rendered":"<p>Nous sommes membres de l\u2019Association de Parents d\u2019\u00e9l\u00e8ves Ind\u00e9pendants de Colomiers. Il s\u2019agit de groupes de b\u00e9n\u00e9voles, apolitiques et sans hi\u00e9rarchie, pr\u00e9sents dans les diff\u00e9rents groupes scolaires de la ville. La section API du coll\u00e8ge L\u00e9on Blum a \u00e9t\u00e9 cr\u00e9\u00e9e<\/p>\n","protected":false},"author":2,"featured_media":0,"parent":0,"menu_order":0,"comment_status":"closed","ping_status":"closed","template":"","meta":{"footnotes":""},"class_list":["post-37","page","type-page","status-publish","hentry"],"_links":{"self":[{"href":"https:\/\/api-colomiers.com\/leonblum\/index.php?rest_route=\/wp\/v2\/pages\/37","targetHints":{"allow":["GET"]}}],"collection":[{"href":"https:\/\/api-colomiers.com\/leonblum\/index.php?rest_route=\/wp\/v2\/pages"}],"about":[{"href":"https:\/\/api-colomiers.com\/leonblum\/index.php?rest_route=\/wp\/v2\/types\/page"}],"author":[{"embeddable":true,"href":"https:\/\/api-colomiers.com\/leonblum\/index.php?rest_route=\/wp\/v2\/users\/2"}],"replies":[{"embeddable":true,"href":"https:\/\/api-colomiers.com\/leonblum\/index.php?rest_route=%2Fwp%2Fv2%2Fcomments&post=37"}],"version-history":[{"count":1,"href":"https:\/\/api-colomiers.com\/leonblum\/index.php?rest_route=\/wp\/v2\/pages\/37\/revisions"}],"predecessor-version":[{"id":38,"href":"https:\/\/api-colomiers.com\/leonblum\/index.php?rest_route=\/wp\/v2\/pages\/37\/revisions\/38"}],"wp:attachment":[{"href":"https:\/\/api-colomiers.com\/leonblum\/index.php?rest_route=%2Fwp%2Fv2%2Fmedia&parent=37"}],"curies":[{"name":"wp","href":"https:\/\/api.w.org\/{rel}","templated":true}]}}