{"id":865,"date":"2024-10-14T12:02:00","date_gmt":"2024-10-14T10:02:00","guid":{"rendered":"http:\/\/api-colomiers.com\/julesferry\/?page_id=865"},"modified":"2024-11-18T15:25:38","modified_gmt":"2024-11-18T14:25:38","slug":"vos-delegues-2024-2025","status":"publish","type":"page","link":"https:\/\/api-colomiers.com\/julesferry\/index.php\/qui-sommes-nous\/vos-delegues-2024-2025\/","title":{"rendered":"Vos d\u00e9l\u00e9gu\u00e9s 2024-2025"},"content":{"rendered":"\n<figure class=\"wp-block-image size-large\"><img loading=\"lazy\" decoding=\"async\" width=\"724\" height=\"1024\" src=\"https:\/\/api-colomiers.com\/julesferry\/wp-content\/uploads\/2024\/11\/IMG-20241003-WA0000-724x1024.jpg\" alt=\"\" class=\"wp-image-1252\" srcset=\"https:\/\/api-colomiers.com\/julesferry\/wp-content\/uploads\/2024\/11\/IMG-20241003-WA0000-724x1024.jpg 724w, https:\/\/api-colomiers.com\/julesferry\/wp-content\/uploads\/2024\/11\/IMG-20241003-WA0000-212x300.jpg 212w, https:\/\/api-colomiers.com\/julesferry\/wp-content\/uploads\/2024\/11\/IMG-20241003-WA0000-768x1086.jpg 768w, https:\/\/api-colomiers.com\/julesferry\/wp-content\/uploads\/2024\/11\/IMG-20241003-WA0000-1086x1536.jpg 1086w, https:\/\/api-colomiers.com\/julesferry\/wp-content\/uploads\/2024\/11\/IMG-20241003-WA0000-1320x1867.jpg 1320w, https:\/\/api-colomiers.com\/julesferry\/wp-content\/uploads\/2024\/11\/IMG-20241003-WA0000.jpg 1414w\" sizes=\"(max-width: 724px) 100vw, 724px\" \/><\/figure>\n","protected":false},"excerpt":{"rendered":"","protected":false},"author":8,"featured_media":0,"parent":35,"menu_order":1,"comment_status":"closed","ping_status":"closed","template":"","meta":{"footnotes":""},"class_list":["post-865","page","type-page","status-publish","hentry"],"_links":{"self":[{"href":"https:\/\/api-colomiers.com\/julesferry\/index.php\/wp-json\/wp\/v2\/pages\/865"}],"collection":[{"href":"https:\/\/api-colomiers.com\/julesferry\/index.php\/wp-json\/wp\/v2\/pages"}],"about":[{"href":"https:\/\/api-colomiers.com\/julesferry\/index.php\/wp-json\/wp\/v2\/types\/page"}],"author":[{"embeddable":true,"href":"https:\/\/api-colomiers.com\/julesferry\/index.php\/wp-json\/wp\/v2\/users\/8"}],"replies":[{"embeddable":true,"href":"https:\/\/api-colomiers.com\/julesferry\/index.php\/wp-json\/wp\/v2\/comments?post=865"}],"version-history":[{"count":2,"href":"https:\/\/api-colomiers.com\/julesferry\/index.php\/wp-json\/wp\/v2\/pages\/865\/revisions"}],"predecessor-version":[{"id":1253,"href":"https:\/\/api-colomiers.com\/julesferry\/index.php\/wp-json\/wp\/v2\/pages\/865\/revisions\/1253"}],"up":[{"embeddable":true,"href":"https:\/\/api-colomiers.com\/julesferry\/index.php\/wp-json\/wp\/v2\/pages\/35"}],"wp:attachment":[{"href":"https:\/\/api-colomiers.com\/julesferry\/index.php\/wp-json\/wp\/v2\/media?parent=865"}],"curies":[{"name":"wp","href":"https:\/\/api.w.org\/{rel}","templated":true}]}}