{"id":8,"date":"2018-12-05T19:20:06","date_gmt":"2018-12-05T18:20:06","guid":{"rendered":"http:\/\/api-colomiers.com\/julesferry\/?page_id=8"},"modified":"2024-11-20T15:18:49","modified_gmt":"2024-11-20T14:18:49","slug":"contactez-nous","status":"publish","type":"page","link":"https:\/\/api-colomiers.com\/julesferry\/index.php\/contactez-nous\/","title":{"rendered":"Contactez-nous"},"content":{"rendered":"\n<div class=\"wp-block-columns is-layout-flex wp-container-core-columns-is-layout-1 wp-block-columns-is-layout-flex\">\n<div class=\"wp-block-column is-layout-flow wp-block-column-is-layout-flow\" style=\"flex-basis:100%\">\n<p><font _mstmutation=\"1\"><\/font><\/p>\n\n\n\n<figure class=\"wp-block-image size-full is-resized\"><img loading=\"lazy\" decoding=\"async\" width=\"945\" height=\"582\" src=\"http:\/\/api-colomiers.com\/julesferry\/wp-content\/uploads\/2024\/11\/Jules-Ferry-Elem.png\" alt=\"\" class=\"wp-image-1496\" style=\"width:721px;height:auto\" srcset=\"https:\/\/api-colomiers.com\/julesferry\/wp-content\/uploads\/2024\/11\/Jules-Ferry-Elem.png 945w, https:\/\/api-colomiers.com\/julesferry\/wp-content\/uploads\/2024\/11\/Jules-Ferry-Elem-300x185.png 300w, https:\/\/api-colomiers.com\/julesferry\/wp-content\/uploads\/2024\/11\/Jules-Ferry-Elem-768x473.png 768w\" sizes=\"(max-width: 945px) 100vw, 945px\" \/><\/figure>\n\n\n\n<div style=\"height:30px\" aria-hidden=\"true\" class=\"wp-block-spacer\"><\/div>\n\n\n\n<h2 class=\"wp-block-heading\">Pour contacter la d\u00e9l\u00e9gation des parents, envoyez-nous un mail \u00e0 l\u2019adresse suivante : \u2026<\/h2>\n\n\n\n<div style=\"height:20px\" aria-hidden=\"true\" class=\"wp-block-spacer\"><\/div>\n\n\n\n<h2 class=\"wp-block-heading\"><strong><a href=\"mailto:parentsjulesferryelem@gmail.com\">parentsjulesferryelem@gmail.com<\/a><\/strong><\/h2>\n<\/div>\n<\/div>\n\n\n\n<div style=\"height:288px\" aria-hidden=\"true\" class=\"wp-block-spacer\"><\/div>\n\n\n\n<p><font _mstmutation=\"1\"><\/font><\/p>\n","protected":false},"excerpt":{"rendered":"<p>Pour contacter la d\u00e9l\u00e9gation des parents, envoyez-nous un mail \u00e0 l\u2019adresse suivante : \u2026 parentsjulesferryelem@gmail.com<\/p>\n","protected":false},"author":8,"featured_media":0,"parent":0,"menu_order":0,"comment_status":"closed","ping_status":"closed","template":"page-templates\/contact.php","meta":{"footnotes":""},"class_list":["post-8","page","type-page","status-publish","hentry"],"_links":{"self":[{"href":"https:\/\/api-colomiers.com\/julesferry\/index.php\/wp-json\/wp\/v2\/pages\/8"}],"collection":[{"href":"https:\/\/api-colomiers.com\/julesferry\/index.php\/wp-json\/wp\/v2\/pages"}],"about":[{"href":"https:\/\/api-colomiers.com\/julesferry\/index.php\/wp-json\/wp\/v2\/types\/page"}],"author":[{"embeddable":true,"href":"https:\/\/api-colomiers.com\/julesferry\/index.php\/wp-json\/wp\/v2\/users\/8"}],"replies":[{"embeddable":true,"href":"https:\/\/api-colomiers.com\/julesferry\/index.php\/wp-json\/wp\/v2\/comments?post=8"}],"version-history":[{"count":10,"href":"https:\/\/api-colomiers.com\/julesferry\/index.php\/wp-json\/wp\/v2\/pages\/8\/revisions"}],"predecessor-version":[{"id":1506,"href":"https:\/\/api-colomiers.com\/julesferry\/index.php\/wp-json\/wp\/v2\/pages\/8\/revisions\/1506"}],"wp:attachment":[{"href":"https:\/\/api-colomiers.com\/julesferry\/index.php\/wp-json\/wp\/v2\/media?parent=8"}],"curies":[{"name":"wp","href":"https:\/\/api.w.org\/{rel}","templated":true}]}}