{"id":45,"date":"2018-12-05T20:53:56","date_gmt":"2018-12-05T19:53:56","guid":{"rendered":"http:\/\/api-colomiers.com\/julesferry\/?page_id=45"},"modified":"2024-11-19T14:39:44","modified_gmt":"2024-11-19T13:39:44","slug":"contacts-supplementaires","status":"publish","type":"page","link":"https:\/\/api-colomiers.com\/julesferry\/index.php\/contacts-supplementaires\/","title":{"rendered":"Contacts Suppl\u00e9mentaires"},"content":{"rendered":"<h2><strong>\u00c9cole \u00c9l\u00e9mentaire Jules Ferry<\/strong><\/h2>\n<p><strong>Directrice :<\/strong> Ang\u00e9lita Ducasse<\/p>\n<p><strong>Adresse :<\/strong> 14 all\u00e9e des Pyr\u00e9n\u00e9es, 31770 Colomiers<\/p>\n<p><strong>T\u00e9l\u00e9phone :<\/strong> 05 61 63 50 28<\/p>\n<p><strong>E-mail :<\/strong> <a rel=\"noopener\">ce.0310430z@ac-toulouse.fr<\/a><\/p>\n<p><strong>Horaires scolaires :<\/strong><br \/>\nLundi, mardi, jeudi et vendredi : 8h30-11h30 et 13h45-16h00 \u2013 Les grilles ouvrent 10 minutes avant la sonnerie ; les enfants doivent \u00eatre dans la cour \u00e0 8h30 le matin et \u00e0 13h45 l&rsquo;apr\u00e8s-midi.<br \/>\nMercredi : 8h30-11h30<\/p>\n<hr \/>\n<h2><strong>ALAE<\/strong><\/h2>\n<p><strong>Directrice :<\/strong> Patricia Rousse<\/p>\n<p><strong>Adresse :<\/strong> 14 all\u00e9e des Pyr\u00e9n\u00e9es, 31770 Colomiers<\/p>\n<p><strong>T\u00e9l\u00e9phone :<\/strong> 05 61 63 50 47<\/p>\n<p><strong>E-mail :<\/strong> <a rel=\"noopener\">julesferry.clae@mairie-colomiers.fr<\/a><\/p>\n<p><strong>Horaires d\u2019ouverture de l\u2019ALAE :<\/strong><br \/>\nLundi, mardi, jeudi et vendredi : 7h30-8h30, 11h30-13h35 et 16h00-18h30<br \/>\nMercredi :<\/p>\n<ul>\n<li>Accueil du matin uniquement : 7h30-8h20<\/li>\n<li>Garderie sur inscription uniquement (\u00e0 effectuer \u00e0 la mairie, valable toute l\u2019ann\u00e9e) : 11h30-12h30<\/li>\n<li>Centre de loisirs du Cabirol sur inscription uniquement (\u00e0 effectuer \u00e0 l\u2019ALAE, valable pour le mois suivant) :\n<ul>\n<li>11h10-16h30 \u00e0 18h30 OU 13h30-14h00 \u2013 16h30 \u00e0 18h30<\/li>\n<\/ul>\n<\/li>\n<li>Maisons citoyennes : votre enfant peut \u00eatre accompagn\u00e9 \u00e0 la Maison citoyenne du Val d&rsquo;Aran, apr\u00e8s inscription pr\u00e9alable (\u00e0 effectuer \u00e0 l&rsquo;ALAE, valable pour le mois suivant).<\/li>\n<\/ul>\n<p><strong>Acc\u00e8s \u00e0 l\u2019ALAE :<\/strong> Par le portail situ\u00e9 sur le c\u00f4t\u00e9 de l\u2019entr\u00e9e de la direction de l\u2019\u00e9cole.<\/p>\n<hr \/>\n<h2><strong>Centre de Loisirs du Cabirol (\u00e9l\u00e9mentaire)<\/strong><\/h2>\n<p><strong>T\u00e9l\u00e9phone :<\/strong> 05 61 15 31 55<\/p>\n<p><strong>Adresse :<\/strong> 2 all\u00e9e des Alpilles, 31770 Colomiers<\/p>\n<hr \/>\n<h2><strong>Direction de l&rsquo;\u00c9ducation, de l&rsquo;Enfance et des Loisirs \u00c9ducatifs<\/strong><\/h2>\n<p><strong>T\u00e9l\u00e9phone :<\/strong> 05 61 15 24 35<\/p>\n<p><strong>E-mail:<\/strong> <a rel=\"noopener\">accueil.deefs@mairie-colomiers.fr<\/a><\/p>\n<p><strong>Horaires d\u2019ouverture au public :<\/strong><br \/>\nLundi, mercredi, jeudi : 8h30 \u00e0 17h00<br \/>\nMardi : 8h30 \u00e0 19h00<br \/>\nVendredi : 8h30 \u00e0 14h00<\/p>\n<hr \/>\n<h2><strong>Maison Citoyenne du Val d&rsquo;Aran<\/strong><\/h2>\n<p><strong>Adresse :<\/strong> Place du Val d\u2019Aran, 31770 Colomiers<\/p>\n<p><strong>T\u00e9l\u00e9phone :<\/strong> 05 61 15 31 86<\/p>\n<p><strong>E-mail :<\/strong> <a rel=\"noopener\">mc-val-aran@mairie-colomiers.fr<\/a><\/p>\n<hr \/>\n<h2><strong>Maison Citoyenne Saint-Exup\u00e9ry<\/strong><\/h2>\n<p><strong>Adresse :<\/strong> 12 all\u00e9e du Lauragais, 31770 Colomiers<\/p>\n<p><strong>T\u00e9l\u00e9phone :<\/strong> 05 61 15 31 79<\/p>\n<p><strong>E-mail :<\/strong> <a rel=\"noopener\">mc-plein-centre@mairie-colomiers.fr<\/a><\/p>\n<footer class=\"entry-meta-bar clearfix\"><\/footer>\n","protected":false},"excerpt":{"rendered":"<p>\u00c9cole \u00c9l\u00e9mentaire Jules Ferry Directrice : Ang\u00e9lita Ducasse Adresse : 14 all\u00e9e des Pyr\u00e9n\u00e9es, 31770 Colomiers T\u00e9l\u00e9phone : 05 61 63 50 28 E-mail : ce.0310430z@ac-toulouse.fr Horaires scolaires : Lundi, mardi, jeudi et vendredi : 8h30-11h30 et 13h45-16h00 \u2013 Les<\/p>\n","protected":false},"author":8,"featured_media":0,"parent":0,"menu_order":0,"comment_status":"closed","ping_status":"closed","template":"","meta":{"footnotes":""},"class_list":["post-45","page","type-page","status-publish","hentry"],"_links":{"self":[{"href":"https:\/\/api-colomiers.com\/julesferry\/index.php\/wp-json\/wp\/v2\/pages\/45"}],"collection":[{"href":"https:\/\/api-colomiers.com\/julesferry\/index.php\/wp-json\/wp\/v2\/pages"}],"about":[{"href":"https:\/\/api-colomiers.com\/julesferry\/index.php\/wp-json\/wp\/v2\/types\/page"}],"author":[{"embeddable":true,"href":"https:\/\/api-colomiers.com\/julesferry\/index.php\/wp-json\/wp\/v2\/users\/8"}],"replies":[{"embeddable":true,"href":"https:\/\/api-colomiers.com\/julesferry\/index.php\/wp-json\/wp\/v2\/comments?post=45"}],"version-history":[{"count":10,"href":"https:\/\/api-colomiers.com\/julesferry\/index.php\/wp-json\/wp\/v2\/pages\/45\/revisions"}],"predecessor-version":[{"id":1488,"href":"https:\/\/api-colomiers.com\/julesferry\/index.php\/wp-json\/wp\/v2\/pages\/45\/revisions\/1488"}],"wp:attachment":[{"href":"https:\/\/api-colomiers.com\/julesferry\/index.php\/wp-json\/wp\/v2\/media?parent=45"}],"curies":[{"name":"wp","href":"https:\/\/api.w.org\/{rel}","templated":true}]}}