{"id":35,"date":"2018-12-05T20:49:09","date_gmt":"2018-12-05T19:49:09","guid":{"rendered":"http:\/\/api-colomiers.com\/julesferry\/?page_id=35"},"modified":"2024-11-19T14:25:07","modified_gmt":"2024-11-19T13:25:07","slug":"qui-sommes-nous","status":"publish","type":"page","link":"https:\/\/api-colomiers.com\/julesferry\/index.php\/qui-sommes-nous\/","title":{"rendered":"Qui sommes-nous ?"},"content":{"rendered":"<p>Nous sommes membres de l&rsquo;Association des Parents Ind\u00e9pendants d&rsquo;\u00c9l\u00e8ves de Colomiers. Ce sont des groupes de b\u00e9n\u00e9voles, apolitiques et sans hi\u00e9rarchie, pr\u00e9sents dans les diff\u00e9rents groupes scolaires de la ville.<br \/>\u00c0 Jules Ferry, les parents nous ont accord\u00e9 leur confiance lors des \u00e9lections des d\u00e9l\u00e9gu\u00e9s de parents d\u2019\u00e9l\u00e8ves.<\/p>\n<p>Notre fonctionnement est bas\u00e9 sur la parit\u00e9 et la coll\u00e9gialit\u00e9. Chacun donne son avis et consacre du temps selon ses possibilit\u00e9s. Notre ambition est de faire entendre la voix des parents d\u2019\u00e9l\u00e8ves de l\u2019\u00e9cole, de leur transmettre des informations les concernant, et de contribuer \u00e0 l\u2019am\u00e9lioration des conditions d\u2019accueil et d\u2019apprentissage des enfants \u00e0 l\u2019\u00e9cole.<\/p>\n<h3>Notre r\u00f4le<\/h3>\n<p>Nous participons aux 3 conseils d\u2019\u00e9cole annuels, ainsi qu\u2019aux r\u00e9unions organis\u00e9es par la mairie.<br \/>Nous organisons \u00e9galement des r\u00e9unions, par exemple sur la s\u00e9curit\u00e9 aux abords du groupe scolaire, la carte Vi@, la politique scolaire, les r\u00e9sultats de l\u2019audit sur le patrimoine scolaire, etc.<br \/>Nous travaillons en \u00e9troite collaboration avec tous les acteurs de la vie scolaire des enfants : le directeur et les enseignants, l\u2019ALAE, les \u00e9quipes d\u2019entretien et de cantine, les services municipaux\u2026<\/p>\n<h3>Nos r\u00e9alisations<\/h3>\n<ul>\n<li>Nous r\u00e9digeons des comptes-rendus des r\u00e9unions o\u00f9 nous vous repr\u00e9sentons, qui sont ensuite diffus\u00e9s.<\/li>\n<li>Nous avons cr\u00e9\u00e9 les caf\u00e9s des parents. Ces moments d\u2019\u00e9change en fin d\u2019\u00e9cole ont lieu plusieurs fois par an. C\u2019est une occasion de discuter, d\u2019\u00e9couter, de recueillir des id\u00e9es ou des ressentis.<\/li>\n<li>Notre site internet est con\u00e7u pour diffuser en temps r\u00e9el des informations sur l\u2019\u00e9cole.<\/li>\n<li>Nous lan\u00e7ons aussi des actions pour alimenter la coop\u00e9rative scolaire, permettant aux classes de financer des activit\u00e9s et des sorties sans solliciter la participation des familles. Nous sommes connect\u00e9s aux \u00e9quipes des \u00e9coles de la ville pour \u00e9changer sur les probl\u00e9matiques communes et b\u00e9n\u00e9ficier des retours d\u2019exp\u00e9rience de chacun.<\/li>\n<\/ul>\n<h3>Notre avenir : \u00e9crivons-le ensemble !<\/h3>\n<p>Nous accueillons tous les parents int\u00e9ress\u00e9s par la vie scolaire au sein de l\u2019association. Notre \u00e9quipe est conviviale et ouverte, elle doit se renouveler constamment. Chacun donne de son temps selon ses disponibilit\u00e9s. N\u2019h\u00e9sitez pas \u00e0 nous rejoindre !<\/p>\n<p>\u00a0<\/p>\n\n\n<p><a _msttexthash=\"421798\" _msthash=\"349\" href=\"https:\/\/api-colomiers.com\/julesferry\/index.php\/qui-sommes-nous\/vos-delegues-2024-2025\/\" data-type=\"page\" data-id=\"865\">Vos d\u00e9l\u00e9gu\u00e9s 2024-2025<\/a><\/p>\n\n\n\n<p><font _mstmutation=\"1\"><\/font><\/p>\n\n\n\n<p><\/p>\n","protected":false},"excerpt":{"rendered":"<p>Nous sommes membres de l&rsquo;Association des Parents Ind\u00e9pendants d&rsquo;\u00c9l\u00e8ves de Colomiers. Ce sont des groupes de b\u00e9n\u00e9voles, apolitiques et sans hi\u00e9rarchie, pr\u00e9sents dans les diff\u00e9rents groupes scolaires de la ville.\u00c0 Jules Ferry, les parents nous ont accord\u00e9 leur confiance lors<\/p>\n","protected":false},"author":8,"featured_media":0,"parent":0,"menu_order":0,"comment_status":"closed","ping_status":"closed","template":"","meta":{"footnotes":""},"class_list":["post-35","page","type-page","status-publish","hentry"],"_links":{"self":[{"href":"https:\/\/api-colomiers.com\/julesferry\/index.php\/wp-json\/wp\/v2\/pages\/35"}],"collection":[{"href":"https:\/\/api-colomiers.com\/julesferry\/index.php\/wp-json\/wp\/v2\/pages"}],"about":[{"href":"https:\/\/api-colomiers.com\/julesferry\/index.php\/wp-json\/wp\/v2\/types\/page"}],"author":[{"embeddable":true,"href":"https:\/\/api-colomiers.com\/julesferry\/index.php\/wp-json\/wp\/v2\/users\/8"}],"replies":[{"embeddable":true,"href":"https:\/\/api-colomiers.com\/julesferry\/index.php\/wp-json\/wp\/v2\/comments?post=35"}],"version-history":[{"count":5,"href":"https:\/\/api-colomiers.com\/julesferry\/index.php\/wp-json\/wp\/v2\/pages\/35\/revisions"}],"predecessor-version":[{"id":1481,"href":"https:\/\/api-colomiers.com\/julesferry\/index.php\/wp-json\/wp\/v2\/pages\/35\/revisions\/1481"}],"wp:attachment":[{"href":"https:\/\/api-colomiers.com\/julesferry\/index.php\/wp-json\/wp\/v2\/media?parent=35"}],"curies":[{"name":"wp","href":"https:\/\/api.w.org\/{rel}","templated":true}]}}