{"id":990,"date":"2017-10-17T11:01:27","date_gmt":"2017-10-17T10:01:27","guid":{"rendered":"http:\/\/api-colomiers.com\/georgesand\/?page_id=990"},"modified":"2024-10-14T18:58:54","modified_gmt":"2024-10-14T17:58:54","slug":"elementaire-et-alae","status":"publish","type":"page","link":"https:\/\/api-colomiers.com\/georgesand\/elementaire-et-alae\/","title":{"rendered":"El\u00e9mentaire et ALAE"},"content":{"rendered":"<h2><span style=\"color: #33cccc;\">\u00c9cole \u00c9l\u00e9mentaire<\/span><\/h2>\n<ul>\n<li>Adresse :\u00a0<a href=\"https:\/\/www.google.fr\/maps\/place\/All\u00e9e+de+la+Colombe,+31770+Colomiers\" target=\"_blank\" rel=\"noopener noreferrer\">All\u00e9e de la Colombe \u2013 31770\u00a0Colomiers<strong>\u00a0<\/strong><\/a><\/li>\n<li>T\u00e9l\u00e9phone \u00e9cole :\u00a005 61 63 50 42<\/li>\n<li>Adresse e-mail :\u00a0<a href=\"mailto:ce.0312888w@ac-toulouse.fr\">ce.0312888w@ac-toulouse.fr<\/a><\/li>\n<li>Directrice :\u00a0 Mme DELATTRE Christine<\/li>\n<li>Horaires \u00e9cole :\n<ul>\n<li>Lundi, mardi, jeudi et vendredi: 8h30-11h30 et 13h45-16h00<\/li>\n<li>Mercredi: 8h30-11h30<\/li>\n<\/ul>\n<\/li>\n<\/ul>\n<h2><span style=\"color: #33cccc;\">ALAE \u00c9l\u00e9mentaire<\/span><\/h2>\n<ul>\n<li>Adresse :\u00a0<a href=\"https:\/\/www.google.fr\/maps\/place\/All\u00e9e+de+la+Colombe,+31770+Colomiers\" target=\"_blank\" rel=\"noopener noreferrer\">All\u00e9e de la Colombe \u2013 31770\u00a0Colomiers<\/a><\/li>\n<li>T\u00e9l\u00e9phone :\u00a005 61 63 50 43<\/li>\n<li>Adresse e-mail : <a href=\"GeorgeSandElementaire.ALAE@mairie-colomiers.fr\">GeorgeSandElementaire.ALAE@mairie-colomiers.fr<\/a><\/li>\n<li>Directrice : Mme PASCOUAL Estelle<\/li>\n<li>Horaires ALAE :\n<ul>\n<li>Lundi, mardi, jeudi et vendredi: 7h30-8h30, 11h30-13h45 et 16h00-18h30.<\/li>\n<li>Mercredi: 7h30-8h30<\/li>\n<\/ul>\n<\/li>\n<\/ul>\n","protected":false},"excerpt":{"rendered":"<p>\u00c9cole \u00c9l\u00e9mentaire Adresse :\u00a0All\u00e9e de la Colombe \u2013 31770\u00a0Colomiers\u00a0 T\u00e9l\u00e9phone \u00e9cole :\u00a005 61 63 50 42 Adresse e-mail :\u00a0ce.0312888w@ac-toulouse.fr Directrice :\u00a0 Mme DELATTRE Christine Horaires \u00e9cole : Lundi, mardi, jeudi et vendredi: 8h30-11h30 et 13h45-16h00 Mercredi: 8h30-11h30 ALAE \u00c9l\u00e9mentaire Adresse<\/p>\n","protected":false},"author":10,"featured_media":0,"parent":0,"menu_order":0,"comment_status":"closed","ping_status":"closed","template":"","meta":{"footnotes":""},"class_list":["post-990","page","type-page","status-publish","hentry"],"_links":{"self":[{"href":"https:\/\/api-colomiers.com\/georgesand\/wp-json\/wp\/v2\/pages\/990","targetHints":{"allow":["GET"]}}],"collection":[{"href":"https:\/\/api-colomiers.com\/georgesand\/wp-json\/wp\/v2\/pages"}],"about":[{"href":"https:\/\/api-colomiers.com\/georgesand\/wp-json\/wp\/v2\/types\/page"}],"author":[{"embeddable":true,"href":"https:\/\/api-colomiers.com\/georgesand\/wp-json\/wp\/v2\/users\/10"}],"replies":[{"embeddable":true,"href":"https:\/\/api-colomiers.com\/georgesand\/wp-json\/wp\/v2\/comments?post=990"}],"version-history":[{"count":5,"href":"https:\/\/api-colomiers.com\/georgesand\/wp-json\/wp\/v2\/pages\/990\/revisions"}],"predecessor-version":[{"id":3011,"href":"https:\/\/api-colomiers.com\/georgesand\/wp-json\/wp\/v2\/pages\/990\/revisions\/3011"}],"wp:attachment":[{"href":"https:\/\/api-colomiers.com\/georgesand\/wp-json\/wp\/v2\/media?parent=990"}],"curies":[{"name":"wp","href":"https:\/\/api.w.org\/{rel}","templated":true}]}}