{"id":436,"date":"2016-01-17T14:35:25","date_gmt":"2016-01-17T13:35:25","guid":{"rendered":"http:\/\/api-colomiers.com\/georgesand\/?page_id=436"},"modified":"2016-01-17T14:35:25","modified_gmt":"2016-01-17T13:35:25","slug":"photos-noel-2015","status":"publish","type":"page","link":"https:\/\/api-colomiers.com\/georgesand\/photos-noel-2015\/","title":{"rendered":"Photos No\u00ebl 2015"},"content":{"rendered":"<p><a href=\"https:\/\/api-colomiers.com\/georgesand\/wp-content\/uploads\/2016\/01\/DecoNoel1.jpg\" rel=\"attachment wp-att-431\"><img loading=\"lazy\" decoding=\"async\" class=\"alignnone size-medium wp-image-431\" src=\"https:\/\/api-colomiers.com\/georgesand\/wp-content\/uploads\/2016\/01\/DecoNoel1-202x300.jpg\" alt=\"DecoNoel1\" width=\"202\" height=\"300\" srcset=\"https:\/\/api-colomiers.com\/georgesand\/wp-content\/uploads\/2016\/01\/DecoNoel1-202x300.jpg 202w, https:\/\/api-colomiers.com\/georgesand\/wp-content\/uploads\/2016\/01\/DecoNoel1.jpg 689w, https:\/\/api-colomiers.com\/georgesand\/wp-content\/uploads\/2016\/01\/DecoNoel1-600x892.jpg 600w\" sizes=\"auto, (max-width: 202px) 100vw, 202px\" \/><\/a><a href=\"https:\/\/api-colomiers.com\/georgesand\/wp-content\/uploads\/2016\/01\/DecoNoel2.jpg\" rel=\"attachment wp-att-432\"><img loading=\"lazy\" decoding=\"async\" class=\"alignnone size-medium wp-image-432\" src=\"https:\/\/api-colomiers.com\/georgesand\/wp-content\/uploads\/2016\/01\/DecoNoel2-291x300.jpg\" alt=\"DecoNoel2\" width=\"291\" height=\"300\" srcset=\"https:\/\/api-colomiers.com\/georgesand\/wp-content\/uploads\/2016\/01\/DecoNoel2-291x300.jpg 291w, https:\/\/api-colomiers.com\/georgesand\/wp-content\/uploads\/2016\/01\/DecoNoel2-768x791.jpg 768w, https:\/\/api-colomiers.com\/georgesand\/wp-content\/uploads\/2016\/01\/DecoNoel2.jpg 994w, https:\/\/api-colomiers.com\/georgesand\/wp-content\/uploads\/2016\/01\/DecoNoel2-600x618.jpg 600w\" sizes=\"auto, (max-width: 291px) 100vw, 291px\" \/><\/a><a href=\"https:\/\/api-colomiers.com\/georgesand\/wp-content\/uploads\/2016\/01\/DecoNoel3.jpg\" rel=\"attachment wp-att-433\"><img loading=\"lazy\" decoding=\"async\" class=\"alignnone size-medium wp-image-433\" src=\"https:\/\/api-colomiers.com\/georgesand\/wp-content\/uploads\/2016\/01\/DecoNoel3-273x300.jpg\" alt=\"DecoNoel3\" width=\"273\" height=\"300\" srcset=\"https:\/\/api-colomiers.com\/georgesand\/wp-content\/uploads\/2016\/01\/DecoNoel3-273x300.jpg 273w, https:\/\/api-colomiers.com\/georgesand\/wp-content\/uploads\/2016\/01\/DecoNoel3-768x844.jpg 768w, https:\/\/api-colomiers.com\/georgesand\/wp-content\/uploads\/2016\/01\/DecoNoel3.jpg 932w, https:\/\/api-colomiers.com\/georgesand\/wp-content\/uploads\/2016\/01\/DecoNoel3-600x659.jpg 600w\" sizes=\"auto, (max-width: 273px) 100vw, 273px\" \/><\/a><a href=\"https:\/\/api-colomiers.com\/georgesand\/wp-content\/uploads\/2016\/01\/DecoNoel4.jpg\" rel=\"attachment wp-att-434\"><img loading=\"lazy\" decoding=\"async\" class=\"alignnone size-medium wp-image-434\" src=\"https:\/\/api-colomiers.com\/georgesand\/wp-content\/uploads\/2016\/01\/DecoNoel4-300x225.jpg\" alt=\"DecoNoel4\" width=\"300\" height=\"225\" srcset=\"https:\/\/api-colomiers.com\/georgesand\/wp-content\/uploads\/2016\/01\/DecoNoel4-300x225.jpg 300w, https:\/\/api-colomiers.com\/georgesand\/wp-content\/uploads\/2016\/01\/DecoNoel4-768x576.jpg 768w, https:\/\/api-colomiers.com\/georgesand\/wp-content\/uploads\/2016\/01\/DecoNoel4-1024x768.jpg 1024w, https:\/\/api-colomiers.com\/georgesand\/wp-content\/uploads\/2016\/01\/DecoNoel4-600x450.jpg 600w, https:\/\/api-colomiers.com\/georgesand\/wp-content\/uploads\/2016\/01\/DecoNoel4.jpg 1280w\" sizes=\"auto, (max-width: 300px) 100vw, 300px\" \/><\/a><\/p>\n<figure id=\"attachment_435\" aria-describedby=\"caption-attachment-435\" style=\"width: 300px\" class=\"wp-caption alignnone\"><a href=\"https:\/\/api-colomiers.com\/georgesand\/wp-content\/uploads\/2016\/01\/IMG_20151217_170827573.jpg\" rel=\"attachment wp-att-435\"><img loading=\"lazy\" decoding=\"async\" class=\"wp-image-435 size-medium\" src=\"https:\/\/api-colomiers.com\/georgesand\/wp-content\/uploads\/2016\/01\/IMG_20151217_170827573-300x225.jpg\" alt=\"IMG_20151217_170827573\" width=\"300\" height=\"225\" srcset=\"https:\/\/api-colomiers.com\/georgesand\/wp-content\/uploads\/2016\/01\/IMG_20151217_170827573-300x225.jpg 300w, https:\/\/api-colomiers.com\/georgesand\/wp-content\/uploads\/2016\/01\/IMG_20151217_170827573-768x576.jpg 768w, https:\/\/api-colomiers.com\/georgesand\/wp-content\/uploads\/2016\/01\/IMG_20151217_170827573-1024x768.jpg 1024w, https:\/\/api-colomiers.com\/georgesand\/wp-content\/uploads\/2016\/01\/IMG_20151217_170827573-600x450.jpg 600w\" sizes=\"auto, (max-width: 300px) 100vw, 300px\" \/><\/a><figcaption id=\"caption-attachment-435\" class=\"wp-caption-text\">Stand Chocolat tenu par l&rsquo;API \u00e0 la f\u00eate de de No\u00ebl de l&rsquo;\u00e9cole<\/figcaption><\/figure>\n","protected":false},"excerpt":{"rendered":"","protected":false},"author":10,"featured_media":0,"parent":0,"menu_order":0,"comment_status":"closed","ping_status":"closed","template":"","meta":{"footnotes":""},"class_list":["post-436","page","type-page","status-publish","hentry"],"_links":{"self":[{"href":"https:\/\/api-colomiers.com\/georgesand\/wp-json\/wp\/v2\/pages\/436","targetHints":{"allow":["GET"]}}],"collection":[{"href":"https:\/\/api-colomiers.com\/georgesand\/wp-json\/wp\/v2\/pages"}],"about":[{"href":"https:\/\/api-colomiers.com\/georgesand\/wp-json\/wp\/v2\/types\/page"}],"author":[{"embeddable":true,"href":"https:\/\/api-colomiers.com\/georgesand\/wp-json\/wp\/v2\/users\/10"}],"replies":[{"embeddable":true,"href":"https:\/\/api-colomiers.com\/georgesand\/wp-json\/wp\/v2\/comments?post=436"}],"version-history":[{"count":0,"href":"https:\/\/api-colomiers.com\/georgesand\/wp-json\/wp\/v2\/pages\/436\/revisions"}],"wp:attachment":[{"href":"https:\/\/api-colomiers.com\/georgesand\/wp-json\/wp\/v2\/media?parent=436"}],"curies":[{"name":"wp","href":"https:\/\/api.w.org\/{rel}","templated":true}]}}