{"id":412,"date":"2016-01-09T00:43:15","date_gmt":"2016-01-08T23:43:15","guid":{"rendered":"http:\/\/api-colomiers.com\/georgesand\/?page_id=412"},"modified":"2026-04-15T15:15:36","modified_gmt":"2026-04-15T14:15:36","slug":"photos-et-trombinoscopes","status":"publish","type":"page","link":"https:\/\/api-colomiers.com\/georgesand\/photos-et-trombinoscopes\/","title":{"rendered":"Photos et trombinoscopes"},"content":{"rendered":"<p>Vos d\u00e9l\u00e9gu\u00e9<span class=\"BxUVEf ILfuVd\" lang=\"fr\"><span class=\"hgKElc pOOWX\"><b>\u00b7<\/b><\/span><\/span>e<span class=\"BxUVEf ILfuVd\" lang=\"fr\"><span class=\"hgKElc pOOWX\"><b>\u00b7<\/b><\/span><\/span>s 2025-2026<\/p>\n<p><a href=\"https:\/\/api-colomiers.com\/georgesand\/vos-delegues-2018-2019\/\" target=\"_blank\" rel=\"noopener\">Vos d\u00e9l\u00e9gu\u00e9s API 2018-2019<\/a><\/p>\n<p><a href=\"https:\/\/api-colomiers.com\/georgesand\/vos-delegues-api-2017-2018\/\">Vos d\u00e9l\u00e9gu\u00e9s API 2017-2018<\/a><\/p>\n<p><a href=\"https:\/\/api-colomiers.com\/georgesand\/vos-delegues-2016-2017\/\">Vos d\u00e9l\u00e9gu\u00e9s API 2016-2017<\/a><\/p>\n<p><a href=\"https:\/\/api-colomiers.com\/georgesand\/vos-delegues-2015-2016\/\">Vos d\u00e9l\u00e9gu\u00e9s API 2015-2016<\/a><\/p>\n","protected":false},"excerpt":{"rendered":"<p>Vos d\u00e9l\u00e9gu\u00e9\u00b7e\u00b7s 2025-2026 Vos d\u00e9l\u00e9gu\u00e9s API 2018-2019 Vos d\u00e9l\u00e9gu\u00e9s API 2017-2018 Vos d\u00e9l\u00e9gu\u00e9s API 2016-2017 Vos d\u00e9l\u00e9gu\u00e9s API 2015-2016<\/p>\n","protected":false},"author":10,"featured_media":0,"parent":0,"menu_order":0,"comment_status":"closed","ping_status":"closed","template":"","meta":{"footnotes":""},"class_list":["post-412","page","type-page","status-publish","hentry"],"_links":{"self":[{"href":"https:\/\/api-colomiers.com\/georgesand\/wp-json\/wp\/v2\/pages\/412","targetHints":{"allow":["GET"]}}],"collection":[{"href":"https:\/\/api-colomiers.com\/georgesand\/wp-json\/wp\/v2\/pages"}],"about":[{"href":"https:\/\/api-colomiers.com\/georgesand\/wp-json\/wp\/v2\/types\/page"}],"author":[{"embeddable":true,"href":"https:\/\/api-colomiers.com\/georgesand\/wp-json\/wp\/v2\/users\/10"}],"replies":[{"embeddable":true,"href":"https:\/\/api-colomiers.com\/georgesand\/wp-json\/wp\/v2\/comments?post=412"}],"version-history":[{"count":1,"href":"https:\/\/api-colomiers.com\/georgesand\/wp-json\/wp\/v2\/pages\/412\/revisions"}],"predecessor-version":[{"id":3416,"href":"https:\/\/api-colomiers.com\/georgesand\/wp-json\/wp\/v2\/pages\/412\/revisions\/3416"}],"wp:attachment":[{"href":"https:\/\/api-colomiers.com\/georgesand\/wp-json\/wp\/v2\/media?parent=412"}],"curies":[{"name":"wp","href":"https:\/\/api.w.org\/{rel}","templated":true}]}}