{"id":34,"date":"2015-11-13T23:43:36","date_gmt":"2015-11-13T22:43:36","guid":{"rendered":"http:\/\/api-colomiers.com\/georgesand\/?page_id=34"},"modified":"2024-11-19T15:05:53","modified_gmt":"2024-11-19T14:05:53","slug":"maternelle","status":"publish","type":"page","link":"https:\/\/api-colomiers.com\/georgesand\/maternelle\/","title":{"rendered":"Coordonn\u00e9es Ecole Maternelle,  ALAE et API"},"content":{"rendered":"<h2 class=\"header-post-title-class\">\u00a0<span style=\"color: #19bc9c;\">Ecole Maternelle<\/span><\/h2>\n<ul>\n<li>Adresse :\u00a0<a href=\"https:\/\/www.google.fr\/maps\/place\/All\u00e9e+de+la+Colombe,+31770+Colomiers\" target=\"_blank\" rel=\"noopener noreferrer\">All\u00e9e de la Colombe &#8211; 31770\u00a0Colomiers<strong>\u00a0<\/strong><\/a><\/li>\n<li>T\u00e9l\u00e9phone \u00e9cole :\u00a005 61 63 50 40<\/li>\n<li>Adresse e-mail :\u00a0<a href=\"mailto:ce.0312869A@ac-toulouse.fr\">ce.0312869A@ac-toulouse.fr<\/a><\/li>\n<li>Directrice :\u00a0 Mme CAPUANO Virginie<\/li>\n<li>Horaires \u00e9cole :\n<ul>\n<li>Lundi, mardi, jeudi et vendredi: <strong>8h30-11h30 et 13h40-16h00<\/strong><\/li>\n<li>Mercredi: <strong>8h30-11h10<\/strong><\/li>\n<\/ul>\n<\/li>\n<\/ul>\n<hr \/>\n<h2>\u00a0<span style=\"color: #19bc9c;\">ALAE Maternelle\u00a0<\/span><\/h2>\n<ul>\n<li>Adresse :\u00a0<a href=\"https:\/\/www.google.fr\/maps\/place\/All\u00e9e+de+la+Colombe,+31770+Colomiers\" target=\"_blank\" rel=\"noopener noreferrer\">All\u00e9e de la Colombe &#8211; 31770\u00a0Colomiers<\/a><\/li>\n<li>T\u00e9l\u00e9phone :\u00a005 61 63 50 41<\/li>\n<li>Adresse e-mail : <a href=\"GeorgeSandMaternelle.ALAE@mairie-colomiers.fr\">GeorgeSandMaternelle.ALAE@mairie-colomiers.fr<\/a><\/li>\n<li>Directrice : Mme CASSAN Salom\u00e9<\/li>\n<li>Horaires ALAE :\n<ul>\n<li>Lundi, mardi, jeudi et vendredi:\u00a07h30-8h30 et 16h00-18h30.<\/li>\n<li>Mercredi :\n<ul>\n<li>Garderie : 11h10-12h30<\/li>\n<li>Centre de loisirs de George Sand : \u00e0 partir de 11H10 ; vous pourrez r\u00e9cup\u00e9rer votre enfant entre 16h30 et 18h30<\/li>\n<\/ul>\n<\/li>\n<\/ul>\n<\/li>\n<\/ul>\n\n\n<hr class=\"wp-block-separator has-alpha-channel-opacity\"\/>\n\n\n\n<h2 class=\"wp-block-heading\">\u00a0API Maternelle : parents d&rsquo;\u00e9l\u00e8ves<\/h2>\n\n\n\n<p>Notre facebook : https:\/\/www.facebook.com\/groups\/604659375209611<br>L&rsquo;instagram g\u00e9n\u00e9ral : https:\/\/www.instagram.com\/api.colomiers\/<br>Notre mail : parents.sand.mater@gmail.com<\/p>\n\n\n\n<p><\/p>\n","protected":false},"excerpt":{"rendered":"<p>\u00a0Ecole Maternelle Adresse :\u00a0All\u00e9e de la Colombe &#8211; 31770\u00a0Colomiers\u00a0 T\u00e9l\u00e9phone \u00e9cole :\u00a005 61 63 50 40 Adresse e-mail :\u00a0ce.0312869A@ac-toulouse.fr Directrice :\u00a0 Mme CAPUANO Virginie Horaires \u00e9cole : Lundi, mardi, jeudi et vendredi: 8h30-11h30 et 13h40-16h00 Mercredi: 8h30-11h10 \u00a0ALAE Maternelle\u00a0 Adresse<\/p>\n","protected":false},"author":10,"featured_media":0,"parent":0,"menu_order":0,"comment_status":"closed","ping_status":"closed","template":"","meta":{"footnotes":""},"class_list":["post-34","page","type-page","status-publish","hentry"],"_links":{"self":[{"href":"https:\/\/api-colomiers.com\/georgesand\/wp-json\/wp\/v2\/pages\/34","targetHints":{"allow":["GET"]}}],"collection":[{"href":"https:\/\/api-colomiers.com\/georgesand\/wp-json\/wp\/v2\/pages"}],"about":[{"href":"https:\/\/api-colomiers.com\/georgesand\/wp-json\/wp\/v2\/types\/page"}],"author":[{"embeddable":true,"href":"https:\/\/api-colomiers.com\/georgesand\/wp-json\/wp\/v2\/users\/10"}],"replies":[{"embeddable":true,"href":"https:\/\/api-colomiers.com\/georgesand\/wp-json\/wp\/v2\/comments?post=34"}],"version-history":[{"count":4,"href":"https:\/\/api-colomiers.com\/georgesand\/wp-json\/wp\/v2\/pages\/34\/revisions"}],"predecessor-version":[{"id":3040,"href":"https:\/\/api-colomiers.com\/georgesand\/wp-json\/wp\/v2\/pages\/34\/revisions\/3040"}],"wp:attachment":[{"href":"https:\/\/api-colomiers.com\/georgesand\/wp-json\/wp\/v2\/media?parent=34"}],"curies":[{"name":"wp","href":"https:\/\/api.w.org\/{rel}","templated":true}]}}