{"id":2981,"date":"2024-10-04T20:09:22","date_gmt":"2024-10-04T19:09:22","guid":{"rendered":"https:\/\/api-colomiers.com\/georgesand\/?page_id=2981"},"modified":"2024-10-11T12:20:39","modified_gmt":"2024-10-11T11:20:39","slug":"vos-delegues-api-2024-2025","status":"publish","type":"page","link":"https:\/\/api-colomiers.com\/georgesand\/vos-delegues-api-2024-2025\/","title":{"rendered":"Vos d\u00e9l\u00e9gu\u00e9s API 2024-2025"},"content":{"rendered":"\n<p><strong><strong>MATERNELLE<\/strong><\/strong><\/p>\n\n\n\n<p>L&rsquo;Association des Parents d&rsquo;\u00e9l\u00e8ves Ind\u00e9pendants (API) regroupe les parents \u00e9lus (12) et  et les parents repr\u00e9sentants (6).<br>Les parents \u00e9lus participent aux Conseils d&rsquo;\u00c9cole .<br>Tous les parents \u00e9lus et repr\u00e9sentants participent aux actions et \u00e0 l&rsquo;organisation de l&rsquo;association.<\/p>\n\n\n\n<figure class=\"wp-block-image size-full is-resized\"><a href=\"https:\/\/api-colomiers.com\/georgesand\/wp-content\/uploads\/2024\/10\/Trombi-API-24-25.png\"><img loading=\"lazy\" decoding=\"async\" width=\"1414\" height=\"2000\" src=\"https:\/\/api-colomiers.com\/georgesand\/wp-content\/uploads\/2024\/10\/Trombi-API-24-25.png\" alt=\"\" class=\"wp-image-2993\" style=\"width:695px;height:auto\" srcset=\"https:\/\/api-colomiers.com\/georgesand\/wp-content\/uploads\/2024\/10\/Trombi-API-24-25.png 1414w, https:\/\/api-colomiers.com\/georgesand\/wp-content\/uploads\/2024\/10\/Trombi-API-24-25-212x300.png 212w, https:\/\/api-colomiers.com\/georgesand\/wp-content\/uploads\/2024\/10\/Trombi-API-24-25-724x1024.png 724w, https:\/\/api-colomiers.com\/georgesand\/wp-content\/uploads\/2024\/10\/Trombi-API-24-25-768x1086.png 768w, https:\/\/api-colomiers.com\/georgesand\/wp-content\/uploads\/2024\/10\/Trombi-API-24-25-600x849.png 600w, https:\/\/api-colomiers.com\/georgesand\/wp-content\/uploads\/2024\/10\/Trombi-API-24-25-1086x1536.png 1086w\" sizes=\"auto, (max-width: 1414px) 100vw, 1414px\" \/><\/a><\/figure>\n\n\n\n<p><strong>Ecole Maternelle George Sand<\/strong> : Liste des 12 \u00e9lus<\/p>\n\n\n\n<ul class=\"wp-block-list\">\n<li>Marie MORTIER<br>Clothilde GERARD<br>Luciana CHAMPION<br>Carole BRION<br>Jih\u00e8ne ROUAT<br>Margaux SOULES<br>Flore CONTINENTE<br>Siham EL-QASEMY<br>La\u00ebtita MENALLA<br>Courtney RICHARDSON<br>Tammy SENEQUE<br>Bernadette SING<\/li>\n<\/ul>\n\n\n\n<p><\/p>\n\n\n\n<p><\/p>\n\n\n\n<p>Pour nous contacter:&nbsp;<a href=\"mailto:parents.sand.mater@gmail.com\" target=\"_blank\" rel=\"noreferrer noopener\">parents.sand.mater<\/a>@gmail.com<\/p>\n\n\n\n<p>\u2014\u2014\u2014\u2014\u2014\u2014\u2014\u2014\u2014\u2014\u2014\u2014\u2014\u2014\u2014\u2014\u2014\u2014\u2014\u2014\u2014\u2014\u2014\u2014\u2014\u2014\u2014\u2014\u2014\u2014\u2014\u2014\u2014\u2014\u2014\u2014\u2014\u2014\u2014\u2014\u2014\u2014\u2014\u2014\u2014\u2014\u2014\u2014\u2014\u2014\u2014\u2014\u2014\u2014\u2014\u2014\u2014<\/p>\n\n\n\n<p class=\"has-vivid-cyan-blue-color has-text-color\"><strong>ELEMENTAIRE<\/strong><\/p>\n\n\n\n<figure class=\"wp-block-image size-large\"><a href=\"https:\/\/api-colomiers.com\/georgesand\/wp-content\/uploads\/2024\/10\/TrombiA4_2024v01.pptx.jpg\"><img loading=\"lazy\" decoding=\"async\" width=\"724\" height=\"1024\" src=\"https:\/\/api-colomiers.com\/georgesand\/wp-content\/uploads\/2024\/10\/TrombiA4_2024v01.pptx-724x1024.jpg\" alt=\"\" class=\"wp-image-2983\" srcset=\"https:\/\/api-colomiers.com\/georgesand\/wp-content\/uploads\/2024\/10\/TrombiA4_2024v01.pptx-724x1024.jpg 724w, https:\/\/api-colomiers.com\/georgesand\/wp-content\/uploads\/2024\/10\/TrombiA4_2024v01.pptx-212x300.jpg 212w, https:\/\/api-colomiers.com\/georgesand\/wp-content\/uploads\/2024\/10\/TrombiA4_2024v01.pptx-768x1086.jpg 768w, https:\/\/api-colomiers.com\/georgesand\/wp-content\/uploads\/2024\/10\/TrombiA4_2024v01.pptx-600x848.jpg 600w, https:\/\/api-colomiers.com\/georgesand\/wp-content\/uploads\/2024\/10\/TrombiA4_2024v01.pptx.jpg 793w\" sizes=\"auto, (max-width: 724px) 100vw, 724px\" \/><\/a><\/figure>\n\n\n\n<p>Pour nous contacter:&nbsp;<a href=\"mailto:parents.sand@gmail.com\" target=\"_blank\" rel=\"noreferrer noopener\">parents.sand@gmail.com<\/a><\/p>\n","protected":false},"excerpt":{"rendered":"<p>MATERNELLE L&rsquo;Association des Parents d&rsquo;\u00e9l\u00e8ves Ind\u00e9pendants (API) regroupe les parents \u00e9lus (12) et et les parents repr\u00e9sentants (6).Les parents \u00e9lus participent aux Conseils d&rsquo;\u00c9cole .Tous les parents \u00e9lus et repr\u00e9sentants participent aux actions et \u00e0 l&rsquo;organisation de l&rsquo;association. Ecole Maternelle<\/p>\n","protected":false},"author":10,"featured_media":0,"parent":0,"menu_order":0,"comment_status":"closed","ping_status":"closed","template":"","meta":{"footnotes":""},"class_list":["post-2981","page","type-page","status-publish","hentry"],"_links":{"self":[{"href":"https:\/\/api-colomiers.com\/georgesand\/wp-json\/wp\/v2\/pages\/2981","targetHints":{"allow":["GET"]}}],"collection":[{"href":"https:\/\/api-colomiers.com\/georgesand\/wp-json\/wp\/v2\/pages"}],"about":[{"href":"https:\/\/api-colomiers.com\/georgesand\/wp-json\/wp\/v2\/types\/page"}],"author":[{"embeddable":true,"href":"https:\/\/api-colomiers.com\/georgesand\/wp-json\/wp\/v2\/users\/10"}],"replies":[{"embeddable":true,"href":"https:\/\/api-colomiers.com\/georgesand\/wp-json\/wp\/v2\/comments?post=2981"}],"version-history":[{"count":2,"href":"https:\/\/api-colomiers.com\/georgesand\/wp-json\/wp\/v2\/pages\/2981\/revisions"}],"predecessor-version":[{"id":2994,"href":"https:\/\/api-colomiers.com\/georgesand\/wp-json\/wp\/v2\/pages\/2981\/revisions\/2994"}],"wp:attachment":[{"href":"https:\/\/api-colomiers.com\/georgesand\/wp-json\/wp\/v2\/media?parent=2981"}],"curies":[{"name":"wp","href":"https:\/\/api.w.org\/{rel}","templated":true}]}}