{"id":2869,"date":"2023-12-01T19:01:01","date_gmt":"2023-12-01T18:01:01","guid":{"rendered":"https:\/\/api-colomiers.com\/georgesand\/?page_id=2869"},"modified":"2023-12-01T19:01:02","modified_gmt":"2023-12-01T18:01:02","slug":"vos-delegues-api-2023-2024","status":"publish","type":"page","link":"https:\/\/api-colomiers.com\/georgesand\/vos-delegues-api-2023-2024\/","title":{"rendered":"Vos d\u00e9l\u00e9gu\u00e9s API 2023-2024"},"content":{"rendered":"\n<p><strong><strong>MARTERNELLE<\/strong><\/strong><\/p>\n\n\n\n<p><\/p>\n\n\n\n<figure class=\"wp-block-image size-full\"><a href=\"https:\/\/api-colomiers.com\/georgesand\/wp-content\/uploads\/2023\/12\/image.png\"><img loading=\"lazy\" decoding=\"async\" width=\"1024\" height=\"647\" src=\"https:\/\/api-colomiers.com\/georgesand\/wp-content\/uploads\/2023\/12\/image.png\" alt=\"\" class=\"wp-image-2870\" srcset=\"https:\/\/api-colomiers.com\/georgesand\/wp-content\/uploads\/2023\/12\/image.png 1024w, https:\/\/api-colomiers.com\/georgesand\/wp-content\/uploads\/2023\/12\/image-300x190.png 300w, https:\/\/api-colomiers.com\/georgesand\/wp-content\/uploads\/2023\/12\/image-768x485.png 768w, https:\/\/api-colomiers.com\/georgesand\/wp-content\/uploads\/2023\/12\/image-600x379.png 600w\" sizes=\"auto, (max-width: 1024px) 100vw, 1024px\" \/><\/a><\/figure>\n\n\n\n<p>Pour nous contacter:&nbsp;<a rel=\"noreferrer noopener\" href=\"mailto:parents.sand.mater@gmail.com\" target=\"_blank\">parents.sand.mater<\/a>@gmail.com<\/p>\n\n\n\n<p>\u2014\u2014\u2014\u2014\u2014\u2014\u2014\u2014\u2014\u2014\u2014\u2014\u2014\u2014\u2014\u2014\u2014\u2014\u2014\u2014\u2014\u2014\u2014\u2014\u2014\u2014\u2014\u2014\u2014\u2014\u2014\u2014\u2014\u2014\u2014\u2014\u2014\u2014\u2014\u2014\u2014\u2014\u2014\u2014\u2014\u2014\u2014\u2014\u2014\u2014\u2014\u2014\u2014\u2014\u2014\u2014\u2014<\/p>\n\n\n\n<p class=\"has-vivid-cyan-blue-color has-text-color\"><strong>ELEMENTAIRE<\/strong><\/p>\n\n\n\n<figure class=\"wp-block-image size-large\"><a href=\"https:\/\/api-colomiers.com\/georgesand\/wp-content\/uploads\/2023\/12\/TrombiA4_2023v01.pptx.jpg\"><img loading=\"lazy\" decoding=\"async\" width=\"724\" height=\"1024\" src=\"https:\/\/api-colomiers.com\/georgesand\/wp-content\/uploads\/2023\/12\/TrombiA4_2023v01.pptx-724x1024.jpg\" alt=\"\" class=\"wp-image-2865\" srcset=\"https:\/\/api-colomiers.com\/georgesand\/wp-content\/uploads\/2023\/12\/TrombiA4_2023v01.pptx-724x1024.jpg 724w, https:\/\/api-colomiers.com\/georgesand\/wp-content\/uploads\/2023\/12\/TrombiA4_2023v01.pptx-212x300.jpg 212w, https:\/\/api-colomiers.com\/georgesand\/wp-content\/uploads\/2023\/12\/TrombiA4_2023v01.pptx-768x1086.jpg 768w, https:\/\/api-colomiers.com\/georgesand\/wp-content\/uploads\/2023\/12\/TrombiA4_2023v01.pptx-600x848.jpg 600w, https:\/\/api-colomiers.com\/georgesand\/wp-content\/uploads\/2023\/12\/TrombiA4_2023v01.pptx.jpg 793w\" sizes=\"auto, (max-width: 724px) 100vw, 724px\" \/><\/a><\/figure>\n\n\n\n<p>Pour nous contacter:\u00a0<a rel=\"noreferrer noopener\" href=\"mailto:parents.sand@gmail.com\" target=\"_blank\">parents.sand@gmail.com<\/a><\/p>\n","protected":false},"excerpt":{"rendered":"<p>MARTERNELLE Pour nous contacter:&nbsp;parents.sand.mater@gmail.com \u2014\u2014\u2014\u2014\u2014\u2014\u2014\u2014\u2014\u2014\u2014\u2014\u2014\u2014\u2014\u2014\u2014\u2014\u2014\u2014\u2014\u2014\u2014\u2014\u2014\u2014\u2014\u2014\u2014\u2014\u2014\u2014\u2014\u2014\u2014\u2014\u2014\u2014\u2014\u2014\u2014\u2014\u2014\u2014\u2014\u2014\u2014\u2014\u2014\u2014\u2014\u2014\u2014\u2014\u2014\u2014\u2014 ELEMENTAIRE Pour nous contacter:\u00a0parents.sand@gmail.com<\/p>\n","protected":false},"author":10,"featured_media":0,"parent":0,"menu_order":0,"comment_status":"closed","ping_status":"closed","template":"","meta":{"footnotes":""},"class_list":["post-2869","page","type-page","status-publish","hentry"],"_links":{"self":[{"href":"https:\/\/api-colomiers.com\/georgesand\/wp-json\/wp\/v2\/pages\/2869","targetHints":{"allow":["GET"]}}],"collection":[{"href":"https:\/\/api-colomiers.com\/georgesand\/wp-json\/wp\/v2\/pages"}],"about":[{"href":"https:\/\/api-colomiers.com\/georgesand\/wp-json\/wp\/v2\/types\/page"}],"author":[{"embeddable":true,"href":"https:\/\/api-colomiers.com\/georgesand\/wp-json\/wp\/v2\/users\/10"}],"replies":[{"embeddable":true,"href":"https:\/\/api-colomiers.com\/georgesand\/wp-json\/wp\/v2\/comments?post=2869"}],"version-history":[{"count":1,"href":"https:\/\/api-colomiers.com\/georgesand\/wp-json\/wp\/v2\/pages\/2869\/revisions"}],"predecessor-version":[{"id":2871,"href":"https:\/\/api-colomiers.com\/georgesand\/wp-json\/wp\/v2\/pages\/2869\/revisions\/2871"}],"wp:attachment":[{"href":"https:\/\/api-colomiers.com\/georgesand\/wp-json\/wp\/v2\/media?parent=2869"}],"curies":[{"name":"wp","href":"https:\/\/api.w.org\/{rel}","templated":true}]}}