{"id":2699,"date":"2022-10-09T20:45:47","date_gmt":"2022-10-09T19:45:47","guid":{"rendered":"https:\/\/api-colomiers.com\/georgesand\/?page_id=2699"},"modified":"2023-05-11T21:31:04","modified_gmt":"2023-05-11T20:31:04","slug":"vos-delegues-api-2022-2023-2","status":"publish","type":"page","link":"https:\/\/api-colomiers.com\/georgesand\/vos-delegues-api-2022-2023-2\/","title":{"rendered":"Vos d\u00e9l\u00e9gu\u00e9s API 2022-2023"},"content":{"rendered":"\n<p class=\"has-vivid-cyan-blue-color has-text-color\"><strong>MATERNELLE<\/strong><\/p>\n\n\n\n<p><\/p>\n\n\n\n<figure class=\"wp-block-image size-full\"><a href=\"https:\/\/api-colomiers.com\/georgesand\/wp-content\/uploads\/2022\/10\/trombi-2022-2023-titulaires-suppleants.jpg\"><img loading=\"lazy\" decoding=\"async\" width=\"960\" height=\"720\" src=\"https:\/\/api-colomiers.com\/georgesand\/wp-content\/uploads\/2022\/10\/trombi-2022-2023-titulaires-suppleants.jpg\" alt=\"\" class=\"wp-image-2732\" srcset=\"https:\/\/api-colomiers.com\/georgesand\/wp-content\/uploads\/2022\/10\/trombi-2022-2023-titulaires-suppleants.jpg 960w, https:\/\/api-colomiers.com\/georgesand\/wp-content\/uploads\/2022\/10\/trombi-2022-2023-titulaires-suppleants-300x225.jpg 300w, https:\/\/api-colomiers.com\/georgesand\/wp-content\/uploads\/2022\/10\/trombi-2022-2023-titulaires-suppleants-768x576.jpg 768w, https:\/\/api-colomiers.com\/georgesand\/wp-content\/uploads\/2022\/10\/trombi-2022-2023-titulaires-suppleants-600x450.jpg 600w\" sizes=\"auto, (max-width: 960px) 100vw, 960px\" \/><\/a><\/figure>\n\n\n\n<p>Pour nous contacter:&nbsp;<a rel=\"noreferrer noopener\" href=\"mailto:parents.sand.mater@gmail.com\" target=\"_blank\">parents.sand.mater<\/a>@gmail.com<\/p>\n\n\n\n<p>\u2014\u2014\u2014\u2014\u2014\u2014\u2014\u2014\u2014\u2014\u2014\u2014\u2014\u2014\u2014\u2014\u2014\u2014\u2014\u2014\u2014\u2014\u2014\u2014\u2014\u2014\u2014\u2014\u2014\u2014\u2014\u2014\u2014\u2014\u2014\u2014\u2014\u2014\u2014\u2014\u2014\u2014\u2014\u2014\u2014\u2014\u2014\u2014\u2014\u2014\u2014\u2014\u2014\u2014\u2014\u2014\u2014<\/p>\n\n\n\n<p class=\"has-vivid-cyan-blue-color has-text-color\"><strong>ELEMENTAIRE<\/strong><\/p>\n\n\n\n<figure class=\"wp-block-image size-large is-resized\"><a href=\"https:\/\/api-colomiers.com\/georgesand\/wp-content\/uploads\/2022\/10\/TrombiA4_2022v05-2.pdf\"><img loading=\"lazy\" decoding=\"async\" src=\"https:\/\/api-colomiers.com\/georgesand\/wp-content\/uploads\/2022\/10\/TrombiA4_2022v05-2-pdf-724x1024.jpg\" alt=\"\" class=\"wp-image-2701\" width=\"624\" height=\"883\"\/><\/a><\/figure>\n\n\n\n<p>Pour nous contacter:&nbsp;<a rel=\"noreferrer noopener\" href=\"mailto:parents.sand@gmail.com\" target=\"_blank\">parents.sand@gmail.com<\/a><\/p>\n","protected":false},"excerpt":{"rendered":"<p>MATERNELLE Pour nous contacter:&nbsp;parents.sand.mater@gmail.com \u2014\u2014\u2014\u2014\u2014\u2014\u2014\u2014\u2014\u2014\u2014\u2014\u2014\u2014\u2014\u2014\u2014\u2014\u2014\u2014\u2014\u2014\u2014\u2014\u2014\u2014\u2014\u2014\u2014\u2014\u2014\u2014\u2014\u2014\u2014\u2014\u2014\u2014\u2014\u2014\u2014\u2014\u2014\u2014\u2014\u2014\u2014\u2014\u2014\u2014\u2014\u2014\u2014\u2014\u2014\u2014\u2014 ELEMENTAIRE Pour nous contacter:&nbsp;parents.sand@gmail.com<\/p>\n","protected":false},"author":10,"featured_media":0,"parent":0,"menu_order":0,"comment_status":"closed","ping_status":"closed","template":"","meta":{"footnotes":""},"class_list":["post-2699","page","type-page","status-publish","hentry"],"_links":{"self":[{"href":"https:\/\/api-colomiers.com\/georgesand\/wp-json\/wp\/v2\/pages\/2699","targetHints":{"allow":["GET"]}}],"collection":[{"href":"https:\/\/api-colomiers.com\/georgesand\/wp-json\/wp\/v2\/pages"}],"about":[{"href":"https:\/\/api-colomiers.com\/georgesand\/wp-json\/wp\/v2\/types\/page"}],"author":[{"embeddable":true,"href":"https:\/\/api-colomiers.com\/georgesand\/wp-json\/wp\/v2\/users\/10"}],"replies":[{"embeddable":true,"href":"https:\/\/api-colomiers.com\/georgesand\/wp-json\/wp\/v2\/comments?post=2699"}],"version-history":[{"count":3,"href":"https:\/\/api-colomiers.com\/georgesand\/wp-json\/wp\/v2\/pages\/2699\/revisions"}],"predecessor-version":[{"id":2804,"href":"https:\/\/api-colomiers.com\/georgesand\/wp-json\/wp\/v2\/pages\/2699\/revisions\/2804"}],"wp:attachment":[{"href":"https:\/\/api-colomiers.com\/georgesand\/wp-json\/wp\/v2\/media?parent=2699"}],"curies":[{"name":"wp","href":"https:\/\/api.w.org\/{rel}","templated":true}]}}