{"id":2488,"date":"2021-10-11T11:43:26","date_gmt":"2021-10-11T10:43:26","guid":{"rendered":"https:\/\/api-colomiers.com\/georgesand\/?page_id=2488"},"modified":"2021-10-11T11:43:39","modified_gmt":"2021-10-11T10:43:39","slug":"vos-delegues-api-2021-2022","status":"publish","type":"page","link":"https:\/\/api-colomiers.com\/georgesand\/vos-delegues-api-2021-2022\/","title":{"rendered":"Vos d\u00e9l\u00e9gu\u00e9s API 2021-2022"},"content":{"rendered":"\n<p><span class=\"has-inline-color has-light-green-cyan-color\"><strong>MATERNELLE<\/strong><\/span><\/p>\n\n\n\n<figure class=\"wp-block-image size-large is-resized\"><a href=\"https:\/\/api-colomiers.com\/georgesand\/wp-content\/uploads\/2021\/10\/trombi-2021-2022-titulaires-suppleants-1.jpg\"><img loading=\"lazy\" decoding=\"async\" src=\"https:\/\/api-colomiers.com\/georgesand\/wp-content\/uploads\/2021\/10\/trombi-2021-2022-titulaires-suppleants-1.jpg\" alt=\"\" class=\"wp-image-2490\" width=\"728\" height=\"546\" srcset=\"https:\/\/api-colomiers.com\/georgesand\/wp-content\/uploads\/2021\/10\/trombi-2021-2022-titulaires-suppleants-1.jpg 960w, https:\/\/api-colomiers.com\/georgesand\/wp-content\/uploads\/2021\/10\/trombi-2021-2022-titulaires-suppleants-1-300x225.jpg 300w, https:\/\/api-colomiers.com\/georgesand\/wp-content\/uploads\/2021\/10\/trombi-2021-2022-titulaires-suppleants-1-768x576.jpg 768w, https:\/\/api-colomiers.com\/georgesand\/wp-content\/uploads\/2021\/10\/trombi-2021-2022-titulaires-suppleants-1-600x450.jpg 600w\" sizes=\"auto, (max-width: 728px) 100vw, 728px\" \/><\/a><\/figure>\n\n\n\n<p>Pour nous contacter: <a href=\"mailto:parents.sand.mater@gmail.com\" target=\"_blank\" rel=\"noreferrer noopener\">parents.sand.mater@gmail.com<\/a><\/p>\n\n\n\n<p>&#8212;&#8212;&#8212;&#8212;&#8212;&#8212;&#8212;&#8212;&#8212;&#8212;&#8212;&#8212;&#8212;&#8212;&#8212;&#8212;&#8212;&#8212;&#8212;&#8212;&#8212;&#8212;&#8212;&#8212;&#8212;&#8212;&#8212;&#8212;&#8212;&#8212;&#8212;&#8212;&#8212;&#8212;&#8212;&#8212;&#8212;&#8212;&#8212;&#8212;&#8212;&#8212;&#8212;&#8212;&#8212;&#8212;&#8212;&#8212;&#8212;&#8212;&#8212;&#8212;&#8212;&#8212;&#8212;&#8212;&#8212;<\/p>\n\n\n\n<p><strong><span class=\"has-inline-color has-light-green-cyan-color\">ELEMENTAIRE<\/span><\/strong><\/p>\n\n\n\n<figure class=\"wp-block-image size-large is-resized\"><a href=\"https:\/\/api-colomiers.com\/georgesand\/wp-content\/uploads\/2021\/10\/Trombi2021-22.jpg\"><img loading=\"lazy\" decoding=\"async\" src=\"https:\/\/api-colomiers.com\/georgesand\/wp-content\/uploads\/2021\/10\/Trombi2021-22-722x1024.jpg\" alt=\"\" class=\"wp-image-2492\" width=\"530\" height=\"752\" srcset=\"https:\/\/api-colomiers.com\/georgesand\/wp-content\/uploads\/2021\/10\/Trombi2021-22-722x1024.jpg 722w, https:\/\/api-colomiers.com\/georgesand\/wp-content\/uploads\/2021\/10\/Trombi2021-22-212x300.jpg 212w, https:\/\/api-colomiers.com\/georgesand\/wp-content\/uploads\/2021\/10\/Trombi2021-22-768x1089.jpg 768w, https:\/\/api-colomiers.com\/georgesand\/wp-content\/uploads\/2021\/10\/Trombi2021-22-600x851.jpg 600w, https:\/\/api-colomiers.com\/georgesand\/wp-content\/uploads\/2021\/10\/Trombi2021-22-1083x1536.jpg 1083w, https:\/\/api-colomiers.com\/georgesand\/wp-content\/uploads\/2021\/10\/Trombi2021-22-1445x2048.jpg 1445w, https:\/\/api-colomiers.com\/georgesand\/wp-content\/uploads\/2021\/10\/Trombi2021-22.jpg 1520w\" sizes=\"auto, (max-width: 530px) 100vw, 530px\" \/><\/a><\/figure>\n\n\n\n<p>Pour nous contacter: <a href=\"mailto:parents.sand@gmail.com\" target=\"_blank\" rel=\"noreferrer noopener\">parents.sand@gmail.com<\/a><\/p>\n\n\n\n<p> <\/p>\n","protected":false},"excerpt":{"rendered":"<p>MATERNELLE Pour nous contacter: parents.sand.mater@gmail.com &#8212;&#8212;&#8212;&#8212;&#8212;&#8212;&#8212;&#8212;&#8212;&#8212;&#8212;&#8212;&#8212;&#8212;&#8212;&#8212;&#8212;&#8212;&#8212;&#8212;&#8212;&#8212;&#8212;&#8212;&#8212;&#8212;&#8212;&#8212;&#8212;&#8212;&#8212;&#8212;&#8212;&#8212;&#8212;&#8212;&#8212;&#8212;&#8212;&#8212;&#8212;&#8212;&#8212;&#8212;&#8212;&#8212;&#8212;&#8212;&#8212;&#8212;&#8212;&#8212;&#8212;&#8212;&#8212;&#8212;&#8212; ELEMENTAIRE Pour nous contacter: parents.sand@gmail.com<\/p>\n","protected":false},"author":10,"featured_media":0,"parent":0,"menu_order":0,"comment_status":"closed","ping_status":"closed","template":"","meta":{"footnotes":""},"class_list":["post-2488","page","type-page","status-publish","hentry"],"_links":{"self":[{"href":"https:\/\/api-colomiers.com\/georgesand\/wp-json\/wp\/v2\/pages\/2488","targetHints":{"allow":["GET"]}}],"collection":[{"href":"https:\/\/api-colomiers.com\/georgesand\/wp-json\/wp\/v2\/pages"}],"about":[{"href":"https:\/\/api-colomiers.com\/georgesand\/wp-json\/wp\/v2\/types\/page"}],"author":[{"embeddable":true,"href":"https:\/\/api-colomiers.com\/georgesand\/wp-json\/wp\/v2\/users\/10"}],"replies":[{"embeddable":true,"href":"https:\/\/api-colomiers.com\/georgesand\/wp-json\/wp\/v2\/comments?post=2488"}],"version-history":[{"count":1,"href":"https:\/\/api-colomiers.com\/georgesand\/wp-json\/wp\/v2\/pages\/2488\/revisions"}],"predecessor-version":[{"id":2698,"href":"https:\/\/api-colomiers.com\/georgesand\/wp-json\/wp\/v2\/pages\/2488\/revisions\/2698"}],"wp:attachment":[{"href":"https:\/\/api-colomiers.com\/georgesand\/wp-json\/wp\/v2\/media?parent=2488"}],"curies":[{"name":"wp","href":"https:\/\/api.w.org\/{rel}","templated":true}]}}