{"id":2112,"date":"2020-10-11T21:03:26","date_gmt":"2020-10-11T20:03:26","guid":{"rendered":"http:\/\/api-colomiers.com\/georgesand\/?page_id=2112"},"modified":"2020-10-13T12:44:34","modified_gmt":"2020-10-13T11:44:34","slug":"vos-delegues-api-2020-2021","status":"publish","type":"page","link":"https:\/\/api-colomiers.com\/georgesand\/vos-delegues-api-2020-2021\/","title":{"rendered":"Vos d\u00e9l\u00e9gu\u00e9s API 2020-2021"},"content":{"rendered":"\n<p><strong><span class=\"has-inline-color has-vivid-green-cyan-color\">MATERNELLE<\/span><\/strong><\/p>\n\n\n\n<p>Vos repr\u00e9sentants \u00e9lus:<\/p>\n\n\n\n<figure class=\"wp-block-image size-large\"><img loading=\"lazy\" decoding=\"async\" width=\"960\" height=\"720\" src=\"https:\/\/api-colomiers.com\/georgesand\/wp-content\/uploads\/2020\/10\/trombi-2020-2021-titulaires-supleants.jpg\" alt=\"\" class=\"wp-image-2143\" srcset=\"https:\/\/api-colomiers.com\/georgesand\/wp-content\/uploads\/2020\/10\/trombi-2020-2021-titulaires-supleants.jpg 960w, https:\/\/api-colomiers.com\/georgesand\/wp-content\/uploads\/2020\/10\/trombi-2020-2021-titulaires-supleants-300x225.jpg 300w, https:\/\/api-colomiers.com\/georgesand\/wp-content\/uploads\/2020\/10\/trombi-2020-2021-titulaires-supleants-768x576.jpg 768w, https:\/\/api-colomiers.com\/georgesand\/wp-content\/uploads\/2020\/10\/trombi-2020-2021-titulaires-supleants-600x450.jpg 600w\" sizes=\"auto, (max-width: 960px) 100vw, 960px\" \/><\/figure>\n\n\n\n<p>L&rsquo;\u00e9quipe au complet:<\/p>\n\n\n\n<figure class=\"wp-block-image size-large is-resized\"><a href=\"https:\/\/api-colomiers.com\/georgesand\/wp-content\/uploads\/2020\/10\/trombi-2020-2021.jpg\" target=\"_blank\" rel=\"noopener noreferrer\"><img loading=\"lazy\" decoding=\"async\" src=\"https:\/\/api-colomiers.com\/georgesand\/wp-content\/uploads\/2020\/10\/trombi-2020-2021.jpg\" alt=\"\" class=\"wp-image-2113\" width=\"602\" height=\"452\" srcset=\"https:\/\/api-colomiers.com\/georgesand\/wp-content\/uploads\/2020\/10\/trombi-2020-2021.jpg 960w, https:\/\/api-colomiers.com\/georgesand\/wp-content\/uploads\/2020\/10\/trombi-2020-2021-300x225.jpg 300w, https:\/\/api-colomiers.com\/georgesand\/wp-content\/uploads\/2020\/10\/trombi-2020-2021-768x576.jpg 768w, https:\/\/api-colomiers.com\/georgesand\/wp-content\/uploads\/2020\/10\/trombi-2020-2021-600x450.jpg 600w\" sizes=\"auto, (max-width: 602px) 100vw, 602px\" \/><\/a><\/figure>\n\n\n\n<p>Nous contacter: <a rel=\"noreferrer noopener\" href=\"mailto:parents.sand.mater@gmail.com\" target=\"_blank\">parents.sand.mater@gmail.com<\/a><\/p>\n\n\n\n<p>************************************************************************<\/p>\n\n\n\n<p><strong><span class=\"has-inline-color has-vivid-green-cyan-color\">ELEMENTAIRE<\/span><\/strong><\/p>\n\n\n\n<p>Vos repr\u00e9sentants \u00e9lus:<\/p>\n\n\n\n<figure class=\"wp-block-image size-large\"><a href=\"https:\/\/api-colomiers.com\/georgesand\/wp-content\/uploads\/2020\/09\/Nouveau-Presentation-OpenDocument-1.jpg\" target=\"_blank\" rel=\"noopener noreferrer\"><img loading=\"lazy\" decoding=\"async\" width=\"524\" height=\"753\" src=\"https:\/\/api-colomiers.com\/georgesand\/wp-content\/uploads\/2020\/09\/Nouveau-Presentation-OpenDocument-1.jpg\" alt=\"\" class=\"wp-image-2100\" srcset=\"https:\/\/api-colomiers.com\/georgesand\/wp-content\/uploads\/2020\/09\/Nouveau-Presentation-OpenDocument-1.jpg 524w, https:\/\/api-colomiers.com\/georgesand\/wp-content\/uploads\/2020\/09\/Nouveau-Presentation-OpenDocument-1-209x300.jpg 209w\" sizes=\"auto, (max-width: 524px) 100vw, 524px\" \/><\/a><\/figure>\n\n\n\n<p>Nous contacter: <a rel=\"noreferrer noopener\" href=\"mailto:parents.sand@gmail.com\" target=\"_blank\">parents.sand@gmail.com<\/a><\/p>\n","protected":false},"excerpt":{"rendered":"<p>MATERNELLE Vos repr\u00e9sentants \u00e9lus: L&rsquo;\u00e9quipe au complet: Nous contacter: parents.sand.mater@gmail.com ************************************************************************ ELEMENTAIRE Vos repr\u00e9sentants \u00e9lus: Nous contacter: parents.sand@gmail.com<\/p>\n","protected":false},"author":10,"featured_media":0,"parent":0,"menu_order":0,"comment_status":"closed","ping_status":"closed","template":"","meta":{"footnotes":""},"class_list":["post-2112","page","type-page","status-publish","hentry"],"_links":{"self":[{"href":"https:\/\/api-colomiers.com\/georgesand\/wp-json\/wp\/v2\/pages\/2112","targetHints":{"allow":["GET"]}}],"collection":[{"href":"https:\/\/api-colomiers.com\/georgesand\/wp-json\/wp\/v2\/pages"}],"about":[{"href":"https:\/\/api-colomiers.com\/georgesand\/wp-json\/wp\/v2\/types\/page"}],"author":[{"embeddable":true,"href":"https:\/\/api-colomiers.com\/georgesand\/wp-json\/wp\/v2\/users\/10"}],"replies":[{"embeddable":true,"href":"https:\/\/api-colomiers.com\/georgesand\/wp-json\/wp\/v2\/comments?post=2112"}],"version-history":[{"count":0,"href":"https:\/\/api-colomiers.com\/georgesand\/wp-json\/wp\/v2\/pages\/2112\/revisions"}],"wp:attachment":[{"href":"https:\/\/api-colomiers.com\/georgesand\/wp-json\/wp\/v2\/media?parent=2112"}],"curies":[{"name":"wp","href":"https:\/\/api.w.org\/{rel}","templated":true}]}}