{"id":20,"date":"2015-11-13T22:59:53","date_gmt":"2015-11-13T21:59:53","guid":{"rendered":"http:\/\/api-colomiers.com\/georgesand\/?page_id=20"},"modified":"2015-11-18T10:28:24","modified_gmt":"2015-11-18T09:28:24","slug":"vos-delegues-2015-2016","status":"publish","type":"page","link":"https:\/\/api-colomiers.com\/georgesand\/vos-delegues-2015-2016\/","title":{"rendered":"Vos d\u00e9l\u00e9gu\u00e9s 2015-2016"},"content":{"rendered":"<h2><span style=\"color: #0fbe7c;\"><strong>Maternelle<\/strong><\/span><\/h2>\n<p><a href=\"https:\/\/api-colomiers.com\/georgesand\/wp-content\/uploads\/2015\/11\/Trombi-v5.jpg\"><img loading=\"lazy\" decoding=\"async\" class=\"aligncenter wp-image-111 size-full\" title=\"Trombinoscope API Maternelle George Sand\" src=\"https:\/\/api-colomiers.com\/georgesand\/wp-content\/uploads\/2015\/11\/Trombi-v5.jpg\" alt=\"Trombinoscope\" width=\"1087\" height=\"768\" srcset=\"https:\/\/api-colomiers.com\/georgesand\/wp-content\/uploads\/2015\/11\/Trombi-v5.jpg 1087w, https:\/\/api-colomiers.com\/georgesand\/wp-content\/uploads\/2015\/11\/Trombi-v5-300x212.jpg 300w, https:\/\/api-colomiers.com\/georgesand\/wp-content\/uploads\/2015\/11\/Trombi-v5-1024x723.jpg 1024w\" sizes=\"auto, (max-width: 1087px) 100vw, 1087px\" \/><\/a><\/p>\n<p><a href=\"https:\/\/api-colomiers.com\/georgesand\/wp-content\/uploads\/2015\/11\/trombi-V5.pdf\" target=\"_blank\">Trombinoscope au format PDF<\/a><\/p>\n<h2><\/h2>\n","protected":false},"excerpt":{"rendered":"<p>Maternelle Trombinoscope au format PDF<\/p>\n","protected":false},"author":10,"featured_media":0,"parent":0,"menu_order":0,"comment_status":"closed","ping_status":"closed","template":"","meta":{"footnotes":""},"class_list":["post-20","page","type-page","status-publish","hentry"],"_links":{"self":[{"href":"https:\/\/api-colomiers.com\/georgesand\/wp-json\/wp\/v2\/pages\/20","targetHints":{"allow":["GET"]}}],"collection":[{"href":"https:\/\/api-colomiers.com\/georgesand\/wp-json\/wp\/v2\/pages"}],"about":[{"href":"https:\/\/api-colomiers.com\/georgesand\/wp-json\/wp\/v2\/types\/page"}],"author":[{"embeddable":true,"href":"https:\/\/api-colomiers.com\/georgesand\/wp-json\/wp\/v2\/users\/10"}],"replies":[{"embeddable":true,"href":"https:\/\/api-colomiers.com\/georgesand\/wp-json\/wp\/v2\/comments?post=20"}],"version-history":[{"count":0,"href":"https:\/\/api-colomiers.com\/georgesand\/wp-json\/wp\/v2\/pages\/20\/revisions"}],"wp:attachment":[{"href":"https:\/\/api-colomiers.com\/georgesand\/wp-json\/wp\/v2\/media?parent=20"}],"curies":[{"name":"wp","href":"https:\/\/api.w.org\/{rel}","templated":true}]}}