{"id":13,"date":"2015-11-13T22:33:44","date_gmt":"2015-11-13T21:33:44","guid":{"rendered":"http:\/\/api-colomiers.com\/georgesand\/?page_id=13"},"modified":"2015-12-11T11:26:06","modified_gmt":"2015-12-11T10:26:06","slug":"qui-sommes-nous","status":"publish","type":"page","link":"https:\/\/api-colomiers.com\/georgesand\/qui-sommes-nous\/","title":{"rendered":"Qui sommes-nous ?"},"content":{"rendered":"<p>Nous sommes membres de l\u2019Association de Parents d\u2019\u00e9l\u00e8ves Ind\u00e9pendants de Colomiers. Il s\u2019agit de groupes de b\u00e9n\u00e9voles, apolitiques et sans hi\u00e9rarchie, pr\u00e9sents dans les diff\u00e9rents groupes scolaires de la ville.<\/p>\n<p>A George Sand,\u00a0les parents nous ont accord\u00e9s leur confiance aux \u00e9lections de d\u00e9l\u00e9gu\u00e9s des Parents d&rsquo;Eleves et nous vous en remercions!<\/p>\n<p>Notre fonctionnement est paritaire et coll\u00e9gial. Chacun donne son avis, et offre son temps dans la mesure de ses moyens. Notre ambition est de faire entendre la voix des parents d\u2019\u00e9l\u00e8ves de l\u2019\u00e9cole, de leur transmettre des informations les concernant, et de contribuer \u00e0 am\u00e9liorer les conditions d\u2019accueil et d\u2019apprentissage des enfants dans l\u2019\u00e9cole.<\/p>\n<p>&nbsp;<\/p>\n<p><strong>Notre r\u00f4le<\/strong><\/p>\n<p>Nous intervenons au sein des 3 conseils d\u2019\u00e9cole annuels, ainsi que dans les r\u00e9unions organis\u00e9es par la mairie.<\/p>\n<p>Nous provoquons aussi des r\u00e9unions, par exemple sur la s\u00e9curit\u00e9 des abords du groupe scolaire, la carte Vi@, la politique scolaire, les r\u00e9sultats de l\u2019audit sur le patrimoine scolaire\u2026<\/p>\n<p>Nous travaillons en collaboration \u00e9troite avec tous les acteurs de la vie scolaire des enfants : Les Directrices, enseignant(e)s, ATSEM, ALAE, \u00e9quipes d\u2019entretien et de cantine, services municipaux\u2026<\/p>\n<p>&nbsp;<\/p>\n<p><strong>Nos r\u00e9alisations<\/strong><\/p>\n<p>Nous aidons \u00e0 la r\u00e9daction des comptes rendus des r\u00e9unions o\u00f9 nous vous repr\u00e9sentons, qui sont ensuite publi\u00e9s sur notre Site Internet et affich\u00e9s \u00e0 l&rsquo;ext\u00e9rieur de l&rsquo;\u00e9cole (au panneau d&rsquo;affichage).<\/p>\n<p>Les caf\u00e9-parents vont \u00e9galement se mettre en place. Ces moments de discussion \u00e0 la sortie de l\u2019\u00e9cole auront lieu plusieurs fois dans l\u2019ann\u00e9e. C\u2019est l\u2019occasion d\u2019\u00e9changer, \u00e9couter, recueillir id\u00e9es ou sentiments.<\/p>\n<p>Nous avons d\u00e9cid\u00e9 de contribuer \u00e0 pr\u00e9server notre environnement avec un engagement contre le gaspillage papier: nous vous proposons de participer \u00e0 l&rsquo;Objectif Zero Papier en vous inscrivant par email \u00e0 l&rsquo;adresse <a href=\"mailto:parents.sand@gmail.com\">parents.sand@gmail.com<\/a>.<\/p>\n<p>Dans un souci de rendre disponibles en temps r\u00e9el les informations concernant l\u2019\u00e9cole, nous avons cr\u00e9\u00e9 un site internet. Il vous offre la possibilit\u00e9 de <a href=\"https:\/\/api-colomiers.com\/georgesand\/contact\/\">nous contacter<\/a> et diffuse toutes les informations utiles: <a href=\"https:\/\/api-colomiers.com\/georgesand\/horaires\/\">horaires<\/a>, <a href=\"https:\/\/api-colomiers.com\/georgesand\/documents\/\">comptes rendus des conseils d&rsquo;\u00e9cole<\/a>, annonces sur l&rsquo;organisation des \u00e9v\u00e9nements ou dates \u00e0 venir&#8230; Vous pourrez ainsi donner votre avis sur les projets de l&rsquo;\u00e9cole, proposer vos id\u00e9es ou bien encore\u00a0 nous aider \u00e0 l&rsquo;animation des manifestations dans un seul et m\u00eame but: enrichir la vie scolaire de nos enfants!<\/p>\n<p>Nous initions aussi des actions pour alimenter la coop\u00e9rative scolaire, et permettre aux classes de financer des animations et des sorties, sans recourir \u00e0 la participation des familles. Nous sommes connect\u00e9s aux \u00e9quipes des \u00e9coles de la ville, pour \u00e9changer sur les probl\u00e9matiques communes, et b\u00e9n\u00e9ficier du retour d\u2019exp\u00e9rience de chacun.<\/p>\n<p>&nbsp;<\/p>\n<p><strong>Notre avenir : \u00e9crivons-le ensemble !<\/strong><\/p>\n<p>Nous accueillons dans l\u2019association tous les parents qui s\u2019int\u00e9ressent \u00e0 la vie de l\u2019\u00e9cole. Notre \u00e9quipe est conviviale et ouverte, elle doit se renouveler de fa\u00e7on permanente. Chacun donne de son temps en fonction de sa disponibilit\u00e9. N\u2019h\u00e9sitez pas \u00e0 nous rejoindre !<\/p>\n","protected":false},"excerpt":{"rendered":"<p>Nous sommes membres de l\u2019Association de Parents d\u2019\u00e9l\u00e8ves Ind\u00e9pendants de Colomiers. Il s\u2019agit de groupes de b\u00e9n\u00e9voles, apolitiques et sans hi\u00e9rarchie, pr\u00e9sents dans les diff\u00e9rents groupes scolaires de la ville. A George Sand,\u00a0les parents nous ont accord\u00e9s leur confiance aux<\/p>\n","protected":false},"author":10,"featured_media":0,"parent":0,"menu_order":0,"comment_status":"closed","ping_status":"closed","template":"","meta":{"footnotes":""},"class_list":["post-13","page","type-page","status-publish","hentry"],"_links":{"self":[{"href":"https:\/\/api-colomiers.com\/georgesand\/wp-json\/wp\/v2\/pages\/13","targetHints":{"allow":["GET"]}}],"collection":[{"href":"https:\/\/api-colomiers.com\/georgesand\/wp-json\/wp\/v2\/pages"}],"about":[{"href":"https:\/\/api-colomiers.com\/georgesand\/wp-json\/wp\/v2\/types\/page"}],"author":[{"embeddable":true,"href":"https:\/\/api-colomiers.com\/georgesand\/wp-json\/wp\/v2\/users\/10"}],"replies":[{"embeddable":true,"href":"https:\/\/api-colomiers.com\/georgesand\/wp-json\/wp\/v2\/comments?post=13"}],"version-history":[{"count":0,"href":"https:\/\/api-colomiers.com\/georgesand\/wp-json\/wp\/v2\/pages\/13\/revisions"}],"wp:attachment":[{"href":"https:\/\/api-colomiers.com\/georgesand\/wp-json\/wp\/v2\/media?parent=13"}],"curies":[{"name":"wp","href":"https:\/\/api.w.org\/{rel}","templated":true}]}}