{"id":1291,"date":"2018-10-14T20:58:47","date_gmt":"2018-10-14T19:58:47","guid":{"rendered":"http:\/\/api-colomiers.com\/georgesand\/?page_id=1291"},"modified":"2018-11-11T14:41:02","modified_gmt":"2018-11-11T13:41:02","slug":"vos-delegues-2018-2019","status":"publish","type":"page","link":"https:\/\/api-colomiers.com\/georgesand\/vos-delegues-2018-2019\/","title":{"rendered":"Vos d\u00e9l\u00e9gu\u00e9s API 2018-2019"},"content":{"rendered":"<h1><span style=\"color: #33cccc\">MATERNELLE<\/span><\/h1>\n<p><a href=\"https:\/\/api-colomiers.com\/georgesand\/wp-content\/uploads\/2018\/10\/trombi-20182019-v2.pdf\" target=\"_blank\" rel=\"noopener\"><img loading=\"lazy\" decoding=\"async\" class=\"alignleft wp-image-1228\" src=\"https:\/\/api-colomiers.com\/georgesand\/wp-content\/uploads\/2018\/10\/trombi-20182019-v2-300x225.jpg\" alt=\"\" width=\"523\" height=\"392\" srcset=\"https:\/\/api-colomiers.com\/georgesand\/wp-content\/uploads\/2018\/10\/trombi-20182019-v2-300x225.jpg 300w, https:\/\/api-colomiers.com\/georgesand\/wp-content\/uploads\/2018\/10\/trombi-20182019-v2-768x576.jpg 768w, https:\/\/api-colomiers.com\/georgesand\/wp-content\/uploads\/2018\/10\/trombi-20182019-v2-600x450.jpg 600w, https:\/\/api-colomiers.com\/georgesand\/wp-content\/uploads\/2018\/10\/trombi-20182019-v2.jpg 960w\" sizes=\"auto, (max-width: 523px) 100vw, 523px\" \/><\/a><\/p>\n<p>&nbsp;<\/p>\n<p>&nbsp;<\/p>\n<p>&nbsp;<\/p>\n<p>&nbsp;<\/p>\n<p>&nbsp;<\/p>\n<p>&nbsp;<\/p>\n<p>&nbsp;<\/p>\n<p>&nbsp;<\/p>\n<p>&nbsp;<\/p>\n<p>&nbsp;<\/p>\n<p>&nbsp;<\/p>\n<p>&nbsp;<\/p>\n<h1><span style=\"color: #33cccc\">ELEMENTAIRE<\/span><\/h1>\n<p><a href=\"https:\/\/api-colomiers.com\/georgesand\/wp-content\/uploads\/2018\/11\/IMG-20181111-WA0000.jpg\"><img loading=\"lazy\" decoding=\"async\" class=\"alignnone  wp-image-1361\" src=\"https:\/\/api-colomiers.com\/georgesand\/wp-content\/uploads\/2018\/11\/IMG-20181111-WA0000-225x300.jpg\" alt=\"\" width=\"378\" height=\"504\" srcset=\"https:\/\/api-colomiers.com\/georgesand\/wp-content\/uploads\/2018\/11\/IMG-20181111-WA0000-225x300.jpg 225w, https:\/\/api-colomiers.com\/georgesand\/wp-content\/uploads\/2018\/11\/IMG-20181111-WA0000-600x800.jpg 600w, https:\/\/api-colomiers.com\/georgesand\/wp-content\/uploads\/2018\/11\/IMG-20181111-WA0000.jpg 720w\" sizes=\"auto, (max-width: 378px) 100vw, 378px\" \/><\/a><\/p>\n<p>&nbsp;<\/p>\n","protected":false},"excerpt":{"rendered":"<p>MATERNELLE &nbsp; &nbsp; &nbsp; &nbsp; &nbsp; &nbsp; &nbsp; &nbsp; &nbsp; &nbsp; &nbsp; &nbsp; ELEMENTAIRE &nbsp;<\/p>\n","protected":false},"author":10,"featured_media":0,"parent":0,"menu_order":0,"comment_status":"closed","ping_status":"closed","template":"","meta":{"footnotes":""},"class_list":["post-1291","page","type-page","status-publish","hentry"],"_links":{"self":[{"href":"https:\/\/api-colomiers.com\/georgesand\/wp-json\/wp\/v2\/pages\/1291","targetHints":{"allow":["GET"]}}],"collection":[{"href":"https:\/\/api-colomiers.com\/georgesand\/wp-json\/wp\/v2\/pages"}],"about":[{"href":"https:\/\/api-colomiers.com\/georgesand\/wp-json\/wp\/v2\/types\/page"}],"author":[{"embeddable":true,"href":"https:\/\/api-colomiers.com\/georgesand\/wp-json\/wp\/v2\/users\/10"}],"replies":[{"embeddable":true,"href":"https:\/\/api-colomiers.com\/georgesand\/wp-json\/wp\/v2\/comments?post=1291"}],"version-history":[{"count":0,"href":"https:\/\/api-colomiers.com\/georgesand\/wp-json\/wp\/v2\/pages\/1291\/revisions"}],"wp:attachment":[{"href":"https:\/\/api-colomiers.com\/georgesand\/wp-json\/wp\/v2\/media?parent=1291"}],"curies":[{"name":"wp","href":"https:\/\/api.w.org\/{rel}","templated":true}]}}