{"id":125,"date":"2015-11-18T09:47:47","date_gmt":"2015-11-18T08:47:47","guid":{"rendered":"http:\/\/api-colomiers.com\/georgesand\/?page_id=125"},"modified":"2015-11-18T09:51:28","modified_gmt":"2015-11-18T08:51:28","slug":"qui-est-george-sand","status":"publish","type":"page","link":"https:\/\/api-colomiers.com\/georgesand\/qui-est-george-sand\/","title":{"rendered":"Qui est George Sand ?"},"content":{"rendered":"<p><strong>George Sand<\/strong> (Paris, 1er juillet 1804 \u2013 Nohan-Vic, 8 juin 1876)<br \/>\nSous ce pseudonyme se cache Amantine Dupin, romanci\u00e8re fran\u00e7aise, journaliste et auteur dramatique. Elle a notamment lutt\u00e9 contre les pr\u00e9jug\u00e9s d\u2019une soci\u00e9t\u00e9 conservatrice, et contribu\u00e9 \u00e0 la vie intellectuelle de son \u00e9poque.<\/p>\n","protected":false},"excerpt":{"rendered":"<p>George Sand (Paris, 1er juillet 1804 \u2013 Nohan-Vic, 8 juin 1876) Sous ce pseudonyme se cache Amantine Dupin, romanci\u00e8re fran\u00e7aise, journaliste et auteur dramatique. Elle a notamment lutt\u00e9 contre les pr\u00e9jug\u00e9s d\u2019une soci\u00e9t\u00e9 conservatrice, et contribu\u00e9 \u00e0 la vie intellectuelle<\/p>\n","protected":false},"author":10,"featured_media":0,"parent":0,"menu_order":0,"comment_status":"closed","ping_status":"closed","template":"","meta":{"footnotes":""},"class_list":["post-125","page","type-page","status-publish","hentry"],"_links":{"self":[{"href":"https:\/\/api-colomiers.com\/georgesand\/wp-json\/wp\/v2\/pages\/125","targetHints":{"allow":["GET"]}}],"collection":[{"href":"https:\/\/api-colomiers.com\/georgesand\/wp-json\/wp\/v2\/pages"}],"about":[{"href":"https:\/\/api-colomiers.com\/georgesand\/wp-json\/wp\/v2\/types\/page"}],"author":[{"embeddable":true,"href":"https:\/\/api-colomiers.com\/georgesand\/wp-json\/wp\/v2\/users\/10"}],"replies":[{"embeddable":true,"href":"https:\/\/api-colomiers.com\/georgesand\/wp-json\/wp\/v2\/comments?post=125"}],"version-history":[{"count":0,"href":"https:\/\/api-colomiers.com\/georgesand\/wp-json\/wp\/v2\/pages\/125\/revisions"}],"wp:attachment":[{"href":"https:\/\/api-colomiers.com\/georgesand\/wp-json\/wp\/v2\/media?parent=125"}],"curies":[{"name":"wp","href":"https:\/\/api.w.org\/{rel}","templated":true}]}}