{"id":10,"date":"2015-11-13T22:28:36","date_gmt":"2015-11-13T21:28:36","guid":{"rendered":"http:\/\/api-colomiers.com\/georgesand\/?page_id=10"},"modified":"2026-04-15T15:17:30","modified_gmt":"2026-04-15T14:17:30","slug":"lequipe-api","status":"publish","type":"page","link":"https:\/\/api-colomiers.com\/georgesand\/lequipe-api\/","title":{"rendered":"L&rsquo;\u00e9quipe API"},"content":{"rendered":"\n<p>Qui sommes-nous ?<\/p>\n\n\n\n<p>Vos d\u00e9l\u00e9g\u00e9<strong>\u00b7<\/strong>e<strong>\u00b7<\/strong>s 2025-2026<\/p>\n\n\n<p><a href=\"https:\/\/api-colomiers.com\/georgesand\/vos-delegues-api-2022-2023-2\/\">Vos d\u00e9l\u00e9gu\u00e9s 2022-2023<\/a><\/p>\n<p><a href=\"https:\/\/api-colomiers.com\/georgesand\/vos-delegues-api-2021-2022\/\">Vos d\u00e9l\u00e9gu\u00e9s 2021-2022<\/a><\/p>\n<p><a href=\"https:\/\/api-colomiers.com\/georgesand\/vos-delegues-api-2020-2021\/\" target=\"_blank\" rel=\"noopener noreferrer\">Vos d\u00e9l\u00e9gu\u00e9s 2020-2021<\/a><\/p>\n<p><a href=\"https:\/\/api-colomiers.com\/georgesand\/vos-delegues-api-2019-2020\/\" target=\"_blank\" rel=\"noopener noreferrer\">Vos d\u00e9l\u00e9gu\u00e9s 2019-2020<\/a><\/p>\n<p><a href=\"https:\/\/api-colomiers.com\/georgesand\/vos-delegues-2018-2019\/\" target=\"_blank\" rel=\"noopener noreferrer\">Vos d\u00e9l\u00e9gu\u00e9s 2018-2019<\/a><\/p>\n<p><a title=\"Vos d\u00e9l\u00e9gu\u00e9s 2016-2017\" href=\"https:\/\/api-colomiers.com\/georgesand\/vos-delegues-2016-2017\/\">Vos d\u00e9l\u00e9gu\u00e9s 2016-2017<\/a><\/p>\n<p><a title=\"Vos d\u00e9l\u00e9gu\u00e9s 2015-2016\" href=\"https:\/\/api-colomiers.com\/georgesand\/vos-delegues-2015-2016\/\">Vos d\u00e9l\u00e9gu\u00e9s 2015-2016<\/a><\/p>\n<p><a href=\"https:\/\/api-colomiers.com\/georgesand\/contact\/\">Nous contacter<\/a><\/p>\n<p><a href=\"https:\/\/api-colomiers.com\/georgesand\/inscription-lettre-information\/\">Inscription \u00e0 la lettre d&rsquo;information<\/a><\/p>\n\n\n<p><\/p>\n","protected":false},"excerpt":{"rendered":"<p>Qui sommes-nous ? Vos d\u00e9l\u00e9g\u00e9\u00b7e\u00b7s 2025-2026 Vos d\u00e9l\u00e9gu\u00e9s 2022-2023 Vos d\u00e9l\u00e9gu\u00e9s 2021-2022 Vos d\u00e9l\u00e9gu\u00e9s 2020-2021 Vos d\u00e9l\u00e9gu\u00e9s 2019-2020 Vos d\u00e9l\u00e9gu\u00e9s 2018-2019 Vos d\u00e9l\u00e9gu\u00e9s 2016-2017 Vos d\u00e9l\u00e9gu\u00e9s 2015-2016 Nous contacter Inscription \u00e0 la lettre d&rsquo;information<\/p>\n","protected":false},"author":10,"featured_media":0,"parent":0,"menu_order":0,"comment_status":"closed","ping_status":"closed","template":"","meta":{"footnotes":""},"class_list":["post-10","page","type-page","status-publish","hentry"],"_links":{"self":[{"href":"https:\/\/api-colomiers.com\/georgesand\/wp-json\/wp\/v2\/pages\/10","targetHints":{"allow":["GET"]}}],"collection":[{"href":"https:\/\/api-colomiers.com\/georgesand\/wp-json\/wp\/v2\/pages"}],"about":[{"href":"https:\/\/api-colomiers.com\/georgesand\/wp-json\/wp\/v2\/types\/page"}],"author":[{"embeddable":true,"href":"https:\/\/api-colomiers.com\/georgesand\/wp-json\/wp\/v2\/users\/10"}],"replies":[{"embeddable":true,"href":"https:\/\/api-colomiers.com\/georgesand\/wp-json\/wp\/v2\/comments?post=10"}],"version-history":[{"count":5,"href":"https:\/\/api-colomiers.com\/georgesand\/wp-json\/wp\/v2\/pages\/10\/revisions"}],"predecessor-version":[{"id":3418,"href":"https:\/\/api-colomiers.com\/georgesand\/wp-json\/wp\/v2\/pages\/10\/revisions\/3418"}],"wp:attachment":[{"href":"https:\/\/api-colomiers.com\/georgesand\/wp-json\/wp\/v2\/media?parent=10"}],"curies":[{"name":"wp","href":"https:\/\/api.w.org\/{rel}","templated":true}]}}