{"id":89,"date":"2015-07-06T19:51:41","date_gmt":"2015-07-06T19:51:41","guid":{"rendered":"http:\/\/api-colomiers.com\/api\/?page_id=89"},"modified":"2021-12-13T21:41:58","modified_gmt":"2021-12-13T21:41:58","slug":"lamartine","status":"publish","type":"page","link":"https:\/\/api-colomiers.com\/api\/lamartine\/","title":{"rendered":"Lamartine"},"content":{"rendered":"<p>Chers Parents d&rsquo;\u00e9l\u00e8ves de l&rsquo;\u00e9cole Lamartine,<\/p>\n<p>vous souhaitez ouvrir une section API pour votre \u00e9cole, vous pouvez nous contacter par mail \u00e0 <a href=\"mailto:api.colomiers@gmail.com\">api.colomiers@gmail.com<\/a><\/p>\n<p>Nous nous ferons un plaisir de vous aider et vous guider au mieux pour la cr\u00e9ation et la vie de votre section.<\/p>\n<p><span style=\"color: #3366ff;\"><strong>Les b\u00e9n\u00e9fices de l&rsquo;API Colomiers :&nbsp;<\/strong><\/span><br \/>\n&#8211; mise \u00e0 disposition de guide\/outils pour la gestion de sa section de parents d&rsquo;\u00e9l\u00e8ves de son \u00e9cole (site internet, compte en banque, assurance, bo\u00eetes mails, liste de diffusion&#8230;)<br \/>\n&#8211; de bonnes pratiques \u00e0 partager et une exp\u00e9rience non n\u00e9gligeable fort de son r\u00e9seau d&rsquo;association de parents d&rsquo;\u00e9l\u00e8ves API dans les diff\u00e9rentes \u00e9coles de Colomiers<br \/>\n&#8211; une force de proposition pour porter des projets\/actions communes aux diff\u00e9rentes \u00e9coles aupr\u00e8s des diff\u00e9rentes institutions (Mairie, \u00e9ducation nationale,&#8230;)<\/p>\n<p>Nous sommes l\u00e0 pour vous, on vous attend <a href=\"http:\/\/api-colomiers.com\/api\/wp-content\/uploads\/2021\/12\/ecole-main.jpg\">!<img loading=\"lazy\" decoding=\"async\" class=\"size-full wp-image-208 aligncenter\" src=\"http:\/\/api-colomiers.com\/api\/wp-content\/uploads\/2021\/12\/ecole-main.jpg\" alt=\"\" width=\"512\" height=\"288\" srcset=\"https:\/\/api-colomiers.com\/api\/wp-content\/uploads\/2021\/12\/ecole-main.jpg 512w, https:\/\/api-colomiers.com\/api\/wp-content\/uploads\/2021\/12\/ecole-main-300x169.jpg 300w\" sizes=\"(max-width: 512px) 100vw, 512px\" \/><\/a><\/p>\n<p><span style=\"text-decoration: underline;\">Quelques mots&#8230;Qui est-il ?<\/span><\/p>\n<p><strong>Alphonse-Marie-Louis de Lamartine<\/strong> (Ma\u0302con 1790 &#8211; Paris 1869)<br \/>\nAristocrate e\u0301claire\u0301, homme politique, il a compris ce que ne veulent pas voir les gens de sa classe : l&rsquo;oppression est la voie su\u0302re vers l&rsquo;explosion sociale. Il est l&rsquo;une des plus grandes figures du romantisme en France.<\/p>\n<p><span style=\"text-decoration: underline;\">Adresse de l&rsquo;\u00e9cole maternelle<\/span> : all\u00e9e de Savoie<\/p>\n<p><span style=\"text-decoration: underline;\">Adresse de l&rsquo;\u00e9cole \u00e9l\u00e9mentaire<\/span> : 8 all\u00e9e de la Terrasse<\/p>\n","protected":false},"excerpt":{"rendered":"<p>Chers Parents d&rsquo;\u00e9l\u00e8ves de l&rsquo;\u00e9cole Lamartine, vous souhaitez ouvrir une section API pour votre \u00e9cole, vous pouvez nous contacter par mail \u00e0 api.colomiers@gmail.com Nous nous ferons un plaisir de vous aider et vous guider au mieux pour la cr\u00e9ation et<\/p>\n","protected":false},"author":1,"featured_media":0,"parent":0,"menu_order":0,"comment_status":"closed","ping_status":"closed","template":"","meta":{"footnotes":""},"class_list":["post-89","page","type-page","status-publish","hentry"],"_links":{"self":[{"href":"https:\/\/api-colomiers.com\/api\/wp-json\/wp\/v2\/pages\/89"}],"collection":[{"href":"https:\/\/api-colomiers.com\/api\/wp-json\/wp\/v2\/pages"}],"about":[{"href":"https:\/\/api-colomiers.com\/api\/wp-json\/wp\/v2\/types\/page"}],"author":[{"embeddable":true,"href":"https:\/\/api-colomiers.com\/api\/wp-json\/wp\/v2\/users\/1"}],"replies":[{"embeddable":true,"href":"https:\/\/api-colomiers.com\/api\/wp-json\/wp\/v2\/comments?post=89"}],"version-history":[{"count":0,"href":"https:\/\/api-colomiers.com\/api\/wp-json\/wp\/v2\/pages\/89\/revisions"}],"wp:attachment":[{"href":"https:\/\/api-colomiers.com\/api\/wp-json\/wp\/v2\/media?parent=89"}],"curies":[{"name":"wp","href":"https:\/\/api.w.org\/{rel}","templated":true}]}}