{"id":5,"date":"2015-03-22T14:21:37","date_gmt":"2015-03-22T14:21:37","guid":{"rendered":"http:\/\/api-colomiers.com\/testapi\/?page_id=4"},"modified":"2015-07-06T18:53:56","modified_gmt":"2015-07-06T18:53:56","slug":"qui-sommes-nous","status":"publish","type":"page","link":"https:\/\/api-colomiers.com\/api\/qui-sommes-nous\/","title":{"rendered":"Qui sommes nous ?"},"content":{"rendered":"<p style=\"text-align: justify;\">L&rsquo;association regroupe des parents b\u00e9n\u00e9voles, hommes et femmes, apolitiques et sans hi\u00e9rarchie, pr\u00e9sents dans les diff\u00e9rents groupes scolaires de la ville.<br \/>\nNotre fonctionnement est paritaire et coll\u00e9gial. Chacun donne son avis, et offre son temps dans la mesure de ses moyens. Notre ambition est de faire entendre la voix des parents d\u2019\u00e9l\u00e8ves de l\u2019\u00e9cole, de leur transmettre des informations les concernant, et de contribuer \u00e0 am\u00e9liorer les conditions d\u2019accueil et de scolarit\u00e9 des enfants dans les \u00e9coles de Colomiers.<\/p>\n<p style=\"text-align: justify;\"><strong>Notre r\u00f4le<\/strong><br \/>\nNous intervenons au sein des 3 conseils d\u2019\u00e9cole annuels, ainsi que dans les r\u00e9unions organis\u00e9es par la mairie.<br \/>\nNous provoquons aussi des r\u00e9unions, par exemple sur la s\u00e9curit\u00e9 des abords du groupe scolaire, la carte Vi@, la politique scolaire, les r\u00e9sultats de l\u2019audit sur le patrimoine scolaire\u2026<br \/>\nNous travaillons en collaboration \u00e9troite avec tous les acteurs de la vie scolaire des enfants : directeur\/trice et enseignant(e)s, ATSEM, ALAE, \u00e9quipes d\u2019entretien et de cantine, services municipaux\u2026<\/p>\n<p style=\"text-align: justify;\"><strong>Nos r\u00e9alisations<\/strong><br \/>\n\u2013 Nous r\u00e9digeons des compte-rendus des r\u00e9unions o\u00f9 nous vous repr\u00e9sentons, qui sont distribu\u00e9s dans les cahiers des enfants ou envoy\u00e9s par mail.<br \/>\n\u2013 Nous avons cr\u00e9\u00e9 les caf\u00e9-parents. Ces moments de discussion \u00e0 la sortie de l\u2019\u00e9cole ont lieu plusieurs fois dans l\u2019ann\u00e9e. C\u2019est l\u2019occasion d\u2019\u00e9changer, \u00e9couter, recueillir id\u00e9es ou sentiments sur l&rsquo;\u00e9cole, le v\u00e9cu de son enfant, ses difficult\u00e9s ou ses acquisitions.<br \/>\n\u2013 Notre site internet est destin\u00e9 \u00e0 rendre disponibles en temps r\u00e9el les informations concernant l\u2019\u00e9cole.<br \/>\n\u2013 Nous initions aussi des actions pour alimenter la coop\u00e9rative scolaire, et permettre aux classes de financer des animations et des sorties, sans recourir \u00e0 la participation compl\u00e9mentaire des familles (vente de g\u00e2teaux au march\u00e9, vide-grenier, tombolas, kermesses, bourses aux livres&#8230;). De m\u00eame, certaines \u00e9coles m\u00e8nent une vente de fournitures group\u00e9es, pour \u00e9viter les courses de pr\u00e9-rentr\u00e9e et assurer un homog\u00e9n\u00e9it\u00e9 dans le mat\u00e9riel scolaire.<\/p>\n<p style=\"text-align: justify;\">&#8211; Nous sommes connect\u00e9s aux \u00e9quipes des \u00e9coles de la ville. R\u00e9guli\u00e8rement, des repr\u00e9sentants de chaque \u00e9quipe, \u00e9lus au sein du Conseil d&rsquo;administration lors de l&rsquo;Assembl\u00e9e g\u00e9n\u00e9rale de l&rsquo;API-Colomiers, se r\u00e9unissent pour \u00e9changer sur les probl\u00e9matiques communes, mutualiser les bonnes id\u00e9es et b\u00e9n\u00e9ficier du retour d\u2019exp\u00e9rience de chacun.<\/p>\n<p style=\"text-align: justify;\"><strong>Notre avenir : \u00e9crivons-le ensemble !<\/strong><br \/>\nNous accueillons dans l\u2019association tous les parents qui s\u2019int\u00e9ressent \u00e0 la vie de l\u2019\u00e9cole. Notre \u00e9quipe est conviviale et ouverte, elle doit se renouveler de fa\u00e7on permanente. Chacun donne de son temps en fonction de sa disponibilit\u00e9. N\u2019h\u00e9sitez pas \u00e0 nous rejoindre !<\/p>\n<p style=\"text-align: justify;\">Pour conna\u00eetre l&rsquo;\u00e9quipe de l&rsquo;\u00e9cole de votre enfant, cliquez sur l&rsquo;onglet.<\/p>\n<p style=\"text-align: justify;\">Si vous souhaitez monter une \u00e9quipe API dans votre \u00e9cole, contactez l&rsquo;API-Colomiers : api.colomiers@gmail.com<\/p>\n","protected":false},"excerpt":{"rendered":"<p>L&rsquo;API Colomiers est une association &#8230;<\/p>\n","protected":false},"author":1,"featured_media":30,"parent":0,"menu_order":0,"comment_status":"closed","ping_status":"closed","template":"","meta":{"footnotes":""},"class_list":["post-5","page","type-page","status-publish","has-post-thumbnail","hentry"],"_links":{"self":[{"href":"https:\/\/api-colomiers.com\/api\/wp-json\/wp\/v2\/pages\/5"}],"collection":[{"href":"https:\/\/api-colomiers.com\/api\/wp-json\/wp\/v2\/pages"}],"about":[{"href":"https:\/\/api-colomiers.com\/api\/wp-json\/wp\/v2\/types\/page"}],"author":[{"embeddable":true,"href":"https:\/\/api-colomiers.com\/api\/wp-json\/wp\/v2\/users\/1"}],"replies":[{"embeddable":true,"href":"https:\/\/api-colomiers.com\/api\/wp-json\/wp\/v2\/comments?post=5"}],"version-history":[{"count":0,"href":"https:\/\/api-colomiers.com\/api\/wp-json\/wp\/v2\/pages\/5\/revisions"}],"wp:featuredmedia":[{"embeddable":true,"href":"https:\/\/api-colomiers.com\/api\/wp-json\/wp\/v2\/media\/30"}],"wp:attachment":[{"href":"https:\/\/api-colomiers.com\/api\/wp-json\/wp\/v2\/media?parent=5"}],"curies":[{"name":"wp","href":"https:\/\/api.w.org\/{rel}","templated":true}]}}