{"id":270,"date":"2024-09-29T16:00:43","date_gmt":"2024-09-29T16:00:43","guid":{"rendered":"https:\/\/api-colomiers.com\/api\/?page_id=270"},"modified":"2024-09-29T16:00:44","modified_gmt":"2024-09-29T16:00:44","slug":"voltaire","status":"publish","type":"page","link":"https:\/\/api-colomiers.com\/api\/voltaire\/","title":{"rendered":"Voltaire"},"content":{"rendered":"\n<p>Chers Parents d\u2019\u00e9l\u00e8ves du coll\u00e8ge Voltaire,<\/p>\n\n\n\n<p>Retrouvez tr\u00e8s prochainement, les informations de l&rsquo;\u00e9quipe des parents API du coll\u00e8ge Voltaire<\/p>\n\n\n<div class=\"wp-block-image\">\n<figure class=\"aligncenter\"><a href=\"http:\/\/api-colomiers.com\/api\/wp-content\/uploads\/2021\/12\/ecole-main.jpg\"><img loading=\"lazy\" decoding=\"async\" width=\"512\" height=\"288\" src=\"http:\/\/api-colomiers.com\/api\/wp-content\/uploads\/2021\/12\/ecole-main.jpg\" alt=\"\" class=\"wp-image-208\" srcset=\"https:\/\/api-colomiers.com\/api\/wp-content\/uploads\/2021\/12\/ecole-main.jpg 512w, https:\/\/api-colomiers.com\/api\/wp-content\/uploads\/2021\/12\/ecole-main-300x169.jpg 300w\" sizes=\"(max-width: 512px) 100vw, 512px\" \/><\/a><\/figure><\/div>","protected":false},"excerpt":{"rendered":"<p>Chers Parents d\u2019\u00e9l\u00e8ves du coll\u00e8ge Voltaire, Retrouvez tr\u00e8s prochainement, les informations de l&rsquo;\u00e9quipe des parents API du coll\u00e8ge Voltaire<\/p>\n","protected":false},"author":1,"featured_media":0,"parent":0,"menu_order":0,"comment_status":"closed","ping_status":"closed","template":"","meta":{"footnotes":""},"class_list":["post-270","page","type-page","status-publish","hentry"],"_links":{"self":[{"href":"https:\/\/api-colomiers.com\/api\/wp-json\/wp\/v2\/pages\/270"}],"collection":[{"href":"https:\/\/api-colomiers.com\/api\/wp-json\/wp\/v2\/pages"}],"about":[{"href":"https:\/\/api-colomiers.com\/api\/wp-json\/wp\/v2\/types\/page"}],"author":[{"embeddable":true,"href":"https:\/\/api-colomiers.com\/api\/wp-json\/wp\/v2\/users\/1"}],"replies":[{"embeddable":true,"href":"https:\/\/api-colomiers.com\/api\/wp-json\/wp\/v2\/comments?post=270"}],"version-history":[{"count":1,"href":"https:\/\/api-colomiers.com\/api\/wp-json\/wp\/v2\/pages\/270\/revisions"}],"predecessor-version":[{"id":272,"href":"https:\/\/api-colomiers.com\/api\/wp-json\/wp\/v2\/pages\/270\/revisions\/272"}],"wp:attachment":[{"href":"https:\/\/api-colomiers.com\/api\/wp-json\/wp\/v2\/media?parent=270"}],"curies":[{"name":"wp","href":"https:\/\/api.w.org\/{rel}","templated":true}]}}