{"id":24,"date":"2015-03-22T19:52:07","date_gmt":"2015-03-22T19:52:07","guid":{"rendered":"http:\/\/api-colomiers.com\/testapi\/?page_id=24"},"modified":"2015-07-06T18:42:59","modified_gmt":"2015-07-06T18:42:59","slug":"revue-de-presse","status":"publish","type":"page","link":"https:\/\/api-colomiers.com\/api\/revue-de-presse\/","title":{"rendered":"Revue de presse"},"content":{"rendered":"<p>Article dans <em>la D\u00e9p\u00eache du Midi <\/em>(25\/06\/15), annon\u00e7ant la r\u00e9duction des \u00e9quipes ATSEM dans les maternelles de la ville, sauf En Jacca, Marie-Curie, Jean-Mac\u00e9 et Jules-Ferry<\/p>\n<p><a href=\"http:\/\/api-colomiers.com\/api\/wp-content\/uploads\/2015\/03\/article\u2014atsem.jpeg\"><img loading=\"lazy\" decoding=\"async\" class=\"alignnone size-medium wp-image-75\" src=\"http:\/\/api-colomiers.com\/api\/wp-content\/uploads\/2015\/03\/article\u2014atsem-237x300.jpeg\" alt=\"article\u2014atsem\" width=\"237\" height=\"300\" srcset=\"https:\/\/api-colomiers.com\/api\/wp-content\/uploads\/2015\/03\/article\u2014atsem-237x300.jpeg 237w, https:\/\/api-colomiers.com\/api\/wp-content\/uploads\/2015\/03\/article\u2014atsem-808x1024.jpeg 808w, https:\/\/api-colomiers.com\/api\/wp-content\/uploads\/2015\/03\/article\u2014atsem.jpeg 1822w\" sizes=\"(max-width: 237px) 100vw, 237px\" \/><\/a><\/p>\n<p>Article dans <em>la D\u00e9p\u00eache du Midi<\/em> (09\/04\/15), suite \u00e0 la mobilisation de l&rsquo;\u00e9cole Alain-Savary et \u00e0 la p\u00e9tition men\u00e9e par l&rsquo;API et la FCPE pour demander la r\u00e9gularisation de cet \u00e9l\u00e8ve menac\u00e9 d&rsquo;expulsion.<\/p>\n<p><a href=\"http:\/\/api-colomiers.com\/api\/wp-content\/uploads\/2015\/03\/article\u2014mobilisationClaudio.jpeg\"><img loading=\"lazy\" decoding=\"async\" class=\"alignnone size-medium wp-image-70\" src=\"http:\/\/api-colomiers.com\/api\/wp-content\/uploads\/2015\/03\/article\u2014mobilisationClaudio-239x300.jpeg\" alt=\"article-mobilisationClaudio\" width=\"239\" height=\"300\" srcset=\"https:\/\/api-colomiers.com\/api\/wp-content\/uploads\/2015\/03\/article\u2014mobilisationClaudio-239x300.jpeg 239w, https:\/\/api-colomiers.com\/api\/wp-content\/uploads\/2015\/03\/article\u2014mobilisationClaudio-817x1024.jpeg 817w, https:\/\/api-colomiers.com\/api\/wp-content\/uploads\/2015\/03\/article\u2014mobilisationClaudio.jpeg 1875w\" sizes=\"(max-width: 239px) 100vw, 239px\" \/><\/a><\/p>\n<p>Article dans <em>la D\u00e9p\u00eache du Midi <\/em>(0 4\/12\/14), suite \u00e0 la mise en place de la carte Vi@, en octobre 2014<\/p>\n<p><a href=\"http:\/\/api-colomiers.com\/api\/wp-content\/uploads\/2015\/03\/article\u2014carteVi@.jpeg\"><img loading=\"lazy\" decoding=\"async\" class=\"alignnone size-medium wp-image-71\" src=\"http:\/\/api-colomiers.com\/api\/wp-content\/uploads\/2015\/03\/article\u2014carteVi@-241x300.jpeg\" alt=\"article\u2014carteVi@\" width=\"241\" height=\"300\" srcset=\"https:\/\/api-colomiers.com\/api\/wp-content\/uploads\/2015\/03\/article\u2014carteVi@-241x300.jpeg 241w, https:\/\/api-colomiers.com\/api\/wp-content\/uploads\/2015\/03\/article\u2014carteVi@-824x1024.jpeg 824w, https:\/\/api-colomiers.com\/api\/wp-content\/uploads\/2015\/03\/article\u2014carteVi@.jpeg 1792w\" sizes=\"(max-width: 241px) 100vw, 241px\" \/><\/a><\/p>\n<p>Recension dans <em>la D\u00e9p\u00eache du Midi<\/em> suite \u00e0 la victoire de l&rsquo;API aux \u00e9lections de repr\u00e9sentants de parents d&rsquo;\u00e9l\u00e8ves de l&rsquo;ann\u00e9e 2014-2015<\/p>\n<p><a href=\"http:\/\/api-colomiers.com\/api\/wp-content\/uploads\/2015\/03\/LDDMe\u0301lections.jpg\"><img loading=\"lazy\" decoding=\"async\" class=\"alignnone size-medium wp-image-66\" src=\"http:\/\/api-colomiers.com\/api\/wp-content\/uploads\/2015\/03\/LDDMe\u0301lections-300x300.jpg\" alt=\"LDDMe\u0301lections\" width=\"300\" height=\"300\" srcset=\"https:\/\/api-colomiers.com\/api\/wp-content\/uploads\/2015\/03\/LDDMe\u0301lections-300x300.jpg 300w, https:\/\/api-colomiers.com\/api\/wp-content\/uploads\/2015\/03\/LDDMe\u0301lections-150x150.jpg 150w, https:\/\/api-colomiers.com\/api\/wp-content\/uploads\/2015\/03\/LDDMe\u0301lections-1024x1024.jpg 1024w, https:\/\/api-colomiers.com\/api\/wp-content\/uploads\/2015\/03\/LDDMe\u0301lections-270x270.jpg 270w, https:\/\/api-colomiers.com\/api\/wp-content\/uploads\/2015\/03\/LDDMe\u0301lections-230x230.jpg 230w, https:\/\/api-colomiers.com\/api\/wp-content\/uploads\/2015\/03\/LDDMe\u0301lections.jpg 1936w\" sizes=\"(max-width: 300px) 100vw, 300px\" \/><\/a><\/p>\n<p>&nbsp;<\/p>\n<p>&nbsp;<\/p>\n<p>&nbsp;<\/p>\n<p>&nbsp;<\/p>\n","protected":false},"excerpt":{"rendered":"<p>L&rsquo;API et le sujet scolaire dans la presse<\/p>\n","protected":false},"author":1,"featured_media":27,"parent":0,"menu_order":0,"comment_status":"closed","ping_status":"closed","template":"","meta":{"footnotes":""},"class_list":["post-24","page","type-page","status-publish","has-post-thumbnail","hentry"],"_links":{"self":[{"href":"https:\/\/api-colomiers.com\/api\/wp-json\/wp\/v2\/pages\/24"}],"collection":[{"href":"https:\/\/api-colomiers.com\/api\/wp-json\/wp\/v2\/pages"}],"about":[{"href":"https:\/\/api-colomiers.com\/api\/wp-json\/wp\/v2\/types\/page"}],"author":[{"embeddable":true,"href":"https:\/\/api-colomiers.com\/api\/wp-json\/wp\/v2\/users\/1"}],"replies":[{"embeddable":true,"href":"https:\/\/api-colomiers.com\/api\/wp-json\/wp\/v2\/comments?post=24"}],"version-history":[{"count":0,"href":"https:\/\/api-colomiers.com\/api\/wp-json\/wp\/v2\/pages\/24\/revisions"}],"wp:featuredmedia":[{"embeddable":true,"href":"https:\/\/api-colomiers.com\/api\/wp-json\/wp\/v2\/media\/27"}],"wp:attachment":[{"href":"https:\/\/api-colomiers.com\/api\/wp-json\/wp\/v2\/media?parent=24"}],"curies":[{"name":"wp","href":"https:\/\/api.w.org\/{rel}","templated":true}]}}