{"id":220,"date":"2021-12-13T21:33:01","date_gmt":"2021-12-13T21:33:01","guid":{"rendered":"https:\/\/api-colomiers.com\/api\/?page_id=220"},"modified":"2024-09-24T22:13:36","modified_gmt":"2024-09-24T22:13:36","slug":"jean-mace","status":"publish","type":"page","link":"https:\/\/api-colomiers.com\/api\/jean-mace\/","title":{"rendered":"Jean-Mac\u00e9"},"content":{"rendered":"\n<p>Chers Parents d\u2019\u00e9l\u00e8ves de l\u2019\u00e9cole maternelle Jean Mac\u00e9,<\/p>\n\n\n\n<p>Retrouvez tr\u00e8s prochainement, les informations de l\u2019\u00e9quipe des parents API de l&rsquo;\u00e9cole maternelle Jean Mac\u00e9<\/p>\n\n\n\n<figure class=\"wp-block-image size-full\"><a href=\"http:\/\/api-colomiers.com\/api\/wp-content\/uploads\/2021\/12\/ecole-main.jpg\"><img loading=\"lazy\" decoding=\"async\" width=\"512\" height=\"288\" src=\"http:\/\/api-colomiers.com\/api\/wp-content\/uploads\/2021\/12\/ecole-main.jpg\" alt=\"\" class=\"wp-image-208\" srcset=\"https:\/\/api-colomiers.com\/api\/wp-content\/uploads\/2021\/12\/ecole-main.jpg 512w, https:\/\/api-colomiers.com\/api\/wp-content\/uploads\/2021\/12\/ecole-main-300x169.jpg 300w\" sizes=\"(max-width: 512px) 100vw, 512px\" \/><\/a><\/figure>\n","protected":false},"excerpt":{"rendered":"<p>Chers Parents d\u2019\u00e9l\u00e8ves de l\u2019\u00e9cole maternelle Jean Mac\u00e9, Retrouvez tr\u00e8s prochainement, les informations de l\u2019\u00e9quipe des parents API de l&rsquo;\u00e9cole maternelle Jean Mac\u00e9<\/p>\n","protected":false},"author":1,"featured_media":0,"parent":0,"menu_order":0,"comment_status":"closed","ping_status":"closed","template":"","meta":{"footnotes":""},"class_list":["post-220","page","type-page","status-publish","hentry"],"_links":{"self":[{"href":"https:\/\/api-colomiers.com\/api\/wp-json\/wp\/v2\/pages\/220"}],"collection":[{"href":"https:\/\/api-colomiers.com\/api\/wp-json\/wp\/v2\/pages"}],"about":[{"href":"https:\/\/api-colomiers.com\/api\/wp-json\/wp\/v2\/types\/page"}],"author":[{"embeddable":true,"href":"https:\/\/api-colomiers.com\/api\/wp-json\/wp\/v2\/users\/1"}],"replies":[{"embeddable":true,"href":"https:\/\/api-colomiers.com\/api\/wp-json\/wp\/v2\/comments?post=220"}],"version-history":[{"count":1,"href":"https:\/\/api-colomiers.com\/api\/wp-json\/wp\/v2\/pages\/220\/revisions"}],"predecessor-version":[{"id":268,"href":"https:\/\/api-colomiers.com\/api\/wp-json\/wp\/v2\/pages\/220\/revisions\/268"}],"wp:attachment":[{"href":"https:\/\/api-colomiers.com\/api\/wp-json\/wp\/v2\/media?parent=220"}],"curies":[{"name":"wp","href":"https:\/\/api.w.org\/{rel}","templated":true}]}}