{"id":217,"date":"2021-12-13T21:26:56","date_gmt":"2021-12-13T21:26:56","guid":{"rendered":"https:\/\/api-colomiers.com\/api\/?page_id=217"},"modified":"2021-12-13T21:26:57","modified_gmt":"2021-12-13T21:26:57","slug":"simone-veil-en-jacca","status":"publish","type":"page","link":"https:\/\/api-colomiers.com\/api\/simone-veil-en-jacca\/","title":{"rendered":"Simone-Veil En Jacca"},"content":{"rendered":"\n<p>Chers Parents d\u2019\u00e9l\u00e8ves de l\u2019\u00e9cole maternelle Simone-Veil En Jacca,<\/p>\n\n\n\n<p>vous souhaitez ouvrir une section API pour votre \u00e9cole, vous pouvez nous contacter par mail \u00e0&nbsp;<a href=\"mailto:api.colomiers@gmail.com\">api.colomiers@gmail.com<\/a><\/p>\n\n\n\n<p>Nous nous ferons un plaisir de vous aider et vous guider au mieux pour la cr\u00e9ation et la vie de votre section.<\/p>\n\n\n\n<p><strong>Les b\u00e9n\u00e9fices de l\u2019API Colomiers :&nbsp;<br><\/strong>\u2013 mise \u00e0 disposition de guide\/outils pour la gestion de la section de parents d\u2019\u00e9l\u00e8ves de son \u00e9cole (site internet, compte en banque, assurance, bo\u00eete mails, liste de diffusion\u2026)<br>\u2013 de bonnes pratiques \u00e0 partager et une exp\u00e9rience non n\u00e9gligeable fort de son r\u00e9seau d\u2019association de parents d\u2019\u00e9l\u00e8ves API dans les diff\u00e9rentes \u00e9coles de Colomiers<br>\u2013 une force de proposition pour porter des projets\/actions communes aux diff\u00e9rentes \u00e9coles aupr\u00e8s des diff\u00e9rentes institutions (Mairie, \u00e9ducation nationale)<\/p>\n\n\n\n<p>Nous sommes l\u00e0 pour vous, on vous attend !<\/p>\n\n\n\n<figure class=\"wp-block-image size-full\"><a href=\"http:\/\/api-colomiers.com\/api\/wp-content\/uploads\/2021\/12\/ecole-main.jpg\"><img loading=\"lazy\" decoding=\"async\" width=\"512\" height=\"288\" src=\"http:\/\/api-colomiers.com\/api\/wp-content\/uploads\/2021\/12\/ecole-main.jpg\" alt=\"\" class=\"wp-image-208\" srcset=\"https:\/\/api-colomiers.com\/api\/wp-content\/uploads\/2021\/12\/ecole-main.jpg 512w, https:\/\/api-colomiers.com\/api\/wp-content\/uploads\/2021\/12\/ecole-main-300x169.jpg 300w\" sizes=\"(max-width: 512px) 100vw, 512px\" \/><\/a><\/figure>\n","protected":false},"excerpt":{"rendered":"<p>Chers Parents d\u2019\u00e9l\u00e8ves de l\u2019\u00e9cole maternelle Simone-Veil En Jacca, vous souhaitez ouvrir une section API pour votre \u00e9cole, vous pouvez nous contacter par mail \u00e0&nbsp;api.colomiers@gmail.com Nous nous ferons un plaisir de vous aider et vous guider au mieux pour la<\/p>\n","protected":false},"author":1,"featured_media":0,"parent":0,"menu_order":0,"comment_status":"closed","ping_status":"closed","template":"","meta":{"footnotes":""},"class_list":["post-217","page","type-page","status-publish","hentry"],"_links":{"self":[{"href":"https:\/\/api-colomiers.com\/api\/wp-json\/wp\/v2\/pages\/217"}],"collection":[{"href":"https:\/\/api-colomiers.com\/api\/wp-json\/wp\/v2\/pages"}],"about":[{"href":"https:\/\/api-colomiers.com\/api\/wp-json\/wp\/v2\/types\/page"}],"author":[{"embeddable":true,"href":"https:\/\/api-colomiers.com\/api\/wp-json\/wp\/v2\/users\/1"}],"replies":[{"embeddable":true,"href":"https:\/\/api-colomiers.com\/api\/wp-json\/wp\/v2\/comments?post=217"}],"version-history":[{"count":0,"href":"https:\/\/api-colomiers.com\/api\/wp-json\/wp\/v2\/pages\/217\/revisions"}],"wp:attachment":[{"href":"https:\/\/api-colomiers.com\/api\/wp-json\/wp\/v2\/media?parent=217"}],"curies":[{"name":"wp","href":"https:\/\/api.w.org\/{rel}","templated":true}]}}