{"id":207,"date":"2021-12-13T21:18:59","date_gmt":"2021-12-13T21:18:59","guid":{"rendered":"https:\/\/api-colomiers.com\/api\/?page_id=207"},"modified":"2021-12-13T21:21:11","modified_gmt":"2021-12-13T21:21:11","slug":"simone-veil","status":"publish","type":"page","link":"https:\/\/api-colomiers.com\/api\/simone-veil\/","title":{"rendered":"Simone Veil"},"content":{"rendered":"\n<p>Chers Parents d&rsquo;\u00e9l\u00e8ves de l&rsquo;\u00e9cole \u00e9l\u00e9mentaire Simone Veil,<\/p>\n\n\n\n<p>vous souhaitez ouvrir une section API pour votre \u00e9cole, vous pouvez nous contacter par mail \u00e0 <a href=\"mailto:api.colomiers@gmail.com\">api.colomiers@gmail.com<\/a><\/p>\n\n\n\n<p>Nous nous ferons un plaisir de vous aider et vous guider au mieux pour la cr\u00e9ation et la vie de votre section.<\/p>\n\n\n\n<p><strong><span class=\"has-inline-color has-vivid-cyan-blue-color\">Les b\u00e9n\u00e9fices de l&rsquo;API Colomiers :\u00a0<br><\/span><\/strong>&#8211; mise \u00e0 disposition de guide\/outils pour la gestion de la section de parents d&rsquo;\u00e9l\u00e8ves de son \u00e9cole (site internet, compte en banque, assurance, bo\u00eete mails, liste de diffusion&#8230;)<br>&#8211; de bonnes pratiques \u00e0 partager et une exp\u00e9rience non n\u00e9gligeable fort de son r\u00e9seau d&rsquo;association de parents d&rsquo;\u00e9l\u00e8ves API dans les diff\u00e9rentes \u00e9coles de Colomiers<br>&#8211; une force de proposition pour porter des projets\/actions communes aux diff\u00e9rentes \u00e9coles aupr\u00e8s des diff\u00e9rentes institutions (Mairie, \u00e9ducation nationale,&#8230;)<\/p>\n\n\n\n<p>Nous sommes l\u00e0 pour vous, on vous attend ! <\/p>\n\n\n\n<figure class=\"wp-block-image size-full\"><a href=\"https:\/\/api-colomiers.com\/api\/wp-content\/uploads\/2021\/12\/ecole-main.jpg\"><img loading=\"lazy\" decoding=\"async\" width=\"512\" height=\"288\" src=\"https:\/\/api-colomiers.com\/api\/wp-content\/uploads\/2021\/12\/ecole-main.jpg\" alt=\"\" class=\"wp-image-208\" srcset=\"https:\/\/api-colomiers.com\/api\/wp-content\/uploads\/2021\/12\/ecole-main.jpg 512w, https:\/\/api-colomiers.com\/api\/wp-content\/uploads\/2021\/12\/ecole-main-300x169.jpg 300w\" sizes=\"(max-width: 512px) 100vw, 512px\" \/><\/a><\/figure>\n\n\n\n<p><\/p>\n","protected":false},"excerpt":{"rendered":"<p>Chers Parents d&rsquo;\u00e9l\u00e8ves de l&rsquo;\u00e9cole \u00e9l\u00e9mentaire Simone Veil, vous souhaitez ouvrir une section API pour votre \u00e9cole, vous pouvez nous contacter par mail \u00e0 api.colomiers@gmail.com Nous nous ferons un plaisir de vous aider et vous guider au mieux pour la<\/p>\n","protected":false},"author":1,"featured_media":0,"parent":0,"menu_order":0,"comment_status":"closed","ping_status":"closed","template":"","meta":{"footnotes":""},"class_list":["post-207","page","type-page","status-publish","hentry"],"_links":{"self":[{"href":"https:\/\/api-colomiers.com\/api\/wp-json\/wp\/v2\/pages\/207"}],"collection":[{"href":"https:\/\/api-colomiers.com\/api\/wp-json\/wp\/v2\/pages"}],"about":[{"href":"https:\/\/api-colomiers.com\/api\/wp-json\/wp\/v2\/types\/page"}],"author":[{"embeddable":true,"href":"https:\/\/api-colomiers.com\/api\/wp-json\/wp\/v2\/users\/1"}],"replies":[{"embeddable":true,"href":"https:\/\/api-colomiers.com\/api\/wp-json\/wp\/v2\/comments?post=207"}],"version-history":[{"count":0,"href":"https:\/\/api-colomiers.com\/api\/wp-json\/wp\/v2\/pages\/207\/revisions"}],"wp:attachment":[{"href":"https:\/\/api-colomiers.com\/api\/wp-json\/wp\/v2\/media?parent=207"}],"curies":[{"name":"wp","href":"https:\/\/api.w.org\/{rel}","templated":true}]}}