{"id":182,"date":"2020-09-17T21:37:11","date_gmt":"2020-09-17T21:37:11","guid":{"rendered":"http:\/\/api-colomiers.com\/api\/?page_id=182"},"modified":"2026-02-01T21:16:47","modified_gmt":"2026-02-01T21:16:47","slug":"statuts-reglement-interieur-de-lassociation","status":"publish","type":"page","link":"https:\/\/api-colomiers.com\/api\/statuts-reglement-interieur-de-lassociation\/","title":{"rendered":"Adh\u00e9sion, Statuts &#038; r\u00e8glement int\u00e9rieur de l&rsquo;association"},"content":{"rendered":"\n<figure class=\"wp-block-image size-large is-resized\"><a href=\"http:\/\/api-colomiers.com\/api\/wp-content\/uploads\/2026\/02\/Statuts-12112025-1.pdf\"><img loading=\"lazy\" decoding=\"async\" width=\"350\" height=\"379\" src=\"http:\/\/api-colomiers.com\/api\/wp-content\/uploads\/2020\/09\/image_statuts-API.png\" alt=\"\" class=\"wp-image-183\" style=\"width:202px;height:218px\" srcset=\"https:\/\/api-colomiers.com\/api\/wp-content\/uploads\/2020\/09\/image_statuts-API.png 350w, https:\/\/api-colomiers.com\/api\/wp-content\/uploads\/2020\/09\/image_statuts-API-277x300.png 277w\" sizes=\"(max-width: 350px) 100vw, 350px\" \/><\/a><figcaption class=\"wp-element-caption\"><a href=\"http:\/\/api-colomiers.com\/api\/wp-content\/uploads\/2026\/02\/Statuts-12112025-1.pdf\" target=\"_blank\" rel=\"noreferrer noopener\">Status de l&rsquo;association API Colomiers<\/a><\/figcaption><\/figure>\n\n\n\n<figure class=\"wp-block-image size-large is-resized\"><a href=\"http:\/\/api-colomiers.com\/api\/wp-content\/uploads\/2020\/09\/RI_API_Colomiers_2020.pdf\"><img loading=\"lazy\" decoding=\"async\" width=\"267\" height=\"189\" src=\"http:\/\/api-colomiers.com\/api\/wp-content\/uploads\/2020\/09\/RI_API.jpg\" alt=\"\" class=\"wp-image-184\" style=\"width:271px;height:192px\"\/><\/a><figcaption class=\"wp-element-caption\"><a href=\"http:\/\/api-colomiers.com\/api\/wp-content\/uploads\/2020\/09\/RI_API_Colomiers_2020.pdf\">R\u00e8glement int\u00e9rieur de l&rsquo;association API Colomiers<\/a><\/figcaption><\/figure>\n\n\n\n<p>L&rsquo;adh\u00e9sion se fait via le site Hello Asso, merci de nous contacter par mail \u00e0 api.colomiers@gmail.com ou de contacter directement la section API de votre \u00e9tablissement<\/p>\n","protected":false},"excerpt":{"rendered":"<p>L&rsquo;adh\u00e9sion se fait via le site Hello Asso, merci de nous contacter par mail \u00e0 api.colomiers@gmail.com ou de contacter directement la section API de votre \u00e9tablissement<\/p>\n","protected":false},"author":1,"featured_media":0,"parent":0,"menu_order":0,"comment_status":"closed","ping_status":"closed","template":"","meta":{"footnotes":""},"class_list":["post-182","page","type-page","status-publish","hentry"],"_links":{"self":[{"href":"https:\/\/api-colomiers.com\/api\/wp-json\/wp\/v2\/pages\/182"}],"collection":[{"href":"https:\/\/api-colomiers.com\/api\/wp-json\/wp\/v2\/pages"}],"about":[{"href":"https:\/\/api-colomiers.com\/api\/wp-json\/wp\/v2\/types\/page"}],"author":[{"embeddable":true,"href":"https:\/\/api-colomiers.com\/api\/wp-json\/wp\/v2\/users\/1"}],"replies":[{"embeddable":true,"href":"https:\/\/api-colomiers.com\/api\/wp-json\/wp\/v2\/comments?post=182"}],"version-history":[{"count":1,"href":"https:\/\/api-colomiers.com\/api\/wp-json\/wp\/v2\/pages\/182\/revisions"}],"predecessor-version":[{"id":284,"href":"https:\/\/api-colomiers.com\/api\/wp-json\/wp\/v2\/pages\/182\/revisions\/284"}],"wp:attachment":[{"href":"https:\/\/api-colomiers.com\/api\/wp-json\/wp\/v2\/media?parent=182"}],"curies":[{"name":"wp","href":"https:\/\/api.w.org\/{rel}","templated":true}]}}