{"id":10,"date":"2015-03-22T17:44:30","date_gmt":"2015-03-22T17:44:30","guid":{"rendered":"http:\/\/api-colomiers.com\/testapi\/?page_id=10"},"modified":"2015-07-06T18:43:52","modified_gmt":"2015-07-06T18:43:52","slug":"archives","status":"publish","type":"page","link":"https:\/\/api-colomiers.com\/api\/archives\/","title":{"rendered":"Archives"},"content":{"rendered":"<p style=\"text-align: justify;\">&#8211; Le 26 janvier 2015, Mme Clouscard a convoqu\u00e9 des repr\u00e9sentants de chaque groupe de parents d&rsquo;\u00e9l\u00e8ves pour leur pr\u00e9senter le budget \u00e0 venir. Une d\u00e9marche similaire a \u00e9t\u00e9 men\u00e9e aupr\u00e8s des directeurs et des membres du service. Cette r\u00e9union \u00e9tait demand\u00e9e par les d\u00e9l\u00e9gu\u00e9s PE depuis les conseils d&rsquo;\u00e9cole de novembre, suite \u00e0 l&rsquo;annonce de\u00a0 la suppression de la dotation \u00ab\u00a0transport\u00a0\u00bb, qui mettait en p\u00e9ril certaines coop\u00e9ratives scolaires, et au red\u00e9ploiement des ATSEM et \u00e9quipes d&rsquo;entretien. Voici les informations qui nous ont \u00e9t\u00e9 transmises. Bien que conscients des r\u00e9alit\u00e9s \u00e9conomiques nationales, nous avons d\u00e9plor\u00e9 fermement les restrictions budg\u00e9taires municipales qui affectent les \u00e9coles, et d\u00e9gradent les conditions d&rsquo;accueil et de scolarit\u00e9 des enfants.<\/p>\n<p style=\"text-align: justify;\"><a href=\"http:\/\/api-colomiers.com\/api\/wp-content\/uploads\/2015\/03\/CR-re\u0301u-politique-scolaire.pdf\">CR re\u0301u politique scolaire<\/a><\/p>\n<p style=\"text-align: justify;\">&#8211; Le 12 mai 2015, le service DEELE a r\u00e9pondu favorablement \u00e0 la demande r\u00e9currente des repr\u00e9sentants de PE de transmettre les conclusions de l&rsquo;audit men\u00e9 en 2013 sur 4 \u00e9coles colum\u00e9rines : En Jacca, Lamartine (mater et primaire), Jules Ferry (mater et primaire) et H\u00e9l\u00e8ne Boucher (mater et primaire). Voici un compte-rendu de cette r\u00e9union de pr\u00e9sentation.<\/p>\n<p style=\"text-align: justify;\"><a href=\"http:\/\/api-colomiers.com\/api\/wp-content\/uploads\/2015\/03\/PV-re\u0301union-audit.pdf\">PV re\u0301union audit<\/a><\/p>\n<p>&nbsp;<\/p>\n","protected":false},"excerpt":{"rendered":"<p>Vous trouverez ici divers documents (compte-rendu de r\u00e9unions, courriers&#8230;).<\/p>\n","protected":false},"author":1,"featured_media":20,"parent":0,"menu_order":0,"comment_status":"closed","ping_status":"closed","template":"","meta":{"footnotes":""},"class_list":["post-10","page","type-page","status-publish","has-post-thumbnail","hentry"],"_links":{"self":[{"href":"https:\/\/api-colomiers.com\/api\/wp-json\/wp\/v2\/pages\/10"}],"collection":[{"href":"https:\/\/api-colomiers.com\/api\/wp-json\/wp\/v2\/pages"}],"about":[{"href":"https:\/\/api-colomiers.com\/api\/wp-json\/wp\/v2\/types\/page"}],"author":[{"embeddable":true,"href":"https:\/\/api-colomiers.com\/api\/wp-json\/wp\/v2\/users\/1"}],"replies":[{"embeddable":true,"href":"https:\/\/api-colomiers.com\/api\/wp-json\/wp\/v2\/comments?post=10"}],"version-history":[{"count":0,"href":"https:\/\/api-colomiers.com\/api\/wp-json\/wp\/v2\/pages\/10\/revisions"}],"wp:featuredmedia":[{"embeddable":true,"href":"https:\/\/api-colomiers.com\/api\/wp-json\/wp\/v2\/media\/20"}],"wp:attachment":[{"href":"https:\/\/api-colomiers.com\/api\/wp-json\/wp\/v2\/media?parent=10"}],"curies":[{"name":"wp","href":"https:\/\/api.w.org\/{rel}","templated":true}]}}