{"id":591,"date":"2020-09-28T05:57:33","date_gmt":"2020-09-28T05:57:33","guid":{"rendered":"http:\/\/api-colomiers.com\/alainsavary\/?page_id=591"},"modified":"2024-11-13T09:57:20","modified_gmt":"2024-11-13T09:57:20","slug":"lassociation-des-parents-deleves-de-lecole-elementaire-alain-savary","status":"publish","type":"page","link":"https:\/\/api-colomiers.com\/alainsavary\/lassociation-des-parents-deleves-de-lecole-elementaire-alain-savary\/","title":{"rendered":"L\u2019association des parents d\u2019\u00e9l\u00e8ves de l\u2019\u00e9cole \u00e9l\u00e9mentaire Alain Savary"},"content":{"rendered":"\n<h4><span class=\"has-inline-color has-vivid-purple-color\"><strong>Qui sommes-nous&nbsp;?<\/strong>&nbsp;<\/span><\/h4>\n\n\n\n<ul><li>Nous sommes une \u00e9quipe dynamique et motiv\u00e9e qui propose de participer \u00e0 la vie de l&#8217;\u00e9cole, de faire le lien entre les enseignants, l\u2019ALAE, la municipalit\u00e9 et vous, les parents, afin de contribuer au bien-\u00eatre de tous les enfants au sein de l&#8217;\u00e9cole, et \u00e0 la compr\u00e9hension de son fonctionnement.<\/li><\/ul>\n\n\n\n<h4><strong><span class=\"has-inline-color has-vivid-red-color\">Quel r\u00f4le et quelles actions&nbsp;?<\/span><\/strong><\/h4>\n\n\n\n<ul><li><strong>Repr\u00e9senter <\/strong>les parents lors des conseils d&#8217;\u00e9cole (un par trimestre) : \u00eatre porte-parole des interrogations des parents quant au fonctionnement de l&#8217;\u00e9cole (hors contenu p\u00e9dagogique).<\/li><li><strong>Repr\u00e9senter et d\u00e9fendre <\/strong>l\u2019int\u00e9r\u00eat des \u00e9l\u00e8ves et de leurs parents aupr\u00e8s des instances municipales.<\/li><li><strong>Faciliter le dialogue en cas de probl\u00e8me ou de question : <\/strong>des repr\u00e9sentants de parents d\u2019\u00e9l\u00e8ves pr\u00e9sents dans presque chaque classe.<\/li><li><strong>Offrir <\/strong>un r\u00e9seau d&#8217;\u00e9coute, de dialogue et d&#8217;information aux parents d&#8217;\u00e9l\u00e8ves (site internet, page Facebook, affichage&#8230;).<\/li><li><strong>Proposer des actions <\/strong>pour permettre \u00e0 la coop\u00e9rative scolaire de recueillir des fonds destin\u00e9s \u00e0 financer les sorties et les voyages scolaires.<\/li><li><strong>Soutenir <\/strong>les projets et animations p\u00e9dagogiques pour assurer la meilleure scolarit\u00e9 \u00e0 nos enfants.<\/li><\/ul>\n\n\n\n<h4><strong><span class=\"has-inline-color has-vivid-green-cyan-color\">Nos priorit\u00e9s  :<\/span><\/strong><\/h4>\n\n\n\n<ul><li><strong>S&#8217;investir <\/strong>pour la s\u00e9curit\u00e9 des enfants (internes et externes \u00e0 l\u2019\u00e9cole).<\/li><li><strong>Demander <\/strong>le remplacement imm\u00e9diat des enseignantes en cas d&#8217;absence.<\/li><li><strong>Maintenir <\/strong>nos actions pour abonder la coop\u00e9rative scolaire.<\/li><li><strong>Communiquer\/diffuser <\/strong>en temps r\u00e9el des informations concernant l&#8217;\u00e9cole via notre page Facebook et notre site internet (horaires, compte-rendu des conseils d\u2019\u00e9cole, annonces sur l\u2019organisation des \u00e9v\u00e9nements ou dates \u00e0 venir).<\/li><\/ul>\n\n\n\n<h2 class=\"has-text-align-center\" id=\"block-5f3e460b-f7f8-4a2e-a725-5b6b1b42b366\"><strong>Pour mener \u00e0 bien nos actions, nous avons besoin de vous&nbsp;!<\/strong><\/h2>\n\n\n\n<p id=\"block-ec12a74a-32aa-4658-a7ba-823c0a188a9a\"><em>N&#8217;h\u00e9sitez pas \u00e0 nous contacter pour toute question ou information&nbsp;:<\/em><\/p>\n\n\n\n<p id=\"block-71f3fc7e-3f10-40dc-8669-49e4c3f4d188\"><strong>E-mail : <\/strong><a href=\"mailto:elementaire.savary@gmail.com\">elementaire.savary@gmail.com<\/a><\/p>\n\n\n\n<p id=\"block-d6b65bee-2500-4062-bbc2-7bcc2b4f0aee\"><strong>Site Internet&nbsp;:<\/strong> <a href=\"https:\/\/api-colomiers.com\/alainsavary\/\">https:\/\/api-colomiers.com\/alainsavary\/<\/a><\/p>\n\n\n\n<p id=\"block-4401754f-b7ca-40aa-9dcf-750b3f52b9c1\"><strong>Page Facebook&nbsp;: <\/strong><a rel=\"noreferrer noopener\" href=\"https:\/\/www.facebook.com\/Page-des-parents-d%C3%A9l%C3%A8ves-des-%C3%A9coles-Alain-Savary-Colomiers-117972733368696\/?hc_ref=ARQhOTftEJR93I9ElFSK_JGf7i0QsCGmSw0Aq7e5SOTF8Smc_J2ePKPBADoVXdU9Ohw&amp;fref=nf\" target=\"_blank\">Parents d\u2019\u00e9l\u00e8ves des \u00e9coles Alain Savary Colomiers<\/a><\/p>\n\n\n\n<figure class=\"wp-block-image size-large\"><a href=\"https:\/\/api-colomiers.com\/alainsavary\/wp-content\/uploads\/2024\/11\/Trombinoscope_2024-2025.png\"><img loading=\"lazy\" width=\"1024\" height=\"772\" src=\"https:\/\/api-colomiers.com\/alainsavary\/wp-content\/uploads\/2024\/11\/Trombinoscope_2024-2025-1024x772.png\" alt=\"\" class=\"wp-image-1164\" srcset=\"https:\/\/api-colomiers.com\/alainsavary\/wp-content\/uploads\/2024\/11\/Trombinoscope_2024-2025-1024x772.png 1024w, https:\/\/api-colomiers.com\/alainsavary\/wp-content\/uploads\/2024\/11\/Trombinoscope_2024-2025-300x226.png 300w, https:\/\/api-colomiers.com\/alainsavary\/wp-content\/uploads\/2024\/11\/Trombinoscope_2024-2025-768x579.png 768w, https:\/\/api-colomiers.com\/alainsavary\/wp-content\/uploads\/2024\/11\/Trombinoscope_2024-2025.png 1057w\" sizes=\"(max-width: 1024px) 100vw, 1024px\" \/><\/a><\/figure>\n","protected":false},"excerpt":{"rendered":"<p>Qui sommes-nous&nbsp;?&nbsp; Nous sommes une \u00e9quipe dynamique et motiv\u00e9e qui propose de participer \u00e0 la vie de l&#8217;\u00e9cole, de faire le lien entre les enseignants, l\u2019ALAE, la municipalit\u00e9 et vous, les parents, afin de contribuer au bien-\u00eatre de tous les<\/p>\n","protected":false},"author":1,"featured_media":0,"parent":0,"menu_order":0,"comment_status":"closed","ping_status":"closed","template":"","meta":[],"_links":{"self":[{"href":"https:\/\/api-colomiers.com\/alainsavary\/wp-json\/wp\/v2\/pages\/591"}],"collection":[{"href":"https:\/\/api-colomiers.com\/alainsavary\/wp-json\/wp\/v2\/pages"}],"about":[{"href":"https:\/\/api-colomiers.com\/alainsavary\/wp-json\/wp\/v2\/types\/page"}],"author":[{"embeddable":true,"href":"https:\/\/api-colomiers.com\/alainsavary\/wp-json\/wp\/v2\/users\/1"}],"replies":[{"embeddable":true,"href":"https:\/\/api-colomiers.com\/alainsavary\/wp-json\/wp\/v2\/comments?post=591"}],"version-history":[{"count":4,"href":"https:\/\/api-colomiers.com\/alainsavary\/wp-json\/wp\/v2\/pages\/591\/revisions"}],"predecessor-version":[{"id":1165,"href":"https:\/\/api-colomiers.com\/alainsavary\/wp-json\/wp\/v2\/pages\/591\/revisions\/1165"}],"wp:attachment":[{"href":"https:\/\/api-colomiers.com\/alainsavary\/wp-json\/wp\/v2\/media?parent=591"}],"curies":[{"name":"wp","href":"https:\/\/api.w.org\/{rel}","templated":true}]}}