{"id":114,"date":"2015-12-05T00:50:08","date_gmt":"2015-12-05T00:50:08","guid":{"rendered":"http:\/\/api-colomiers.com\/alainsavary\/?page_id=114"},"modified":"2023-09-11T22:00:00","modified_gmt":"2023-09-11T22:00:00","slug":"contact","status":"publish","type":"page","link":"https:\/\/api-colomiers.com\/alainsavary\/contact\/","title":{"rendered":"Contact"},"content":{"rendered":"<p>Pour toutes questions, remarques ou suggestions, vous pouvez nous contacter \u00e0 :<\/p>\n<ul>\n<li><a href=\"mailto:elementaire.savary@gmail.com\">elementaire.savary@gmail.com<\/a> pour l&#8217;\u00e9l\u00e9mentaire<\/li>\n<li><a href=\"mailto:parentsdeleves.maternelle.savary@gmail.com\">parentsdeleves.maternelle.savary@gmail.com<\/a> pour la maternelle<\/li>\n<\/ul>\n<p>Vous pouvez aussi consulter notre page facebook : <strong><em><a href=\"https:\/\/www.facebook.com\/Page-des-parents-d%C3%A9l%C3%A8ves-des-%C3%A9coles-Alain-Savary-Colomiers-117972733368696\/?hc_ref=ARQhOTftEJR93I9ElFSK_JGf7i0QsCGmSw0Aq7e5SOTF8Smc_J2ePKPBADoVXdU9Ohw&amp;fref=nf&amp;__tn__=kC-R\" data-type=\"URL\" data-id=\"https:\/\/www.facebook.com\/Page-des-parents-d%C3%A9l%C3%A8ves-des-%C3%A9coles-Alain-Savary-Colomiers-117972733368696\/?hc_ref=ARQhOTftEJR93I9ElFSK_JGf7i0QsCGmSw0Aq7e5SOTF8Smc_J2ePKPBADoVXdU9Ohw&amp;fref=nf&amp;__tn__=kC-R\" data-rich-text-format-boundary=\"true\">Parents d\u2019\u00e9l\u00e8ves des \u00e9coles Alain Savary Colomiers<\/a><\/em><\/strong><\/p>\n<p><strong>Les repr\u00e9sentants des parents d&#8217;\u00e9l\u00e8ves de l&#8217;\u00e9cole Alain Savary<\/strong><\/p>\n\n\n<p><\/p>\n","protected":false},"excerpt":{"rendered":"<p>Pour toutes questions, remarques ou suggestions, vous pouvez nous contacter \u00e0 : elementaire.savary@gmail.com pour l&#8217;\u00e9l\u00e9mentaire parentsdeleves.maternelle.savary@gmail.com pour la maternelle Vous pouvez aussi consulter notre page facebook : Parents d\u2019\u00e9l\u00e8ves des \u00e9coles Alain Savary Colomiers Les repr\u00e9sentants des parents d&#8217;\u00e9l\u00e8ves de<\/p>\n","protected":false},"author":1,"featured_media":0,"parent":0,"menu_order":0,"comment_status":"closed","ping_status":"closed","template":"","meta":[],"_links":{"self":[{"href":"https:\/\/api-colomiers.com\/alainsavary\/wp-json\/wp\/v2\/pages\/114"}],"collection":[{"href":"https:\/\/api-colomiers.com\/alainsavary\/wp-json\/wp\/v2\/pages"}],"about":[{"href":"https:\/\/api-colomiers.com\/alainsavary\/wp-json\/wp\/v2\/types\/page"}],"author":[{"embeddable":true,"href":"https:\/\/api-colomiers.com\/alainsavary\/wp-json\/wp\/v2\/users\/1"}],"replies":[{"embeddable":true,"href":"https:\/\/api-colomiers.com\/alainsavary\/wp-json\/wp\/v2\/comments?post=114"}],"version-history":[{"count":2,"href":"https:\/\/api-colomiers.com\/alainsavary\/wp-json\/wp\/v2\/pages\/114\/revisions"}],"predecessor-version":[{"id":1005,"href":"https:\/\/api-colomiers.com\/alainsavary\/wp-json\/wp\/v2\/pages\/114\/revisions\/1005"}],"wp:attachment":[{"href":"https:\/\/api-colomiers.com\/alainsavary\/wp-json\/wp\/v2\/media?parent=114"}],"curies":[{"name":"wp","href":"https:\/\/api.w.org\/{rel}","templated":true}]}}