{"id":1007,"date":"2023-09-15T13:17:48","date_gmt":"2023-09-15T13:17:48","guid":{"rendered":"https:\/\/api-colomiers.com\/alainsavary\/?page_id=1007"},"modified":"2024-09-24T19:29:22","modified_gmt":"2024-09-24T19:29:22","slug":"alae-ecole-alain-savary-elementaire","status":"publish","type":"page","link":"https:\/\/api-colomiers.com\/alainsavary\/alae-ecole-alain-savary-elementaire\/","title":{"rendered":"ALAE (\u00e9l\u00e9mentaire)"},"content":{"rendered":"\n<h2 class=\"has-vivid-cyan-blue-color has-text-color has-medium-font-size\">Pr\u00e9sentation<\/h2>\n\n\n\n<p>Les ALAE(Accueil de loisirs associ\u00e9 \u00e0 l&#8217;\u00e9cole) de la Ville de Colomiers proposent \u00e0 chaque enfant scolaris\u00e9 en maternelle et \u00e9l\u00e9mentaire un parcours \u00e9ducatif et des loisirs adapt\u00e9s au rythme et aux besoins de chacun. Ces animations s&#8217;inscrivent dans le cadre du Pedt (Projet EDucatif Territorial).<\/p>\n\n\n\n<p><strong>L&#8217;ALAE Alain Savary \u00e9l\u00e9mentaire <\/strong>vous pr\u00e9sente toutes les informations importantes pour la prochaine ann\u00e9e scolaire dans le livret famille \u00e0 t\u00e9l\u00e9charger ci-dessous. Vous y retrouverez les projets, l&#8217;organisation mise en place, les horaires, les contacts&#8230;<\/p>\n\n\n\n<div class=\"wp-block-file\"><a href=\"https:\/\/api-colomiers.com\/alainsavary\/wp-content\/uploads\/2024\/09\/livret-familles-2024-2025-Site.pdf\">Livret familles 2024-2025<\/a><a href=\"https:\/\/api-colomiers.com\/alainsavary\/wp-content\/uploads\/2024\/09\/livret-familles-2024-2025-Site.pdf\" class=\"wp-block-file__button\" download>T\u00e9l\u00e9charger<\/a><\/div>\n\n\n\n<h2 class=\"has-vivid-cyan-blue-color has-text-color has-medium-font-size\">Horaires<\/h2>\n\n\n\n<p>Les lundis, mardis, jeudis et vendredis : 7h30 &#8211; 8h20, 11h30 &#8211; 13h40 et 16h &#8211; 18h30<\/p>\n\n\n\n<p>Les mercredis : 7h30 &#8211; 8h20 et garderie de 11h10 \u00e0 12h30<\/p>\n\n\n\n<p class=\"has-vivid-cyan-blue-color has-text-color has-medium-font-size\"> L&#8217;\u00e9quipe permanente<\/p>\n\n\n\n<figure class=\"wp-block-image size-large\"><a href=\"https:\/\/api-colomiers.com\/alainsavary\/wp-content\/uploads\/2024\/09\/EquipeALAE_AS_2024-2025.png\"><img loading=\"lazy\" width=\"1024\" height=\"319\" src=\"https:\/\/api-colomiers.com\/alainsavary\/wp-content\/uploads\/2024\/09\/EquipeALAE_AS_2024-2025-1024x319.png\" alt=\"\" class=\"wp-image-1151\" srcset=\"https:\/\/api-colomiers.com\/alainsavary\/wp-content\/uploads\/2024\/09\/EquipeALAE_AS_2024-2025-1024x319.png 1024w, https:\/\/api-colomiers.com\/alainsavary\/wp-content\/uploads\/2024\/09\/EquipeALAE_AS_2024-2025-300x94.png 300w, https:\/\/api-colomiers.com\/alainsavary\/wp-content\/uploads\/2024\/09\/EquipeALAE_AS_2024-2025-768x239.png 768w, https:\/\/api-colomiers.com\/alainsavary\/wp-content\/uploads\/2024\/09\/EquipeALAE_AS_2024-2025-1536x479.png 1536w, https:\/\/api-colomiers.com\/alainsavary\/wp-content\/uploads\/2024\/09\/EquipeALAE_AS_2024-2025.png 1787w\" sizes=\"(max-width: 1024px) 100vw, 1024px\" \/><\/a><\/figure>\n\n\n\n<p class=\"has-vivid-cyan-blue-color has-text-color has-medium-font-size\">Contact<\/p>\n\n\n\n<p>ALAE Alain Savary (El\u00e9mentaire)<\/p>\n\n\n\n<p>16 all\u00e9e du Morbihan 31770 Colomiers<\/p>\n\n\n\n<p>T\u00e9l. : 05 61 63 50 24<\/p>\n\n\n\n<p>Mail : <a href=\"AlainSavaryElementaire.ALAE@mairie-colomiers.fr\">AlainSavaryElementaire.ALAE@mairie-colomiers.fr<\/a><\/p>\n\n\n\n<p>Pour les inscriptions : <a href=\"https:\/\/portailfamille-colomiers.ciril.net\/guard\/login\" data-type=\"URL\" data-id=\"https:\/\/portailfamille-colomiers.ciril.net\/guard\/login\" target=\"_blank\" rel=\"noreferrer noopener\">https:\/\/portailfamille-colomiers.ciril.net\/<\/a><\/p>\n\n\n\n<p class=\"has-vivid-cyan-blue-color has-text-color has-medium-font-size\">Documents utiles<\/p>\n\n\n\n<div class=\"wp-block-columns\">\n<div class=\"wp-block-column\" style=\"flex-basis:100%\">\n<div class=\"wp-block-columns\">\n<div class=\"wp-block-column\">\n<figure class=\"wp-block-image size-full\"><a href=\"https:\/\/api-colomiers.com\/alainsavary\/wp-content\/uploads\/2024\/09\/2024-2025-Modifications-ALAE.png\"><img loading=\"lazy\" width=\"583\" height=\"826\" src=\"https:\/\/api-colomiers.com\/alainsavary\/wp-content\/uploads\/2024\/09\/2024-2025-Modifications-ALAE.png\" alt=\"\" class=\"wp-image-1118\" srcset=\"https:\/\/api-colomiers.com\/alainsavary\/wp-content\/uploads\/2024\/09\/2024-2025-Modifications-ALAE.png 583w, https:\/\/api-colomiers.com\/alainsavary\/wp-content\/uploads\/2024\/09\/2024-2025-Modifications-ALAE-212x300.png 212w\" sizes=\"(max-width: 583px) 100vw, 583px\" \/><\/a><\/figure>\n\n\n\n<div class=\"wp-block-file\"><a href=\"https:\/\/api-colomiers.com\/alainsavary\/wp-content\/uploads\/2023\/09\/2023-2024-Calendrier-Modification-Alae.pdf\">2023-2024-Calendrier-Modification-Alae<\/a><a href=\"https:\/\/api-colomiers.com\/alainsavary\/wp-content\/uploads\/2023\/09\/2023-2024-Calendrier-Modification-Alae.pdf\" class=\"wp-block-file__button\" download>T\u00e9l\u00e9charger<\/a><\/div>\n<\/div>\n\n\n\n<div class=\"wp-block-column\">\n<figure class=\"wp-block-image size-full\"><a href=\"https:\/\/api-colomiers.com\/alainsavary\/wp-content\/uploads\/2024\/09\/2024-2025-Calendrier-Reservations-Centre-de-Loisirs-VACANCES.png\"><img loading=\"lazy\" width=\"580\" height=\"825\" src=\"https:\/\/api-colomiers.com\/alainsavary\/wp-content\/uploads\/2024\/09\/2024-2025-Calendrier-Reservations-Centre-de-Loisirs-VACANCES.png\" alt=\"\" class=\"wp-image-1120\" srcset=\"https:\/\/api-colomiers.com\/alainsavary\/wp-content\/uploads\/2024\/09\/2024-2025-Calendrier-Reservations-Centre-de-Loisirs-VACANCES.png 580w, https:\/\/api-colomiers.com\/alainsavary\/wp-content\/uploads\/2024\/09\/2024-2025-Calendrier-Reservations-Centre-de-Loisirs-VACANCES-211x300.png 211w\" sizes=\"(max-width: 580px) 100vw, 580px\" \/><\/a><\/figure>\n\n\n\n<div class=\"wp-block-file\"><a href=\"https:\/\/api-colomiers.com\/alainsavary\/wp-content\/uploads\/2023\/09\/2023-2024-Calendrier-reservations-C.Loisirs-Vacances.pdf\">2023-2024-Calendrier-reservations-C.Loisirs-Vacances<\/a><a href=\"https:\/\/api-colomiers.com\/alainsavary\/wp-content\/uploads\/2023\/09\/2023-2024-Calendrier-reservations-C.Loisirs-Vacances.pdf\" class=\"wp-block-file__button\" download>T\u00e9l\u00e9charger<\/a><\/div>\n<\/div>\n<\/div>\n<\/div>\n<\/div>\n","protected":false},"excerpt":{"rendered":"<p>Pr\u00e9sentation Les ALAE(Accueil de loisirs associ\u00e9 \u00e0 l&#8217;\u00e9cole) de la Ville de Colomiers proposent \u00e0 chaque enfant scolaris\u00e9 en maternelle et \u00e9l\u00e9mentaire un parcours \u00e9ducatif et des loisirs adapt\u00e9s au rythme et aux besoins de chacun. Ces animations s&#8217;inscrivent dans<\/p>\n","protected":false},"author":1,"featured_media":0,"parent":0,"menu_order":0,"comment_status":"closed","ping_status":"closed","template":"","meta":[],"_links":{"self":[{"href":"https:\/\/api-colomiers.com\/alainsavary\/wp-json\/wp\/v2\/pages\/1007"}],"collection":[{"href":"https:\/\/api-colomiers.com\/alainsavary\/wp-json\/wp\/v2\/pages"}],"about":[{"href":"https:\/\/api-colomiers.com\/alainsavary\/wp-json\/wp\/v2\/types\/page"}],"author":[{"embeddable":true,"href":"https:\/\/api-colomiers.com\/alainsavary\/wp-json\/wp\/v2\/users\/1"}],"replies":[{"embeddable":true,"href":"https:\/\/api-colomiers.com\/alainsavary\/wp-json\/wp\/v2\/comments?post=1007"}],"version-history":[{"count":10,"href":"https:\/\/api-colomiers.com\/alainsavary\/wp-json\/wp\/v2\/pages\/1007\/revisions"}],"predecessor-version":[{"id":1152,"href":"https:\/\/api-colomiers.com\/alainsavary\/wp-json\/wp\/v2\/pages\/1007\/revisions\/1152"}],"wp:attachment":[{"href":"https:\/\/api-colomiers.com\/alainsavary\/wp-json\/wp\/v2\/media?parent=1007"}],"curies":[{"name":"wp","href":"https:\/\/api.w.org\/{rel}","templated":true}]}}