{"id":122,"date":"2016-11-30T10:30:29","date_gmt":"2016-11-30T10:30:29","guid":{"rendered":"http:\/\/api-colomiers.com\/api\/?page_id=122"},"modified":"2017-01-02T20:50:59","modified_gmt":"2017-01-02T20:50:59","slug":"sondage","status":"publish","type":"page","link":"http:\/\/api-colomiers.com\/api\/sondage\/","title":{"rendered":"Questionnaire"},"content":{"rendered":"<p>Ce sondage est termin\u00e9. Les r\u00e9sultats seront publi\u00e9s sur les blogs des \u00e9coles.<\/p>\n<p>L&rsquo;\u00e9quipe API<\/p>\n","protected":false},"excerpt":{"rendered":"<p>Ce sondage est termin\u00e9. Les r\u00e9sultats seront publi\u00e9s sur les blogs des \u00e9coles. L&rsquo;\u00e9quipe API<\/p>\n","protected":false},"author":1,"featured_media":0,"parent":0,"menu_order":0,"comment_status":"closed","ping_status":"closed","template":"","meta":{"footnotes":""},"class_list":["post-122","page","type-page","status-publish","hentry"],"_links":{"self":[{"href":"http:\/\/api-colomiers.com\/api\/wp-json\/wp\/v2\/pages\/122"}],"collection":[{"href":"http:\/\/api-colomiers.com\/api\/wp-json\/wp\/v2\/pages"}],"about":[{"href":"http:\/\/api-colomiers.com\/api\/wp-json\/wp\/v2\/types\/page"}],"author":[{"embeddable":true,"href":"http:\/\/api-colomiers.com\/api\/wp-json\/wp\/v2\/users\/1"}],"replies":[{"embeddable":true,"href":"http:\/\/api-colomiers.com\/api\/wp-json\/wp\/v2\/comments?post=122"}],"version-history":[{"count":0,"href":"http:\/\/api-colomiers.com\/api\/wp-json\/wp\/v2\/pages\/122\/revisions"}],"wp:attachment":[{"href":"http:\/\/api-colomiers.com\/api\/wp-json\/wp\/v2\/media?parent=122"}],"curies":[{"name":"wp","href":"https:\/\/api.w.org\/{rel}","templated":true}]}}